{"id":7023,"date":"2024-06-07T16:49:25","date_gmt":"2024-06-07T14:49:25","guid":{"rendered":"https:\/\/tera-environnement.com\/formulaire-dexpedition\/"},"modified":"2024-09-26T10:45:02","modified_gmt":"2024-09-26T08:45:02","slug":"formulario-de-envio","status":"publish","type":"page","link":"https:\/\/tera-environnement.com\/es\/formulario-de-envio\/","title":{"rendered":"Formulario de env\u00edo"},"content":{"rendered":"\t\t<div data-elementor-type=\"wp-page\" data-elementor-id=\"7023\" class=\"elementor elementor-7023\" data-elementor-post-type=\"page\">\n\t\t\t\t<div class=\"elementor-element elementor-element-717775f e-flex e-con-boxed e-con e-parent\" data-id=\"717775f\" data-element_type=\"container\" data-e-type=\"container\">\n\t\t\t\t\t<div class=\"e-con-inner\">\n\t\t\t\t<div class=\"elementor-element elementor-element-1243d92 elementor-widget elementor-widget-heading\" data-id=\"1243d92\" data-element_type=\"widget\" data-e-type=\"widget\" data-widget_type=\"heading.default\">\n\t\t\t\t<div class=\"elementor-widget-container\">\n\t\t\t\t\t<h2 class=\"elementor-heading-title elementor-size-default\">Solicitud de env\u00edos de equipos y\/o muestreadores<\/h2>\t\t\t\t<\/div>\n\t\t\t\t<\/div>\n\t\t\t\t\t<\/div>\n\t\t\t\t<\/div>\n\t\t<div class=\"elementor-element elementor-element-f6587ff e-flex e-con-boxed e-con e-parent\" data-id=\"f6587ff\" data-element_type=\"container\" data-e-type=\"container\">\n\t\t\t\t\t<div class=\"e-con-inner\">\n\t\t\t\t<div class=\"elementor-element elementor-element-03c6766 elementor-widget elementor-widget-text-editor\" data-id=\"03c6766\" data-element_type=\"widget\" data-e-type=\"widget\" data-widget_type=\"text-editor.default\">\n\t\t\t\t<div class=\"elementor-widget-container\">\n\t\t\t\t\t\t\t\t\t<p>[Formulario por rellenar]<\/p>\t\t\t\t\t\t\t\t<\/div>\n\t\t\t\t<\/div>\n\t\t\t\t\t<\/div>\n\t\t\t\t<\/div>\n\t\t<div class=\"elementor-element elementor-element-fbcb14a e-con-full e-flex e-con e-parent\" data-id=\"fbcb14a\" data-element_type=\"container\" data-e-type=\"container\">\n\t\t\t\t<div class=\"elementor-element elementor-element-6c8fe86 elementor-widget elementor-widget-shortcode\" data-id=\"6c8fe86\" data-element_type=\"widget\" data-e-type=\"widget\" data-widget_type=\"shortcode.default\">\n\t\t\t\t<div class=\"elementor-widget-container\">\n\t\t\t\t\t\t\t<div class=\"elementor-shortcode\">\n<div class=\"wpcf7 no-js\" id=\"wpcf7-f8440-o1\" lang=\"en-US\" dir=\"ltr\" data-wpcf7-id=\"8440\">\n<div class=\"screen-reader-response\"><p role=\"status\" aria-live=\"polite\" aria-atomic=\"true\"><\/p> <ul><\/ul><\/div>\n<form action=\"\/es\/wp-json\/wp\/v2\/pages\/7023#wpcf7-f8440-o1\" method=\"post\" class=\"wpcf7-form init\" aria-label=\"Contact form\" novalidate=\"novalidate\" data-status=\"init\">\n<fieldset class=\"hidden-fields-container\"><input type=\"hidden\" name=\"_wpcf7\" value=\"8440\" \/><input type=\"hidden\" name=\"_wpcf7_version\" value=\"6.1.5\" \/><input type=\"hidden\" name=\"_wpcf7_locale\" value=\"en_US\" \/><input type=\"hidden\" name=\"_wpcf7_unit_tag\" value=\"wpcf7-f8440-o1\" \/><input type=\"hidden\" name=\"_wpcf7_container_post\" value=\"0\" \/><input type=\"hidden\" name=\"_wpcf7_posted_data_hash\" value=\"\" \/><input type=\"hidden\" name=\"_wpcf7_recaptcha_response\" value=\"\" \/>\n<\/fieldset>\n<p><label style=\"color:#48A3B9; font-weight:600;\"> Correo electr\u00f3nico \/ Mail<br \/>\n<span class=\"wpcf7-form-control-wrap\" data-name=\"your-email\"><input size=\"40\" maxlength=\"400\" class=\"wpcf7-form-control wpcf7-email wpcf7-validates-as-required wpcf7-text wpcf7-validates-as-email\" aria-required=\"true\" aria-invalid=\"false\" placeholder=\"Mail\" value=\"\" type=\"email\" name=\"your-email\" \/><\/span><br \/>\n<\/label>\n<\/p>\n<p><label style=\"color:#48A3B9; font-weight:600;\"> Empresa<br \/>\n<span class=\"wpcf7-form-control-wrap\" data-name=\"company\"><input size=\"40\" maxlength=\"400\" class=\"wpcf7-form-control wpcf7-text wpcf7-validates-as-required\" aria-required=\"true\" aria-invalid=\"false\" placeholder=\"Empresa\" value=\"\" type=\"text\" name=\"company\" \/><\/span><br \/>\n<\/label>\n<\/p>\n<p><label style=\"color:#48A3B9; font-weight:600;\"> Referencia presupuesto<br \/>\n<span class=\"wpcf7-form-control-wrap\" data-name=\"your-subject\"><input size=\"40\" maxlength=\"400\" class=\"wpcf7-form-control wpcf7-text wpcf7-validates-as-required\" aria-required=\"true\" aria-invalid=\"false\" placeholder=\"Referencia presupuesto\" value=\"\" type=\"text\" name=\"your-subject\" \/><\/span><br \/>\n<\/label>\n<\/p>\n<p><label style=\"color:#48A3B9; font-weight:600;\"> Nombre \/ N\u00famero proyecto<br \/>\n<span class=\"wpcf7-form-control-wrap\" data-name=\"text-468\"><input size=\"40\" maxlength=\"400\" class=\"wpcf7-form-control wpcf7-text\" aria-invalid=\"false\" placeholder=\"Nombre \/ N\u00famero proyecto\" value=\"\" type=\"text\" name=\"text-468\" \/><\/span><br \/>\n<\/label>\n<\/p>\n<p><label style=\"color:#48A3B9; font-weight:600;\">Fecha de env\u00edo<br \/>\n<span class=\"wpcf7-form-control-wrap\" data-name=\"date-688\"><input class=\"wpcf7-form-control wpcf7-date wpcf7-validates-as-required wpcf7-validates-as-date\" aria-required=\"true\" aria-invalid=\"false\" placeholder=\"Fecha de env\u00edo\" value=\"\" type=\"date\" name=\"date-688\" \/><\/span><br \/>\n<\/label>\n<\/p>\n<p><label style=\"color:#48A3B9; font-weight:600;\">Nombre del destinatario<br \/>\n<span class=\"wpcf7-form-control-wrap\" data-name=\"first-name\"><input size=\"40\" maxlength=\"400\" class=\"wpcf7-form-control wpcf7-text wpcf7-validates-as-required\" aria-required=\"true\" aria-invalid=\"false\" placeholder=\"Nombre del destinatario\" value=\"\" type=\"text\" name=\"first-name\" \/><\/span><br \/>\n<\/label>\n<\/p>\n<p><label style=\"color:#48A3B9; font-weight:600;\">APELLIDO(S) del destinatario<br \/>\n<span class=\"wpcf7-form-control-wrap\" data-name=\"your-name\"><input size=\"40\" maxlength=\"400\" class=\"wpcf7-form-control wpcf7-text wpcf7-validates-as-required\" aria-required=\"true\" aria-invalid=\"false\" placeholder=\"APELLIDO(S) del destinatario\" value=\"\" type=\"text\" name=\"your-name\" \/><\/span><br \/>\n<\/label>\n<\/p>\n<p><label style=\"color:#48A3B9; font-weight:600;\">N\u00famero de tel\u00e9fono del destinatario<br \/>\n<span class=\"wpcf7-form-control-wrap\" data-name=\"tel-245\"><input size=\"40\" maxlength=\"400\" class=\"wpcf7-form-control wpcf7-tel wpcf7-validates-as-required wpcf7-text wpcf7-validates-as-tel\" aria-required=\"true\" aria-invalid=\"false\" placeholder=\"Tel\u00e9fono\" value=\"\" type=\"tel\" name=\"tel-245\" \/><\/span><br \/>\n<\/label>\n<\/p>\n<p><label style=\"color:#48A3B9; font-weight:600;\">Correo electr\u00f3nico del destinatario<br \/>\n<span class=\"wpcf7-form-control-wrap\" data-name=\"email-300\"><input size=\"40\" maxlength=\"400\" class=\"wpcf7-form-control wpcf7-email wpcf7-validates-as-required wpcf7-text wpcf7-validates-as-email\" aria-required=\"true\" aria-invalid=\"false\" placeholder=\"Mail\" value=\"\" type=\"email\" name=\"email-300\" \/><\/span><br \/>\n<\/label>\n<\/p>\n<p><label style=\"color:#48A3B9; font-weight:600;\">Direcci\u00f3n de env\u00edo<br \/>\n<span class=\"wpcf7-form-control-wrap\" data-name=\"textarea-629\"><textarea cols=\"40\" rows=\"10\" maxlength=\"2000\" class=\"wpcf7-form-control wpcf7-textarea wpcf7-validates-as-required\" aria-required=\"true\" aria-invalid=\"false\" placeholder=\"Direcci\u00f3n de env\u00edo\" name=\"textarea-629\"><\/textarea><\/span><br \/>\n<\/label>\n<\/p>\n<p><label style=\"color:#48A3B9; font-weight:600;\">\u00bfLos equipos \/ soportes de muestreo a enviar corresponden EXACTAMENTE a los previstos en el presupuesto?<br \/>\n<span class=\"wpcf7-form-control-wrap\" data-name=\"radio-231\"><span class=\"wpcf7-form-control wpcf7-radio\"><span class=\"wpcf7-list-item first\"><label><input type=\"radio\" name=\"radio-231\" value=\"Si\" checked=\"checked\" \/><span class=\"wpcf7-list-item-label\">Si<\/span><\/label><\/span><span class=\"wpcf7-list-item last\"><label><input type=\"radio\" name=\"radio-231\" value=\"No\" \/><span class=\"wpcf7-list-item-label\">No<\/span><\/label><\/span><\/span><\/span><br \/>\n<\/label>\n<\/p>\n<p><label style=\"color:#48A3B9; font-weight:600;\">Si hubiese respondido NO a la pregunta anterior, por favor especifique a continuaci\u00f3n los equipos\/medios de muestreo que necesita:<br \/>\n&nbsp;<br \/>\n(Para las bombas de muestreo, especifique si son de 50-200 mL\/min o de 0,5-3 L\/min y para los veriflow el tipo requerido 2-3h, 8h, 24h)<br \/>\n<span class=\"wpcf7-form-control-wrap\" data-name=\"textarea-476\"><textarea cols=\"40\" rows=\"10\" maxlength=\"2000\" class=\"wpcf7-form-control wpcf7-textarea\" aria-invalid=\"false\" name=\"textarea-476\"><\/textarea><\/span><br \/>\n<\/label>\n<\/p>\n<p><label style=\"color:#48A3B9; font-weight:600;\">Observaciones o comentarios:<br \/>\n<span class=\"wpcf7-form-control-wrap\" data-name=\"textarea-290\"><textarea cols=\"40\" rows=\"10\" maxlength=\"2000\" class=\"wpcf7-form-control wpcf7-textarea\" aria-invalid=\"false\" name=\"textarea-290\"><\/textarea><\/span><br \/>\n<\/label>\n<\/p>\n<p><input class=\"wpcf7-form-control wpcf7-submit has-spinner\" type=\"submit\" value=\"ENVIAR\" \/>\n<\/p><div class=\"wpcf7-response-output\" aria-hidden=\"true\"><\/div>\n<\/form>\n<\/div>\n<\/div>\n\t\t\t\t\t\t<\/div>\n\t\t\t\t<\/div>\n\t\t\t\t<\/div>\n\t\t\t\t<\/div>\n\t\t","protected":false},"excerpt":{"rendered":"<p>Solicitud de env\u00edos de equipos y\/o muestreadores [Formulario por rellenar]<\/p>\n","protected":false},"author":2,"featured_media":0,"parent":0,"menu_order":0,"comment_status":"closed","ping_status":"closed","template":"","meta":{"_acf_changed":false,"footnotes":""},"class_list":["post-7023","page","type-page","status-publish","hentry"],"acf":[],"yoast_head":"<!-- This site is optimized with the Yoast SEO plugin v27.4 - https:\/\/yoast.com\/product\/yoast-seo-wordpress\/ -->\n<title>Formulario de env\u00edo para an\u00e1lisis de contaminantes qu\u00edmicos.<\/title>\n<meta name=\"description\" content=\"Complete nuestro formulario para env\u00edos de material y muestreadores\" \/>\n<meta name=\"robots\" content=\"index, follow, max-snippet:-1, max-image-preview:large, max-video-preview:-1\" \/>\n<link rel=\"canonical\" href=\"https:\/\/tera-environnement.com\/es\/formulario-de-envio\/\" \/>\n<meta property=\"og:locale\" content=\"es_ES\" \/>\n<meta property=\"og:type\" content=\"article\" \/>\n<meta property=\"og:title\" content=\"Formulario de env\u00edo para an\u00e1lisis de contaminantes qu\u00edmicos.\" \/>\n<meta property=\"og:description\" content=\"Complete nuestro formulario para env\u00edos de material y muestreadores\" \/>\n<meta property=\"og:url\" content=\"https:\/\/tera-environnement.com\/es\/formulario-de-envio\/\" \/>\n<meta property=\"og:site_name\" content=\"TERA Environnement\" \/>\n<meta property=\"article:modified_time\" content=\"2024-09-26T08:45:02+00:00\" \/>\n<meta name=\"twitter:card\" content=\"summary_large_image\" \/>\n<meta name=\"twitter:label1\" content=\"Tiempo de lectura\" \/>\n\t<meta name=\"twitter:data1\" content=\"1 minuto\" \/>\n<script type=\"application\/ld+json\" class=\"yoast-schema-graph\">{\"@context\":\"https:\\\/\\\/schema.org\",\"@graph\":[{\"@type\":\"WebPage\",\"@id\":\"https:\\\/\\\/tera-environnement.com\\\/es\\\/formulario-de-envio\\\/\",\"url\":\"https:\\\/\\\/tera-environnement.com\\\/es\\\/formulario-de-envio\\\/\",\"name\":\"Formulario de env\u00edo para an\u00e1lisis de contaminantes qu\u00edmicos.\",\"isPartOf\":{\"@id\":\"https:\\\/\\\/tera-environnement.com\\\/#website\"},\"datePublished\":\"2024-06-07T14:49:25+00:00\",\"dateModified\":\"2024-09-26T08:45:02+00:00\",\"description\":\"Complete nuestro formulario para env\u00edos de material y muestreadores\",\"breadcrumb\":{\"@id\":\"https:\\\/\\\/tera-environnement.com\\\/es\\\/formulario-de-envio\\\/#breadcrumb\"},\"inLanguage\":\"es\",\"potentialAction\":[{\"@type\":\"ReadAction\",\"target\":[\"https:\\\/\\\/tera-environnement.com\\\/es\\\/formulario-de-envio\\\/\"]}]},{\"@type\":\"BreadcrumbList\",\"@id\":\"https:\\\/\\\/tera-environnement.com\\\/es\\\/formulario-de-envio\\\/#breadcrumb\",\"itemListElement\":[{\"@type\":\"ListItem\",\"position\":1,\"name\":\"Home\",\"item\":\"https:\\\/\\\/tera-environnement.com\\\/es\\\/\"},{\"@type\":\"ListItem\",\"position\":2,\"name\":\"Formulario de env\u00edo\"}]},{\"@type\":\"WebSite\",\"@id\":\"https:\\\/\\\/tera-environnement.com\\\/#website\",\"url\":\"https:\\\/\\\/tera-environnement.com\\\/\",\"name\":\"TERA Environnement\",\"description\":\"Une soci\u00e9t\u00e9 du groupe tera\",\"publisher\":{\"@id\":\"https:\\\/\\\/tera-environnement.com\\\/#organization\"},\"potentialAction\":[{\"@type\":\"SearchAction\",\"target\":{\"@type\":\"EntryPoint\",\"urlTemplate\":\"https:\\\/\\\/tera-environnement.com\\\/?s={search_term_string}\"},\"query-input\":{\"@type\":\"PropertyValueSpecification\",\"valueRequired\":true,\"valueName\":\"search_term_string\"}}],\"inLanguage\":\"es\"},{\"@type\":\"Organization\",\"@id\":\"https:\\\/\\\/tera-environnement.com\\\/#organization\",\"name\":\"TERA Environnement\",\"url\":\"https:\\\/\\\/tera-environnement.com\\\/\",\"logo\":{\"@type\":\"ImageObject\",\"inLanguage\":\"es\",\"@id\":\"https:\\\/\\\/tera-environnement.com\\\/#\\\/schema\\\/logo\\\/image\\\/\",\"url\":\"https:\\\/\\\/tera-environnement.com\\\/wp-content\\\/uploads\\\/2023\\\/09\\\/Logotype_Tera_Sensor-seul_couleur-1.jpg\",\"contentUrl\":\"https:\\\/\\\/tera-environnement.com\\\/wp-content\\\/uploads\\\/2023\\\/09\\\/Logotype_Tera_Sensor-seul_couleur-1.jpg\",\"width\":125,\"height\":90,\"caption\":\"TERA Environnement\"},\"image\":{\"@id\":\"https:\\\/\\\/tera-environnement.com\\\/#\\\/schema\\\/logo\\\/image\\\/\"}}]}<\/script>\n<!-- \/ Yoast SEO plugin. -->","yoast_head_json":{"title":"Formulario de env\u00edo para an\u00e1lisis de contaminantes qu\u00edmicos.","description":"Complete nuestro formulario para env\u00edos de material y muestreadores","robots":{"index":"index","follow":"follow","max-snippet":"max-snippet:-1","max-image-preview":"max-image-preview:large","max-video-preview":"max-video-preview:-1"},"canonical":"https:\/\/tera-environnement.com\/es\/formulario-de-envio\/","og_locale":"es_ES","og_type":"article","og_title":"Formulario de env\u00edo para an\u00e1lisis de contaminantes qu\u00edmicos.","og_description":"Complete nuestro formulario para env\u00edos de material y muestreadores","og_url":"https:\/\/tera-environnement.com\/es\/formulario-de-envio\/","og_site_name":"TERA Environnement","article_modified_time":"2024-09-26T08:45:02+00:00","twitter_card":"summary_large_image","twitter_misc":{"Tiempo de lectura":"1 minuto"},"schema":{"@context":"https:\/\/schema.org","@graph":[{"@type":"WebPage","@id":"https:\/\/tera-environnement.com\/es\/formulario-de-envio\/","url":"https:\/\/tera-environnement.com\/es\/formulario-de-envio\/","name":"Formulario de env\u00edo para an\u00e1lisis de contaminantes qu\u00edmicos.","isPartOf":{"@id":"https:\/\/tera-environnement.com\/#website"},"datePublished":"2024-06-07T14:49:25+00:00","dateModified":"2024-09-26T08:45:02+00:00","description":"Complete nuestro formulario para env\u00edos de material y muestreadores","breadcrumb":{"@id":"https:\/\/tera-environnement.com\/es\/formulario-de-envio\/#breadcrumb"},"inLanguage":"es","potentialAction":[{"@type":"ReadAction","target":["https:\/\/tera-environnement.com\/es\/formulario-de-envio\/"]}]},{"@type":"BreadcrumbList","@id":"https:\/\/tera-environnement.com\/es\/formulario-de-envio\/#breadcrumb","itemListElement":[{"@type":"ListItem","position":1,"name":"Home","item":"https:\/\/tera-environnement.com\/es\/"},{"@type":"ListItem","position":2,"name":"Formulario de env\u00edo"}]},{"@type":"WebSite","@id":"https:\/\/tera-environnement.com\/#website","url":"https:\/\/tera-environnement.com\/","name":"TERA Environnement","description":"Une soci\u00e9t\u00e9 du groupe tera","publisher":{"@id":"https:\/\/tera-environnement.com\/#organization"},"potentialAction":[{"@type":"SearchAction","target":{"@type":"EntryPoint","urlTemplate":"https:\/\/tera-environnement.com\/?s={search_term_string}"},"query-input":{"@type":"PropertyValueSpecification","valueRequired":true,"valueName":"search_term_string"}}],"inLanguage":"es"},{"@type":"Organization","@id":"https:\/\/tera-environnement.com\/#organization","name":"TERA Environnement","url":"https:\/\/tera-environnement.com\/","logo":{"@type":"ImageObject","inLanguage":"es","@id":"https:\/\/tera-environnement.com\/#\/schema\/logo\/image\/","url":"https:\/\/tera-environnement.com\/wp-content\/uploads\/2023\/09\/Logotype_Tera_Sensor-seul_couleur-1.jpg","contentUrl":"https:\/\/tera-environnement.com\/wp-content\/uploads\/2023\/09\/Logotype_Tera_Sensor-seul_couleur-1.jpg","width":125,"height":90,"caption":"TERA Environnement"},"image":{"@id":"https:\/\/tera-environnement.com\/#\/schema\/logo\/image\/"}}]}},"_links":{"self":[{"href":"https:\/\/tera-environnement.com\/es\/wp-json\/wp\/v2\/pages\/7023","targetHints":{"allow":["GET"]}}],"collection":[{"href":"https:\/\/tera-environnement.com\/es\/wp-json\/wp\/v2\/pages"}],"about":[{"href":"https:\/\/tera-environnement.com\/es\/wp-json\/wp\/v2\/types\/page"}],"author":[{"embeddable":true,"href":"https:\/\/tera-environnement.com\/es\/wp-json\/wp\/v2\/users\/2"}],"replies":[{"embeddable":true,"href":"https:\/\/tera-environnement.com\/es\/wp-json\/wp\/v2\/comments?post=7023"}],"version-history":[{"count":20,"href":"https:\/\/tera-environnement.com\/es\/wp-json\/wp\/v2\/pages\/7023\/revisions"}],"predecessor-version":[{"id":9840,"href":"https:\/\/tera-environnement.com\/es\/wp-json\/wp\/v2\/pages\/7023\/revisions\/9840"}],"wp:attachment":[{"href":"https:\/\/tera-environnement.com\/es\/wp-json\/wp\/v2\/media?parent=7023"}],"curies":[{"name":"wp","href":"https:\/\/api.w.org\/{rel}","templated":true}]}}