{"id":7033,"date":"2023-11-20T11:27:11","date_gmt":"2023-11-20T10:27:11","guid":{"rendered":"https:\/\/tera-environnement.com\/location-de-materiel\/pompes-de-prelevement\/"},"modified":"2024-09-24T14:27:58","modified_gmt":"2024-09-24T12:27:58","slug":"bombas-de-muestreo","status":"publish","type":"page","link":"https:\/\/tera-environnement.com\/es\/alquiler-de-equipos\/bombas-de-muestreo\/","title":{"rendered":"Bombas de muestreo"},"content":{"rendered":"\t\t<div data-elementor-type=\"wp-page\" data-elementor-id=\"7033\" class=\"elementor elementor-7033 elementor-2053\" data-elementor-post-type=\"page\">\n\t\t\t\t<div class=\"elementor-element elementor-element-82f803a e-flex e-con-boxed e-con e-parent\" data-id=\"82f803a\" data-element_type=\"container\" data-e-type=\"container\">\n\t\t\t\t\t<div class=\"e-con-inner\">\n\t\t\t\t<div class=\"elementor-element elementor-element-4fd82d2 elementor-widget elementor-widget-spacer\" data-id=\"4fd82d2\" data-element_type=\"widget\" data-e-type=\"widget\" data-widget_type=\"spacer.default\">\n\t\t\t\t<div class=\"elementor-widget-container\">\n\t\t\t\t\t\t\t<div class=\"elementor-spacer\">\n\t\t\t<div class=\"elementor-spacer-inner\"><\/div>\n\t\t<\/div>\n\t\t\t\t\t\t<\/div>\n\t\t\t\t<\/div>\n\t\t\t\t\t<\/div>\n\t\t\t\t<\/div>\n\t\t<div class=\"elementor-element elementor-element-c4a5cc5 e-con-full e-flex e-con e-parent\" data-id=\"c4a5cc5\" data-element_type=\"container\" data-e-type=\"container\">\n\t\t\t\t<div class=\"elementor-element elementor-element-3595726 elementor-widget elementor-widget-image\" data-id=\"3595726\" data-element_type=\"widget\" data-e-type=\"widget\" data-widget_type=\"image.default\">\n\t\t\t\t<div class=\"elementor-widget-container\">\n\t\t\t\t\t\t\t\t\t\t\t\t\t\t\t<img fetchpriority=\"high\" decoding=\"async\" width=\"800\" height=\"669\" src=\"https:\/\/tera-environnement.com\/wp-content\/uploads\/2024\/03\/pompe-1.png\" class=\"attachment-large size-large wp-image-7034\" alt=\"\" srcset=\"https:\/\/tera-environnement.com\/wp-content\/uploads\/2024\/03\/pompe-1.png 924w, https:\/\/tera-environnement.com\/wp-content\/uploads\/2024\/03\/pompe-1-300x251.png 300w, https:\/\/tera-environnement.com\/wp-content\/uploads\/2024\/03\/pompe-1-768x642.png 768w, https:\/\/tera-environnement.com\/wp-content\/uploads\/2024\/03\/pompe-1-600x502.png 600w\" sizes=\"(max-width: 800px) 100vw, 800px\" \/>\t\t\t\t\t\t\t\t\t\t\t\t\t\t\t<\/div>\n\t\t\t\t<\/div>\n\t\t\t\t<\/div>\n\t\t<div class=\"elementor-element elementor-element-d190acc e-flex e-con-boxed e-con e-parent\" data-id=\"d190acc\" data-element_type=\"container\" data-e-type=\"container\">\n\t\t\t\t\t<div class=\"e-con-inner\">\n\t\t\t\t<div class=\"elementor-element elementor-element-62e0cfa elementor-widget elementor-widget-spacer\" data-id=\"62e0cfa\" data-element_type=\"widget\" data-e-type=\"widget\" data-widget_type=\"spacer.default\">\n\t\t\t\t<div class=\"elementor-widget-container\">\n\t\t\t\t\t\t\t<div class=\"elementor-spacer\">\n\t\t\t<div class=\"elementor-spacer-inner\"><\/div>\n\t\t<\/div>\n\t\t\t\t\t\t<\/div>\n\t\t\t\t<\/div>\n\t\t\t\t\t<\/div>\n\t\t\t\t<\/div>\n\t\t<div class=\"elementor-element elementor-element-013d1bf e-con-full e-flex e-con e-parent\" data-id=\"013d1bf\" data-element_type=\"container\" data-e-type=\"container\">\n\t\t\t\t<div class=\"elementor-element elementor-element-3a12b13 elementor-widget elementor-widget-heading\" data-id=\"3a12b13\" data-element_type=\"widget\" data-e-type=\"widget\" data-widget_type=\"heading.default\">\n\t\t\t\t<div class=\"elementor-widget-container\">\n\t\t\t\t\t<h2 class=\"elementor-heading-title elementor-size-default\">\u00a1TERA Environnement alquila todo el material necesario para sus campa\u00f1as de medici\u00f3n del aire!<\/h2>\t\t\t\t<\/div>\n\t\t\t\t<\/div>\n\t\t\t\t<div class=\"elementor-element elementor-element-64d6e3f elementor-widget elementor-widget-text-editor\" data-id=\"64d6e3f\" data-element_type=\"widget\" data-e-type=\"widget\" data-widget_type=\"text-editor.default\">\n\t\t\t\t<div class=\"elementor-widget-container\">\n\t\t\t\t\t\t\t\t\t<p align=\"justify\"><span lang=\"fr-FR\">Cuando se toman muestras de aire usando filtros, tubos o burbujeadores, es necesario utilizar una bomba de muestreo para aspirar aire a trav\u00e9s del muestreador para captar las mol\u00e9culas de inter\u00e9s en el muestreador.<\/span><\/p><p align=\"justify\"><span lang=\"fr-FR\">TERA Environnement alquila bombas de muestreo y suministra los muestreadores necesarios para sus an\u00e1lisis del aire.<\/span><\/p><p align=\"justify\"><span lang=\"fr-FR\">El mantenimiento de las bombas se hace en nuestro laboratorio. El caudal de funcionamiento de la bomba se ajusta antes del env\u00edo a nuestros clientes, igual que la comprobaci\u00f3n del buen estado de dichas bombas. <\/span><\/p><p align=\"justify\"><span lang=\"fr-FR\">Gracias a la oferta completa de TERA Environnement, ahora puede abordar la organizaci\u00f3n de sus campa\u00f1as de medici\u00f3n con total tranquilidad. Nuestros servicios incluyen no s\u00f3lo los an\u00e1lisis del aire, sino tambi\u00e9n todos los muestreadores y equipos necesarios ; eso le permite recurrir a un solo proveedor de servicios para sus mediciones del aire. <\/span><\/p>\t\t\t\t\t\t\t\t<\/div>\n\t\t\t\t<\/div>\n\t\t\t\t<\/div>\n\t\t<div class=\"elementor-element elementor-element-f4a46e1 e-flex e-con-boxed e-con e-parent\" data-id=\"f4a46e1\" data-element_type=\"container\" data-e-type=\"container\">\n\t\t\t\t\t<div class=\"e-con-inner\">\n\t\t\t\t<div class=\"elementor-element elementor-element-a4d9217 elementor-widget elementor-widget-spacer\" data-id=\"a4d9217\" data-element_type=\"widget\" data-e-type=\"widget\" data-widget_type=\"spacer.default\">\n\t\t\t\t<div class=\"elementor-widget-container\">\n\t\t\t\t\t\t\t<div class=\"elementor-spacer\">\n\t\t\t<div class=\"elementor-spacer-inner\"><\/div>\n\t\t<\/div>\n\t\t\t\t\t\t<\/div>\n\t\t\t\t<\/div>\n\t\t\t\t\t<\/div>\n\t\t\t\t<\/div>\n\t\t<div class=\"elementor-element elementor-element-977eaa0 e-con-full e-flex e-con e-parent\" data-id=\"977eaa0\" data-element_type=\"container\" data-e-type=\"container\">\n\t\t\t\t<div class=\"elementor-element elementor-element-8ad2156 elementor-widget elementor-widget-heading\" data-id=\"8ad2156\" data-element_type=\"widget\" data-e-type=\"widget\" data-widget_type=\"heading.default\">\n\t\t\t\t<div class=\"elementor-widget-container\">\n\t\t\t\t\t<h2 class=\"elementor-heading-title elementor-size-default\">Una amplia flota de bombas de muestreo a su disposici\u00f3n <\/h2>\t\t\t\t<\/div>\n\t\t\t\t<\/div>\n\t\t<div class=\"elementor-element elementor-element-072460d e-flex e-con-boxed e-con e-child\" data-id=\"072460d\" data-element_type=\"container\" data-e-type=\"container\">\n\t\t\t\t\t<div class=\"e-con-inner\">\n\t\t\t\t<div class=\"elementor-element elementor-element-01fce26 elementor-widget elementor-widget-image\" data-id=\"01fce26\" data-element_type=\"widget\" data-e-type=\"widget\" data-widget_type=\"image.default\">\n\t\t\t\t<div class=\"elementor-widget-container\">\n\t\t\t\t\t\t\t\t\t\t\t\t\t\t\t<img decoding=\"async\" width=\"425\" height=\"299\" src=\"https:\/\/tera-environnement.com\/wp-content\/uploads\/2024\/03\/pompe-2.png\" class=\"attachment-large size-large wp-image-8310\" alt=\"\" srcset=\"https:\/\/tera-environnement.com\/wp-content\/uploads\/2024\/03\/pompe-2.png 425w, https:\/\/tera-environnement.com\/wp-content\/uploads\/2024\/03\/pompe-2-300x211.png 300w\" sizes=\"(max-width: 425px) 100vw, 425px\" \/>\t\t\t\t\t\t\t\t\t\t\t\t\t\t\t<\/div>\n\t\t\t\t<\/div>\n\t\t\t\t<div class=\"elementor-element elementor-element-0b322b1 elementor-widget elementor-widget-text-editor\" data-id=\"0b322b1\" data-element_type=\"widget\" data-e-type=\"widget\" data-widget_type=\"text-editor.default\">\n\t\t\t\t<div class=\"elementor-widget-container\">\n\t\t\t\t\t\t\t\t\t<p>TERA Environnement dispone de una flota de m\u00e1s de 100 bombas de muestreo con caudales que van de 50 mL\/min a 2 L\/min. Para aplicaciones especiales, tambi\u00e9n es posible tomar muestras con caudales superiores, de hasta 4 o 5 L\/min, o inferiores, a partir de 5 mL\/min. <\/p>\n<p>Tambi\u00e9n se puede proporcionar un kit especial para llenar bolsas Tedlar.<\/p>\t\t\t\t\t\t\t\t<\/div>\n\t\t\t\t<\/div>\n\t\t\t\t\t<\/div>\n\t\t\t\t<\/div>\n\t\t\t\t<\/div>\n\t\t<div class=\"elementor-element elementor-element-065eefd e-flex e-con-boxed e-con e-parent\" data-id=\"065eefd\" data-element_type=\"container\" data-e-type=\"container\">\n\t\t\t\t\t<div class=\"e-con-inner\">\n\t\t\t\t<div class=\"elementor-element elementor-element-42fe42b elementor-widget elementor-widget-image\" data-id=\"42fe42b\" data-element_type=\"widget\" data-e-type=\"widget\" data-widget_type=\"image.default\">\n\t\t\t\t<div class=\"elementor-widget-container\">\n\t\t\t\t\t\t\t\t\t\t\t\t\t\t\t<img decoding=\"async\" width=\"300\" height=\"195\" src=\"https:\/\/tera-environnement.com\/wp-content\/uploads\/2024\/01\/ampoule-300x195.jpg\" class=\"attachment-medium size-medium wp-image-8330\" alt=\"\" srcset=\"https:\/\/tera-environnement.com\/wp-content\/uploads\/2024\/01\/ampoule-300x195.jpg 300w, https:\/\/tera-environnement.com\/wp-content\/uploads\/2024\/01\/ampoule.jpg 395w\" sizes=\"(max-width: 300px) 100vw, 300px\" \/>\t\t\t\t\t\t\t\t\t\t\t\t\t\t\t<\/div>\n\t\t\t\t<\/div>\n\t\t\t\t<div class=\"elementor-element elementor-element-56d416a elementor-widget elementor-widget-text-editor\" data-id=\"56d416a\" data-element_type=\"widget\" data-e-type=\"widget\" data-widget_type=\"text-editor.default\">\n\t\t\t\t<div class=\"elementor-widget-container\">\n\t\t\t\t\t\t\t\t\t<p>Desde hace m\u00e1s de 20 a\u00f1os, nuestra experiencia en an\u00e1lisis del aire nos ha convertido en un aliado de confianza para satisfacer sus necesidades.<\/p>\n\t\t\t\t\t\t\t\t<\/div>\n\t\t\t\t<\/div>\n\t\t\t\t\t<\/div>\n\t\t\t\t<\/div>\n\t\t<div class=\"elementor-element elementor-element-4a4cf97 e-flex e-con-boxed e-con e-child\" data-id=\"4a4cf97\" data-element_type=\"container\" data-e-type=\"container\">\n\t\t\t\t\t<div class=\"e-con-inner\">\n\t\t\t\t<div class=\"elementor-element elementor-element-fbb09f7 elementor-widget elementor-widget-text-editor\" data-id=\"fbb09f7\" data-element_type=\"widget\" data-e-type=\"widget\" data-widget_type=\"text-editor.default\">\n\t\t\t\t<div class=\"elementor-widget-container\">\n\t\t\t\t\t\t\t\t\t<p align=\"justify\"><span lang=\"fr-FR\"><b>\u00bfTienes alguna pregunta o necesitas un presupuesto? Ponte en contacto con nosotros para obtener m\u00e1s informaci\u00f3n sobre nuestros servicios de alquiler de equipos y <span lang=\"FR\">an\u00e1lisis<\/span>. <\/b><\/span><\/p>\t\t\t\t\t\t\t\t<\/div>\n\t\t\t\t<\/div>\n\t\t<div class=\"elementor-element elementor-element-bf2b2f0 e-flex e-con-boxed e-con e-child\" data-id=\"bf2b2f0\" data-element_type=\"container\" data-e-type=\"container\">\n\t\t\t\t\t<div class=\"e-con-inner\">\n\t\t<div class=\"elementor-element elementor-element-26b1bfa e-flex e-con-boxed e-con e-child\" data-id=\"26b1bfa\" data-element_type=\"container\" data-e-type=\"container\">\n\t\t\t\t\t<div class=\"e-con-inner\">\n\t\t\t\t<div class=\"elementor-element elementor-element-e3be5a6 buton elementor-widget elementor-widget-button\" data-id=\"e3be5a6\" data-element_type=\"widget\" data-e-type=\"widget\" data-widget_type=\"button.default\">\n\t\t\t\t<div class=\"elementor-widget-container\">\n\t\t\t\t\t\t\t\t\t<div class=\"elementor-button-wrapper\">\n\t\t\t\t\t<a class=\"elementor-button elementor-button-link elementor-size-sm\" href=\"mailto:commercial@tera-environnement.com%20\">\n\t\t\t\t\t\t<span class=\"elementor-button-content-wrapper\">\n\t\t\t\t\t\t\t\t\t<span class=\"elementor-button-text\">Solicitar un presupuesto<\/span>\n\t\t\t\t\t<\/span>\n\t\t\t\t\t<\/a>\n\t\t\t\t<\/div>\n\t\t\t\t\t\t\t\t<\/div>\n\t\t\t\t<\/div>\n\t\t\t\t\t<\/div>\n\t\t\t\t<\/div>\n\t\t\t\t\t<\/div>\n\t\t\t\t<\/div>\n\t\t\t\t\t<\/div>\n\t\t\t\t<\/div>\n\t\t\t\t<\/div>\n\t\t","protected":false},"excerpt":{"rendered":"<p>\u00a1TERA Environnement alquila todo el material necesario para sus campa\u00f1as de medici\u00f3n del aire! Cuando se toman muestras de aire usando filtros, tubos o burbujeadores, es necesario utilizar una bomba de muestreo para aspirar aire a trav\u00e9s del muestreador para captar las mol\u00e9culas de inter\u00e9s en el muestreador. TERA Environnement alquila bombas de muestreo y [&hellip;]<\/p>\n","protected":false},"author":2,"featured_media":0,"parent":7031,"menu_order":4,"comment_status":"closed","ping_status":"closed","template":"","meta":{"_acf_changed":false,"footnotes":""},"class_list":["post-7033","page","type-page","status-publish","hentry"],"acf":[],"yoast_head":"<!-- This site is optimized with the Yoast SEO plugin v27.4 - https:\/\/yoast.com\/product\/yoast-seo-wordpress\/ -->\n<title>Alquiler Bombas para muestreo activo de aire<\/title>\n<meta name=\"description\" content=\"Alquiler de bombas de muestreo de aire para an\u00e1lisis precisos y fiables de contaminantes qu\u00edmicos en TERA Environnement.\" \/>\n<meta name=\"robots\" content=\"index, follow, max-snippet:-1, max-image-preview:large, max-video-preview:-1\" \/>\n<link rel=\"canonical\" href=\"https:\/\/tera-environnement.com\/es\/alquiler-de-equipos\/bombas-de-muestreo\/\" \/>\n<meta property=\"og:locale\" content=\"es_ES\" \/>\n<meta property=\"og:type\" content=\"article\" \/>\n<meta property=\"og:title\" content=\"Alquiler Bombas para muestreo activo de aire\" \/>\n<meta property=\"og:description\" content=\"Alquiler de bombas de muestreo de aire para an\u00e1lisis precisos y fiables de contaminantes qu\u00edmicos en TERA Environnement.\" \/>\n<meta property=\"og:url\" content=\"https:\/\/tera-environnement.com\/es\/alquiler-de-equipos\/bombas-de-muestreo\/\" \/>\n<meta property=\"og:site_name\" content=\"TERA Environnement\" \/>\n<meta property=\"article:modified_time\" content=\"2024-09-24T12:27:58+00:00\" \/>\n<meta property=\"og:image\" content=\"https:\/\/tera-environnement.com\/wp-content\/uploads\/2024\/03\/pompe-1.png\" \/>\n<meta name=\"twitter:card\" content=\"summary_large_image\" \/>\n<meta name=\"twitter:label1\" content=\"Tiempo de lectura\" \/>\n\t<meta name=\"twitter:data1\" content=\"2 minutos\" \/>\n<script type=\"application\/ld+json\" class=\"yoast-schema-graph\">{\"@context\":\"https:\\\/\\\/schema.org\",\"@graph\":[{\"@type\":\"WebPage\",\"@id\":\"https:\\\/\\\/tera-environnement.com\\\/es\\\/alquiler-de-equipos\\\/bombas-de-muestreo\\\/\",\"url\":\"https:\\\/\\\/tera-environnement.com\\\/es\\\/alquiler-de-equipos\\\/bombas-de-muestreo\\\/\",\"name\":\"Alquiler Bombas para muestreo activo de aire\",\"isPartOf\":{\"@id\":\"https:\\\/\\\/tera-environnement.com\\\/#website\"},\"primaryImageOfPage\":{\"@id\":\"https:\\\/\\\/tera-environnement.com\\\/es\\\/alquiler-de-equipos\\\/bombas-de-muestreo\\\/#primaryimage\"},\"image\":{\"@id\":\"https:\\\/\\\/tera-environnement.com\\\/es\\\/alquiler-de-equipos\\\/bombas-de-muestreo\\\/#primaryimage\"},\"thumbnailUrl\":\"https:\\\/\\\/tera-environnement.com\\\/wp-content\\\/uploads\\\/2024\\\/03\\\/pompe-1.png\",\"datePublished\":\"2023-11-20T10:27:11+00:00\",\"dateModified\":\"2024-09-24T12:27:58+00:00\",\"description\":\"Alquiler de bombas de muestreo de aire para an\u00e1lisis precisos y fiables de contaminantes qu\u00edmicos en TERA Environnement.\",\"breadcrumb\":{\"@id\":\"https:\\\/\\\/tera-environnement.com\\\/es\\\/alquiler-de-equipos\\\/bombas-de-muestreo\\\/#breadcrumb\"},\"inLanguage\":\"es\",\"potentialAction\":[{\"@type\":\"ReadAction\",\"target\":[\"https:\\\/\\\/tera-environnement.com\\\/es\\\/alquiler-de-equipos\\\/bombas-de-muestreo\\\/\"]}]},{\"@type\":\"ImageObject\",\"inLanguage\":\"es\",\"@id\":\"https:\\\/\\\/tera-environnement.com\\\/es\\\/alquiler-de-equipos\\\/bombas-de-muestreo\\\/#primaryimage\",\"url\":\"https:\\\/\\\/tera-environnement.com\\\/wp-content\\\/uploads\\\/2024\\\/03\\\/pompe-1.png\",\"contentUrl\":\"https:\\\/\\\/tera-environnement.com\\\/wp-content\\\/uploads\\\/2024\\\/03\\\/pompe-1.png\"},{\"@type\":\"BreadcrumbList\",\"@id\":\"https:\\\/\\\/tera-environnement.com\\\/es\\\/alquiler-de-equipos\\\/bombas-de-muestreo\\\/#breadcrumb\",\"itemListElement\":[{\"@type\":\"ListItem\",\"position\":1,\"name\":\"Home\",\"item\":\"https:\\\/\\\/tera-environnement.com\\\/es\\\/\"},{\"@type\":\"ListItem\",\"position\":2,\"name\":\"Alquiler de equipos\",\"item\":\"https:\\\/\\\/tera-environnement.com\\\/es\\\/alquiler-de-equipos\\\/\"},{\"@type\":\"ListItem\",\"position\":3,\"name\":\"Bombas de muestreo\"}]},{\"@type\":\"WebSite\",\"@id\":\"https:\\\/\\\/tera-environnement.com\\\/#website\",\"url\":\"https:\\\/\\\/tera-environnement.com\\\/\",\"name\":\"TERA Environnement\",\"description\":\"Une soci\u00e9t\u00e9 du groupe tera\",\"publisher\":{\"@id\":\"https:\\\/\\\/tera-environnement.com\\\/#organization\"},\"potentialAction\":[{\"@type\":\"SearchAction\",\"target\":{\"@type\":\"EntryPoint\",\"urlTemplate\":\"https:\\\/\\\/tera-environnement.com\\\/?s={search_term_string}\"},\"query-input\":{\"@type\":\"PropertyValueSpecification\",\"valueRequired\":true,\"valueName\":\"search_term_string\"}}],\"inLanguage\":\"es\"},{\"@type\":\"Organization\",\"@id\":\"https:\\\/\\\/tera-environnement.com\\\/#organization\",\"name\":\"TERA Environnement\",\"url\":\"https:\\\/\\\/tera-environnement.com\\\/\",\"logo\":{\"@type\":\"ImageObject\",\"inLanguage\":\"es\",\"@id\":\"https:\\\/\\\/tera-environnement.com\\\/#\\\/schema\\\/logo\\\/image\\\/\",\"url\":\"https:\\\/\\\/tera-environnement.com\\\/wp-content\\\/uploads\\\/2023\\\/09\\\/Logotype_Tera_Sensor-seul_couleur-1.jpg\",\"contentUrl\":\"https:\\\/\\\/tera-environnement.com\\\/wp-content\\\/uploads\\\/2023\\\/09\\\/Logotype_Tera_Sensor-seul_couleur-1.jpg\",\"width\":125,\"height\":90,\"caption\":\"TERA Environnement\"},\"image\":{\"@id\":\"https:\\\/\\\/tera-environnement.com\\\/#\\\/schema\\\/logo\\\/image\\\/\"}}]}<\/script>\n<!-- \/ Yoast SEO plugin. -->","yoast_head_json":{"title":"Alquiler Bombas para muestreo activo de aire","description":"Alquiler de bombas de muestreo de aire para an\u00e1lisis precisos y fiables de contaminantes qu\u00edmicos en TERA Environnement.","robots":{"index":"index","follow":"follow","max-snippet":"max-snippet:-1","max-image-preview":"max-image-preview:large","max-video-preview":"max-video-preview:-1"},"canonical":"https:\/\/tera-environnement.com\/es\/alquiler-de-equipos\/bombas-de-muestreo\/","og_locale":"es_ES","og_type":"article","og_title":"Alquiler Bombas para muestreo activo de aire","og_description":"Alquiler de bombas de muestreo de aire para an\u00e1lisis precisos y fiables de contaminantes qu\u00edmicos en TERA Environnement.","og_url":"https:\/\/tera-environnement.com\/es\/alquiler-de-equipos\/bombas-de-muestreo\/","og_site_name":"TERA Environnement","article_modified_time":"2024-09-24T12:27:58+00:00","og_image":[{"url":"https:\/\/tera-environnement.com\/wp-content\/uploads\/2024\/03\/pompe-1.png","type":"","width":"","height":""}],"twitter_card":"summary_large_image","twitter_misc":{"Tiempo de lectura":"2 minutos"},"schema":{"@context":"https:\/\/schema.org","@graph":[{"@type":"WebPage","@id":"https:\/\/tera-environnement.com\/es\/alquiler-de-equipos\/bombas-de-muestreo\/","url":"https:\/\/tera-environnement.com\/es\/alquiler-de-equipos\/bombas-de-muestreo\/","name":"Alquiler Bombas para muestreo activo de aire","isPartOf":{"@id":"https:\/\/tera-environnement.com\/#website"},"primaryImageOfPage":{"@id":"https:\/\/tera-environnement.com\/es\/alquiler-de-equipos\/bombas-de-muestreo\/#primaryimage"},"image":{"@id":"https:\/\/tera-environnement.com\/es\/alquiler-de-equipos\/bombas-de-muestreo\/#primaryimage"},"thumbnailUrl":"https:\/\/tera-environnement.com\/wp-content\/uploads\/2024\/03\/pompe-1.png","datePublished":"2023-11-20T10:27:11+00:00","dateModified":"2024-09-24T12:27:58+00:00","description":"Alquiler de bombas de muestreo de aire para an\u00e1lisis precisos y fiables de contaminantes qu\u00edmicos en TERA Environnement.","breadcrumb":{"@id":"https:\/\/tera-environnement.com\/es\/alquiler-de-equipos\/bombas-de-muestreo\/#breadcrumb"},"inLanguage":"es","potentialAction":[{"@type":"ReadAction","target":["https:\/\/tera-environnement.com\/es\/alquiler-de-equipos\/bombas-de-muestreo\/"]}]},{"@type":"ImageObject","inLanguage":"es","@id":"https:\/\/tera-environnement.com\/es\/alquiler-de-equipos\/bombas-de-muestreo\/#primaryimage","url":"https:\/\/tera-environnement.com\/wp-content\/uploads\/2024\/03\/pompe-1.png","contentUrl":"https:\/\/tera-environnement.com\/wp-content\/uploads\/2024\/03\/pompe-1.png"},{"@type":"BreadcrumbList","@id":"https:\/\/tera-environnement.com\/es\/alquiler-de-equipos\/bombas-de-muestreo\/#breadcrumb","itemListElement":[{"@type":"ListItem","position":1,"name":"Home","item":"https:\/\/tera-environnement.com\/es\/"},{"@type":"ListItem","position":2,"name":"Alquiler de equipos","item":"https:\/\/tera-environnement.com\/es\/alquiler-de-equipos\/"},{"@type":"ListItem","position":3,"name":"Bombas de muestreo"}]},{"@type":"WebSite","@id":"https:\/\/tera-environnement.com\/#website","url":"https:\/\/tera-environnement.com\/","name":"TERA Environnement","description":"Une soci\u00e9t\u00e9 du groupe tera","publisher":{"@id":"https:\/\/tera-environnement.com\/#organization"},"potentialAction":[{"@type":"SearchAction","target":{"@type":"EntryPoint","urlTemplate":"https:\/\/tera-environnement.com\/?s={search_term_string}"},"query-input":{"@type":"PropertyValueSpecification","valueRequired":true,"valueName":"search_term_string"}}],"inLanguage":"es"},{"@type":"Organization","@id":"https:\/\/tera-environnement.com\/#organization","name":"TERA Environnement","url":"https:\/\/tera-environnement.com\/","logo":{"@type":"ImageObject","inLanguage":"es","@id":"https:\/\/tera-environnement.com\/#\/schema\/logo\/image\/","url":"https:\/\/tera-environnement.com\/wp-content\/uploads\/2023\/09\/Logotype_Tera_Sensor-seul_couleur-1.jpg","contentUrl":"https:\/\/tera-environnement.com\/wp-content\/uploads\/2023\/09\/Logotype_Tera_Sensor-seul_couleur-1.jpg","width":125,"height":90,"caption":"TERA Environnement"},"image":{"@id":"https:\/\/tera-environnement.com\/#\/schema\/logo\/image\/"}}]}},"_links":{"self":[{"href":"https:\/\/tera-environnement.com\/es\/wp-json\/wp\/v2\/pages\/7033","targetHints":{"allow":["GET"]}}],"collection":[{"href":"https:\/\/tera-environnement.com\/es\/wp-json\/wp\/v2\/pages"}],"about":[{"href":"https:\/\/tera-environnement.com\/es\/wp-json\/wp\/v2\/types\/page"}],"author":[{"embeddable":true,"href":"https:\/\/tera-environnement.com\/es\/wp-json\/wp\/v2\/users\/2"}],"replies":[{"embeddable":true,"href":"https:\/\/tera-environnement.com\/es\/wp-json\/wp\/v2\/comments?post=7033"}],"version-history":[{"count":26,"href":"https:\/\/tera-environnement.com\/es\/wp-json\/wp\/v2\/pages\/7033\/revisions"}],"predecessor-version":[{"id":10336,"href":"https:\/\/tera-environnement.com\/es\/wp-json\/wp\/v2\/pages\/7033\/revisions\/10336"}],"up":[{"embeddable":true,"href":"https:\/\/tera-environnement.com\/es\/wp-json\/wp\/v2\/pages\/7031"}],"wp:attachment":[{"href":"https:\/\/tera-environnement.com\/es\/wp-json\/wp\/v2\/media?parent=7033"}],"curies":[{"name":"wp","href":"https:\/\/api.w.org\/{rel}","templated":true}]}}