{"id":7080,"date":"2023-11-20T11:21:35","date_gmt":"2023-11-20T10:21:35","guid":{"rendered":"https:\/\/tera-environnement.com\/vous-etes\/industrie\/"},"modified":"2024-10-09T16:22:38","modified_gmt":"2024-10-09T14:22:38","slug":"industria","status":"publish","type":"page","link":"https:\/\/tera-environnement.com\/es\/nuestros-clientes\/industria\/","title":{"rendered":"Industria"},"content":{"rendered":"\t\t<div data-elementor-type=\"wp-page\" data-elementor-id=\"7080\" class=\"elementor elementor-7080 elementor-2021\" data-elementor-post-type=\"page\">\n\t\t\t\t\t\t<section class=\"elementor-section elementor-top-section elementor-element elementor-element-34c8020f elementor-section-boxed elementor-section-height-default elementor-section-height-default\" data-id=\"34c8020f\" data-element_type=\"section\" data-e-type=\"section\">\n\t\t\t\t\t\t<div class=\"elementor-container elementor-column-gap-default\">\n\t\t\t\t\t<div class=\"elementor-column elementor-col-100 elementor-top-column elementor-element elementor-element-3d007ea8\" data-id=\"3d007ea8\" data-element_type=\"column\" data-e-type=\"column\">\n\t\t\t<div class=\"elementor-widget-wrap elementor-element-populated\">\n\t\t\t\t\t\t<div class=\"elementor-element elementor-element-555c007d elementor-widget elementor-widget-shortcode\" data-id=\"555c007d\" data-element_type=\"widget\" data-e-type=\"widget\" data-widget_type=\"shortcode.default\">\n\t\t\t\t<div class=\"elementor-widget-container\">\n\t\t\t\t\t\t\t<div class=\"elementor-shortcode\"><ul id=\"breadcrumbs\"><li><a href=\"https:\/\/tera-environnement.com\/es\/\">Inicio<\/a><\/li><\/ul><\/div>\n\t\t\t\t\t\t<\/div>\n\t\t\t\t<\/div>\n\t\t\t\t<div class=\"elementor-element elementor-element-397d6d3b elementor-widget__width-auto elementor-widget elementor-widget-image\" data-id=\"397d6d3b\" data-element_type=\"widget\" data-e-type=\"widget\" data-widget_type=\"image.default\">\n\t\t\t\t<div class=\"elementor-widget-container\">\n\t\t\t\t\t\t\t\t\t\t\t\t\t\t\t<img decoding=\"async\" width=\"68\" height=\"69\" src=\"https:\/\/tera-environnement.com\/wp-content\/uploads\/2023\/09\/fleche-grise.png\" class=\"attachment-large size-large wp-image-389\" alt=\"\" \/>\t\t\t\t\t\t\t\t\t\t\t\t\t\t\t<\/div>\n\t\t\t\t<\/div>\n\t\t\t\t<div class=\"elementor-element elementor-element-230980af elementor-widget__width-auto elementor-widget elementor-widget-heading\" data-id=\"230980af\" data-element_type=\"widget\" data-e-type=\"widget\" data-widget_type=\"heading.default\">\n\t\t\t\t<div class=\"elementor-widget-container\">\n\t\t\t\t\t<h1 class=\"elementor-heading-title elementor-size-default\">Industria<\/h1>\t\t\t\t<\/div>\n\t\t\t\t<\/div>\n\t\t\t\t\t<\/div>\n\t\t<\/div>\n\t\t\t\t\t<\/div>\n\t\t<\/section>\n\t\t<div class=\"elementor-element elementor-element-31e687a e-flex e-con-boxed e-con e-parent\" data-id=\"31e687a\" data-element_type=\"container\" data-e-type=\"container\">\n\t\t\t\t\t<div class=\"e-con-inner\">\n\t\t\t\t<div class=\"elementor-element elementor-element-1a1d85d elementor-widget elementor-widget-spacer\" data-id=\"1a1d85d\" data-element_type=\"widget\" data-e-type=\"widget\" data-widget_type=\"spacer.default\">\n\t\t\t\t<div class=\"elementor-widget-container\">\n\t\t\t\t\t\t\t<div class=\"elementor-spacer\">\n\t\t\t<div class=\"elementor-spacer-inner\"><\/div>\n\t\t<\/div>\n\t\t\t\t\t\t<\/div>\n\t\t\t\t<\/div>\n\t\t\t\t\t<\/div>\n\t\t\t\t<\/div>\n\t\t\t\t<section class=\"elementor-section elementor-top-section elementor-element elementor-element-44a27c74 elementor-section-boxed elementor-section-height-default elementor-section-height-default\" data-id=\"44a27c74\" data-element_type=\"section\" data-e-type=\"section\">\n\t\t\t\t\t\t<div class=\"elementor-container elementor-column-gap-default\">\n\t\t\t\t\t<div class=\"elementor-column elementor-col-50 elementor-top-column elementor-element elementor-element-7b302e2\" data-id=\"7b302e2\" data-element_type=\"column\" data-e-type=\"column\">\n\t\t\t<div class=\"elementor-widget-wrap elementor-element-populated\">\n\t\t\t\t\t\t<div class=\"elementor-element elementor-element-360f527b elementor-widget elementor-widget-image\" data-id=\"360f527b\" data-element_type=\"widget\" data-e-type=\"widget\" data-widget_type=\"image.default\">\n\t\t\t\t<div class=\"elementor-widget-container\">\n\t\t\t\t\t\t\t\t\t\t\t\t\t\t\t<img fetchpriority=\"high\" decoding=\"async\" width=\"800\" height=\"600\" src=\"https:\/\/tera-environnement.com\/wp-content\/uploads\/2024\/03\/industrie-1024x768.jpg\" class=\"attachment-large size-large wp-image-7081\" alt=\"\" srcset=\"https:\/\/tera-environnement.com\/wp-content\/uploads\/2024\/03\/industrie-1024x768.jpg 1024w, https:\/\/tera-environnement.com\/wp-content\/uploads\/2024\/03\/industrie-300x225.jpg 300w, https:\/\/tera-environnement.com\/wp-content\/uploads\/2024\/03\/industrie-768x576.jpg 768w, https:\/\/tera-environnement.com\/wp-content\/uploads\/2024\/03\/industrie-600x450.jpg 600w, https:\/\/tera-environnement.com\/wp-content\/uploads\/2024\/03\/industrie.jpg 1039w\" sizes=\"(max-width: 800px) 100vw, 800px\" \/>\t\t\t\t\t\t\t\t\t\t\t\t\t\t\t<\/div>\n\t\t\t\t<\/div>\n\t\t\t\t\t<\/div>\n\t\t<\/div>\n\t\t\t\t<div class=\"elementor-column elementor-col-50 elementor-top-column elementor-element elementor-element-472bd656\" data-id=\"472bd656\" data-element_type=\"column\" data-e-type=\"column\">\n\t\t\t<div class=\"elementor-widget-wrap elementor-element-populated\">\n\t\t\t\t\t\t<div class=\"elementor-element elementor-element-5a33603f elementor-widget elementor-widget-text-editor\" data-id=\"5a33603f\" data-element_type=\"widget\" data-e-type=\"widget\" data-widget_type=\"text-editor.default\">\n\t\t\t\t<div class=\"elementor-widget-container\">\n\t\t\t\t\t\t\t\t\t<p>Como laboratorio l\u00edder en ofrecer an\u00e1lisis del aire desde hace m\u00e1s de 20 a\u00f1os, entendemos la importancia crucial de garantizar la calidad, la seguridad y la conformidad en diversos sectores.<\/p><p>Nuestros servicios de an\u00e1lisis se adaptan para satisfacer las necesidades espec\u00edficas de nuestros clientes y, como empresa industrial, podemos ayudarle en todas las fases de sus procesos de dise\u00f1o, producci\u00f3n o tratamiento que requieran an\u00e1lisis del aire o mediciones de la contaminaci\u00f3n en las superficies.<\/p><p>Nuestro laboratorio dispone de una amplia gama de equipos y m\u00e9todos anal\u00edticos para proporcionar resultados precisos y pertinentes. Nuestro equipo altamente cualificado y nuestro laboratorio acreditado COFRAC ISO 17025 est\u00e1n a su servicio para satisfacer sus necesidades espec\u00edficas.<\/p>\t\t\t\t\t\t\t\t<\/div>\n\t\t\t\t<\/div>\n\t\t\t\t\t<\/div>\n\t\t<\/div>\n\t\t\t\t\t<\/div>\n\t\t<\/section>\n\t\t\t\t<section class=\"elementor-section elementor-top-section elementor-element elementor-element-33bb6fdc elementor-section-boxed elementor-section-height-default elementor-section-height-default\" data-id=\"33bb6fdc\" data-element_type=\"section\" data-e-type=\"section\">\n\t\t\t\t\t\t<div class=\"elementor-container elementor-column-gap-default\">\n\t\t\t\t\t<div class=\"elementor-column elementor-col-100 elementor-top-column elementor-element elementor-element-38c26b24\" data-id=\"38c26b24\" data-element_type=\"column\" data-e-type=\"column\">\n\t\t\t<div class=\"elementor-widget-wrap elementor-element-populated\">\n\t\t\t\t\t\t<div class=\"elementor-element elementor-element-1c3d57c3 elementor-widget elementor-widget-text-editor\" data-id=\"1c3d57c3\" data-element_type=\"widget\" data-e-type=\"widget\" data-widget_type=\"text-editor.default\">\n\t\t\t\t<div class=\"elementor-widget-container\">\n\t\t\t\t\t\t\t\t\t<p><span style=\"font-weight: bolder;\">No dude en ponerse en contacto con nosotros para obtener un presupuesto personalizado y conocer nuestras ofertas adaptadas a su sector de actividad.<\/span><\/p>\n\t\t\t\t\t\t\t\t<\/div>\n\t\t\t\t<\/div>\n\t\t\t\t\t<\/div>\n\t\t<\/div>\n\t\t\t\t\t<\/div>\n\t\t<\/section>\n\t\t<div class=\"elementor-element elementor-element-3907643 e-flex e-con-boxed e-con e-parent\" data-id=\"3907643\" data-element_type=\"container\" data-e-type=\"container\">\n\t\t\t\t\t<div class=\"e-con-inner\">\n\t\t\t\t<div class=\"elementor-element elementor-element-93f5235 elementor-widget elementor-widget-image\" data-id=\"93f5235\" data-element_type=\"widget\" data-e-type=\"widget\" data-widget_type=\"image.default\">\n\t\t\t\t<div class=\"elementor-widget-container\">\n\t\t\t\t\t\t\t\t\t\t\t\t\t\t\t<img decoding=\"async\" width=\"300\" height=\"195\" src=\"https:\/\/tera-environnement.com\/wp-content\/uploads\/2024\/01\/ampoule-300x195.jpg\" class=\"attachment-medium size-medium wp-image-8330\" alt=\"\" srcset=\"https:\/\/tera-environnement.com\/wp-content\/uploads\/2024\/01\/ampoule-300x195.jpg 300w, https:\/\/tera-environnement.com\/wp-content\/uploads\/2024\/01\/ampoule.jpg 395w\" sizes=\"(max-width: 300px) 100vw, 300px\" \/>\t\t\t\t\t\t\t\t\t\t\t\t\t\t\t<\/div>\n\t\t\t\t<\/div>\n\t\t\t\t<div class=\"elementor-element elementor-element-caa51ac elementor-widget elementor-widget-text-editor\" data-id=\"caa51ac\" data-element_type=\"widget\" data-e-type=\"widget\" data-widget_type=\"text-editor.default\">\n\t\t\t\t<div class=\"elementor-widget-container\">\n\t\t\t\t\t\t\t\t\t<p>Desde hace m\u00e1s de 20 a\u00f1os, nuestra experiencia en an\u00e1lisis del aire ha convertido TERA Environnement en un laboratorio de confianza para satisfacer sus necesidades.<\/p>\n\t\t\t\t\t\t\t\t<\/div>\n\t\t\t\t<\/div>\n\t\t\t\t\t<\/div>\n\t\t\t\t<\/div>\n\t\t<div class=\"elementor-element elementor-element-d5a5373 e-flex e-con-boxed e-con e-parent\" data-id=\"d5a5373\" data-element_type=\"container\" data-e-type=\"container\">\n\t\t\t\t\t<div class=\"e-con-inner\">\n\t\t<div class=\"elementor-element elementor-element-ee2b60a e-flex e-con-boxed e-con e-child\" data-id=\"ee2b60a\" data-element_type=\"container\" data-e-type=\"container\">\n\t\t\t\t\t<div class=\"e-con-inner\">\n\t\t\t\t<div class=\"elementor-element elementor-element-a96ca32 buton elementor-widget elementor-widget-button\" data-id=\"a96ca32\" data-element_type=\"widget\" data-e-type=\"widget\" data-widget_type=\"button.default\">\n\t\t\t\t<div class=\"elementor-widget-container\">\n\t\t\t\t\t\t\t\t\t<div class=\"elementor-button-wrapper\">\n\t\t\t\t\t<a class=\"elementor-button elementor-button-link elementor-size-sm\" href=\"https:\/\/tera-environnement.com\/es\/analisis-de-aire\/exposicion-profesional\/\">\n\t\t\t\t\t\t<span class=\"elementor-button-content-wrapper\">\n\t\t\t\t\t\t\t\t\t<span class=\"elementor-button-text\">An\u00e1lisis del aire<\/span>\n\t\t\t\t\t<\/span>\n\t\t\t\t\t<\/a>\n\t\t\t\t<\/div>\n\t\t\t\t\t\t\t\t<\/div>\n\t\t\t\t<\/div>\n\t\t\t\t<div class=\"elementor-element elementor-element-de89273 buton elementor-widget elementor-widget-button\" data-id=\"de89273\" data-element_type=\"widget\" data-e-type=\"widget\" data-widget_type=\"button.default\">\n\t\t\t\t<div class=\"elementor-widget-container\">\n\t\t\t\t\t\t\t\t\t<div class=\"elementor-button-wrapper\">\n\t\t\t\t\t<a class=\"elementor-button elementor-button-link elementor-size-sm\" href=\"mailto:commercial@tera-environnement.com\">\n\t\t\t\t\t\t<span class=\"elementor-button-content-wrapper\">\n\t\t\t\t\t\t\t\t\t<span class=\"elementor-button-text\">Solicitar un presupuesto<\/span>\n\t\t\t\t\t<\/span>\n\t\t\t\t\t<\/a>\n\t\t\t\t<\/div>\n\t\t\t\t\t\t\t\t<\/div>\n\t\t\t\t<\/div>\n\t\t\t\t\t<\/div>\n\t\t\t\t<\/div>\n\t\t\t\t\t<\/div>\n\t\t\t\t<\/div>\n\t\t\t\t<section class=\"elementor-section elementor-top-section elementor-element elementor-element-1861450f elementor-section-boxed elementor-section-height-default elementor-section-height-default\" data-id=\"1861450f\" data-element_type=\"section\" data-e-type=\"section\">\n\t\t\t\t\t\t<div class=\"elementor-container elementor-column-gap-default\">\n\t\t\t\t\t<div class=\"elementor-column elementor-col-100 elementor-top-column elementor-element elementor-element-20941198\" data-id=\"20941198\" data-element_type=\"column\" data-e-type=\"column\">\n\t\t\t<div class=\"elementor-widget-wrap elementor-element-populated\">\n\t\t\t\t\t\t<div class=\"elementor-element elementor-element-3b07b4e elementor-widget elementor-widget-spacer\" data-id=\"3b07b4e\" data-element_type=\"widget\" data-e-type=\"widget\" data-widget_type=\"spacer.default\">\n\t\t\t\t<div class=\"elementor-widget-container\">\n\t\t\t\t\t\t\t<div class=\"elementor-spacer\">\n\t\t\t<div class=\"elementor-spacer-inner\"><\/div>\n\t\t<\/div>\n\t\t\t\t\t\t<\/div>\n\t\t\t\t<\/div>\n\t\t\t\t\t<\/div>\n\t\t<\/div>\n\t\t\t\t\t<\/div>\n\t\t<\/section>\n\t\t\t\t<\/div>\n\t\t","protected":false},"excerpt":{"rendered":"<p>Como laboratorio l\u00edder en ofrecer an\u00e1lisis del aire desde hace m\u00e1s de 20 a\u00f1os, entendemos la importancia crucial de garantizar la calidad, la seguridad y la conformidad en diversos sectores. Nuestros servicios de an\u00e1lisis se adaptan para satisfacer las necesidades espec\u00edficas de nuestros clientes y, como empresa industrial, podemos ayudarle en todas las fases de [&hellip;]<\/p>\n","protected":false},"author":2,"featured_media":0,"parent":7078,"menu_order":7,"comment_status":"closed","ping_status":"closed","template":"elementor_header_footer","meta":{"_acf_changed":false,"footnotes":""},"class_list":["post-7080","page","type-page","status-publish","hentry"],"acf":[],"yoast_head":"<!-- This site is optimized with the Yoast SEO plugin v27.4 - https:\/\/yoast.com\/product\/yoast-seo-wordpress\/ -->\n<title>An\u00e1lisis aire para el sector de la industria<\/title>\n<meta name=\"description\" content=\"Nuestros servicios anal\u00edticos se han dise\u00f1ado para satisfacer las necesidades espec\u00edficas de nuestros clientes desde hace m\u00e1s de 20 a\u00f1os.\" \/>\n<meta name=\"robots\" content=\"index, follow, max-snippet:-1, max-image-preview:large, max-video-preview:-1\" \/>\n<link rel=\"canonical\" href=\"https:\/\/tera-environnement.com\/es\/nuestros-clientes\/industria\/\" \/>\n<meta property=\"og:locale\" content=\"es_ES\" \/>\n<meta property=\"og:type\" content=\"article\" \/>\n<meta property=\"og:title\" content=\"An\u00e1lisis aire para el sector de la industria\" \/>\n<meta property=\"og:description\" content=\"Nuestros servicios anal\u00edticos se han dise\u00f1ado para satisfacer las necesidades espec\u00edficas de nuestros clientes desde hace m\u00e1s de 20 a\u00f1os.\" \/>\n<meta property=\"og:url\" content=\"https:\/\/tera-environnement.com\/es\/nuestros-clientes\/industria\/\" \/>\n<meta property=\"og:site_name\" content=\"TERA Environnement\" \/>\n<meta property=\"article:modified_time\" content=\"2024-10-09T14:22:38+00:00\" \/>\n<meta property=\"og:image\" content=\"https:\/\/tera-environnement.com\/wp-content\/uploads\/2023\/09\/fleche-grise.png\" \/>\n<meta name=\"twitter:card\" content=\"summary_large_image\" \/>\n<meta name=\"twitter:label1\" content=\"Tiempo de lectura\" \/>\n\t<meta name=\"twitter:data1\" content=\"2 minutos\" \/>\n<script type=\"application\/ld+json\" class=\"yoast-schema-graph\">{\"@context\":\"https:\\\/\\\/schema.org\",\"@graph\":[{\"@type\":\"WebPage\",\"@id\":\"https:\\\/\\\/tera-environnement.com\\\/es\\\/nuestros-clientes\\\/industria\\\/\",\"url\":\"https:\\\/\\\/tera-environnement.com\\\/es\\\/nuestros-clientes\\\/industria\\\/\",\"name\":\"An\u00e1lisis aire para el sector de la industria\",\"isPartOf\":{\"@id\":\"https:\\\/\\\/tera-environnement.com\\\/#website\"},\"primaryImageOfPage\":{\"@id\":\"https:\\\/\\\/tera-environnement.com\\\/es\\\/nuestros-clientes\\\/industria\\\/#primaryimage\"},\"image\":{\"@id\":\"https:\\\/\\\/tera-environnement.com\\\/es\\\/nuestros-clientes\\\/industria\\\/#primaryimage\"},\"thumbnailUrl\":\"https:\\\/\\\/tera-environnement.com\\\/wp-content\\\/uploads\\\/2023\\\/09\\\/fleche-grise.png\",\"datePublished\":\"2023-11-20T10:21:35+00:00\",\"dateModified\":\"2024-10-09T14:22:38+00:00\",\"description\":\"Nuestros servicios anal\u00edticos se han dise\u00f1ado para satisfacer las necesidades espec\u00edficas de nuestros clientes desde hace m\u00e1s de 20 a\u00f1os.\",\"breadcrumb\":{\"@id\":\"https:\\\/\\\/tera-environnement.com\\\/es\\\/nuestros-clientes\\\/industria\\\/#breadcrumb\"},\"inLanguage\":\"es\",\"potentialAction\":[{\"@type\":\"ReadAction\",\"target\":[\"https:\\\/\\\/tera-environnement.com\\\/es\\\/nuestros-clientes\\\/industria\\\/\"]}]},{\"@type\":\"ImageObject\",\"inLanguage\":\"es\",\"@id\":\"https:\\\/\\\/tera-environnement.com\\\/es\\\/nuestros-clientes\\\/industria\\\/#primaryimage\",\"url\":\"https:\\\/\\\/tera-environnement.com\\\/wp-content\\\/uploads\\\/2023\\\/09\\\/fleche-grise.png\",\"contentUrl\":\"https:\\\/\\\/tera-environnement.com\\\/wp-content\\\/uploads\\\/2023\\\/09\\\/fleche-grise.png\"},{\"@type\":\"BreadcrumbList\",\"@id\":\"https:\\\/\\\/tera-environnement.com\\\/es\\\/nuestros-clientes\\\/industria\\\/#breadcrumb\",\"itemListElement\":[{\"@type\":\"ListItem\",\"position\":1,\"name\":\"Home\",\"item\":\"https:\\\/\\\/tera-environnement.com\\\/es\\\/\"},{\"@type\":\"ListItem\",\"position\":2,\"name\":\"Nuestros clientes\",\"item\":\"https:\\\/\\\/tera-environnement.com\\\/es\\\/nuestros-clientes\\\/\"},{\"@type\":\"ListItem\",\"position\":3,\"name\":\"Industria\"}]},{\"@type\":\"WebSite\",\"@id\":\"https:\\\/\\\/tera-environnement.com\\\/#website\",\"url\":\"https:\\\/\\\/tera-environnement.com\\\/\",\"name\":\"TERA Environnement\",\"description\":\"Une soci\u00e9t\u00e9 du groupe tera\",\"publisher\":{\"@id\":\"https:\\\/\\\/tera-environnement.com\\\/#organization\"},\"potentialAction\":[{\"@type\":\"SearchAction\",\"target\":{\"@type\":\"EntryPoint\",\"urlTemplate\":\"https:\\\/\\\/tera-environnement.com\\\/?s={search_term_string}\"},\"query-input\":{\"@type\":\"PropertyValueSpecification\",\"valueRequired\":true,\"valueName\":\"search_term_string\"}}],\"inLanguage\":\"es\"},{\"@type\":\"Organization\",\"@id\":\"https:\\\/\\\/tera-environnement.com\\\/#organization\",\"name\":\"TERA Environnement\",\"url\":\"https:\\\/\\\/tera-environnement.com\\\/\",\"logo\":{\"@type\":\"ImageObject\",\"inLanguage\":\"es\",\"@id\":\"https:\\\/\\\/tera-environnement.com\\\/#\\\/schema\\\/logo\\\/image\\\/\",\"url\":\"https:\\\/\\\/tera-environnement.com\\\/wp-content\\\/uploads\\\/2023\\\/09\\\/Logotype_Tera_Sensor-seul_couleur-1.jpg\",\"contentUrl\":\"https:\\\/\\\/tera-environnement.com\\\/wp-content\\\/uploads\\\/2023\\\/09\\\/Logotype_Tera_Sensor-seul_couleur-1.jpg\",\"width\":125,\"height\":90,\"caption\":\"TERA Environnement\"},\"image\":{\"@id\":\"https:\\\/\\\/tera-environnement.com\\\/#\\\/schema\\\/logo\\\/image\\\/\"}}]}<\/script>\n<!-- \/ Yoast SEO plugin. -->","yoast_head_json":{"title":"An\u00e1lisis aire para el sector de la industria","description":"Nuestros servicios anal\u00edticos se han dise\u00f1ado para satisfacer las necesidades espec\u00edficas de nuestros clientes desde hace m\u00e1s de 20 a\u00f1os.","robots":{"index":"index","follow":"follow","max-snippet":"max-snippet:-1","max-image-preview":"max-image-preview:large","max-video-preview":"max-video-preview:-1"},"canonical":"https:\/\/tera-environnement.com\/es\/nuestros-clientes\/industria\/","og_locale":"es_ES","og_type":"article","og_title":"An\u00e1lisis aire para el sector de la industria","og_description":"Nuestros servicios anal\u00edticos se han dise\u00f1ado para satisfacer las necesidades espec\u00edficas de nuestros clientes desde hace m\u00e1s de 20 a\u00f1os.","og_url":"https:\/\/tera-environnement.com\/es\/nuestros-clientes\/industria\/","og_site_name":"TERA Environnement","article_modified_time":"2024-10-09T14:22:38+00:00","og_image":[{"url":"https:\/\/tera-environnement.com\/wp-content\/uploads\/2023\/09\/fleche-grise.png","type":"","width":"","height":""}],"twitter_card":"summary_large_image","twitter_misc":{"Tiempo de lectura":"2 minutos"},"schema":{"@context":"https:\/\/schema.org","@graph":[{"@type":"WebPage","@id":"https:\/\/tera-environnement.com\/es\/nuestros-clientes\/industria\/","url":"https:\/\/tera-environnement.com\/es\/nuestros-clientes\/industria\/","name":"An\u00e1lisis aire para el sector de la industria","isPartOf":{"@id":"https:\/\/tera-environnement.com\/#website"},"primaryImageOfPage":{"@id":"https:\/\/tera-environnement.com\/es\/nuestros-clientes\/industria\/#primaryimage"},"image":{"@id":"https:\/\/tera-environnement.com\/es\/nuestros-clientes\/industria\/#primaryimage"},"thumbnailUrl":"https:\/\/tera-environnement.com\/wp-content\/uploads\/2023\/09\/fleche-grise.png","datePublished":"2023-11-20T10:21:35+00:00","dateModified":"2024-10-09T14:22:38+00:00","description":"Nuestros servicios anal\u00edticos se han dise\u00f1ado para satisfacer las necesidades espec\u00edficas de nuestros clientes desde hace m\u00e1s de 20 a\u00f1os.","breadcrumb":{"@id":"https:\/\/tera-environnement.com\/es\/nuestros-clientes\/industria\/#breadcrumb"},"inLanguage":"es","potentialAction":[{"@type":"ReadAction","target":["https:\/\/tera-environnement.com\/es\/nuestros-clientes\/industria\/"]}]},{"@type":"ImageObject","inLanguage":"es","@id":"https:\/\/tera-environnement.com\/es\/nuestros-clientes\/industria\/#primaryimage","url":"https:\/\/tera-environnement.com\/wp-content\/uploads\/2023\/09\/fleche-grise.png","contentUrl":"https:\/\/tera-environnement.com\/wp-content\/uploads\/2023\/09\/fleche-grise.png"},{"@type":"BreadcrumbList","@id":"https:\/\/tera-environnement.com\/es\/nuestros-clientes\/industria\/#breadcrumb","itemListElement":[{"@type":"ListItem","position":1,"name":"Home","item":"https:\/\/tera-environnement.com\/es\/"},{"@type":"ListItem","position":2,"name":"Nuestros clientes","item":"https:\/\/tera-environnement.com\/es\/nuestros-clientes\/"},{"@type":"ListItem","position":3,"name":"Industria"}]},{"@type":"WebSite","@id":"https:\/\/tera-environnement.com\/#website","url":"https:\/\/tera-environnement.com\/","name":"TERA Environnement","description":"Une soci\u00e9t\u00e9 du groupe tera","publisher":{"@id":"https:\/\/tera-environnement.com\/#organization"},"potentialAction":[{"@type":"SearchAction","target":{"@type":"EntryPoint","urlTemplate":"https:\/\/tera-environnement.com\/?s={search_term_string}"},"query-input":{"@type":"PropertyValueSpecification","valueRequired":true,"valueName":"search_term_string"}}],"inLanguage":"es"},{"@type":"Organization","@id":"https:\/\/tera-environnement.com\/#organization","name":"TERA Environnement","url":"https:\/\/tera-environnement.com\/","logo":{"@type":"ImageObject","inLanguage":"es","@id":"https:\/\/tera-environnement.com\/#\/schema\/logo\/image\/","url":"https:\/\/tera-environnement.com\/wp-content\/uploads\/2023\/09\/Logotype_Tera_Sensor-seul_couleur-1.jpg","contentUrl":"https:\/\/tera-environnement.com\/wp-content\/uploads\/2023\/09\/Logotype_Tera_Sensor-seul_couleur-1.jpg","width":125,"height":90,"caption":"TERA Environnement"},"image":{"@id":"https:\/\/tera-environnement.com\/#\/schema\/logo\/image\/"}}]}},"_links":{"self":[{"href":"https:\/\/tera-environnement.com\/es\/wp-json\/wp\/v2\/pages\/7080","targetHints":{"allow":["GET"]}}],"collection":[{"href":"https:\/\/tera-environnement.com\/es\/wp-json\/wp\/v2\/pages"}],"about":[{"href":"https:\/\/tera-environnement.com\/es\/wp-json\/wp\/v2\/types\/page"}],"author":[{"embeddable":true,"href":"https:\/\/tera-environnement.com\/es\/wp-json\/wp\/v2\/users\/2"}],"replies":[{"embeddable":true,"href":"https:\/\/tera-environnement.com\/es\/wp-json\/wp\/v2\/comments?post=7080"}],"version-history":[{"count":16,"href":"https:\/\/tera-environnement.com\/es\/wp-json\/wp\/v2\/pages\/7080\/revisions"}],"predecessor-version":[{"id":11280,"href":"https:\/\/tera-environnement.com\/es\/wp-json\/wp\/v2\/pages\/7080\/revisions\/11280"}],"up":[{"embeddable":true,"href":"https:\/\/tera-environnement.com\/es\/wp-json\/wp\/v2\/pages\/7078"}],"wp:attachment":[{"href":"https:\/\/tera-environnement.com\/es\/wp-json\/wp\/v2\/media?parent=7080"}],"curies":[{"name":"wp","href":"https:\/\/api.w.org\/{rel}","templated":true}]}}