{"id":7083,"date":"2023-11-20T11:21:22","date_gmt":"2023-11-20T10:21:22","guid":{"rendered":"https:\/\/tera-environnement.com\/vous-etes\/sante-pharmacie\/"},"modified":"2024-10-09T16:21:33","modified_gmt":"2024-10-09T14:21:33","slug":"salud-y-farmacia","status":"publish","type":"page","link":"https:\/\/tera-environnement.com\/es\/nuestros-clientes\/salud-y-farmacia\/","title":{"rendered":"Salud &#038; Farmacia"},"content":{"rendered":"\t\t<div data-elementor-type=\"wp-page\" data-elementor-id=\"7083\" class=\"elementor elementor-7083 elementor-2019\" data-elementor-post-type=\"page\">\n\t\t\t\t\t\t<section class=\"elementor-section elementor-top-section elementor-element elementor-element-6d474e68 elementor-section-boxed elementor-section-height-default elementor-section-height-default\" data-id=\"6d474e68\" data-element_type=\"section\" data-e-type=\"section\">\n\t\t\t\t\t\t<div class=\"elementor-container elementor-column-gap-default\">\n\t\t\t\t\t<div class=\"elementor-column elementor-col-100 elementor-top-column elementor-element elementor-element-3936d184\" data-id=\"3936d184\" data-element_type=\"column\" data-e-type=\"column\">\n\t\t\t<div class=\"elementor-widget-wrap elementor-element-populated\">\n\t\t\t\t\t\t<div class=\"elementor-element elementor-element-3d39d29a elementor-widget elementor-widget-shortcode\" data-id=\"3d39d29a\" data-element_type=\"widget\" data-e-type=\"widget\" data-widget_type=\"shortcode.default\">\n\t\t\t\t<div class=\"elementor-widget-container\">\n\t\t\t\t\t\t\t<div class=\"elementor-shortcode\"><ul id=\"breadcrumbs\"><li><a href=\"https:\/\/tera-environnement.com\/es\/\">Inicio<\/a><\/li><\/ul><\/div>\n\t\t\t\t\t\t<\/div>\n\t\t\t\t<\/div>\n\t\t\t\t<div class=\"elementor-element elementor-element-1b6d65d9 elementor-widget__width-auto elementor-widget elementor-widget-image\" data-id=\"1b6d65d9\" data-element_type=\"widget\" data-e-type=\"widget\" data-widget_type=\"image.default\">\n\t\t\t\t<div class=\"elementor-widget-container\">\n\t\t\t\t\t\t\t\t\t\t\t\t\t\t\t<img decoding=\"async\" width=\"68\" height=\"69\" src=\"https:\/\/tera-environnement.com\/wp-content\/uploads\/2023\/09\/fleche-grise.png\" class=\"attachment-large size-large wp-image-389\" alt=\"\" \/>\t\t\t\t\t\t\t\t\t\t\t\t\t\t\t<\/div>\n\t\t\t\t<\/div>\n\t\t\t\t<div class=\"elementor-element elementor-element-4085b164 elementor-widget__width-auto elementor-widget elementor-widget-heading\" data-id=\"4085b164\" data-element_type=\"widget\" data-e-type=\"widget\" data-widget_type=\"heading.default\">\n\t\t\t\t<div class=\"elementor-widget-container\">\n\t\t\t\t\t<h1 class=\"elementor-heading-title elementor-size-default\">Salud &#038; Farmacia<\/h1>\t\t\t\t<\/div>\n\t\t\t\t<\/div>\n\t\t\t\t\t<\/div>\n\t\t<\/div>\n\t\t\t\t\t<\/div>\n\t\t<\/section>\n\t\t<div class=\"elementor-element elementor-element-32ed397 e-flex e-con-boxed e-con e-parent\" data-id=\"32ed397\" data-element_type=\"container\" data-e-type=\"container\">\n\t\t\t\t\t<div class=\"e-con-inner\">\n\t\t\t\t<div class=\"elementor-element elementor-element-2adc594 elementor-widget elementor-widget-spacer\" data-id=\"2adc594\" data-element_type=\"widget\" data-e-type=\"widget\" data-widget_type=\"spacer.default\">\n\t\t\t\t<div class=\"elementor-widget-container\">\n\t\t\t\t\t\t\t<div class=\"elementor-spacer\">\n\t\t\t<div class=\"elementor-spacer-inner\"><\/div>\n\t\t<\/div>\n\t\t\t\t\t\t<\/div>\n\t\t\t\t<\/div>\n\t\t\t\t\t<\/div>\n\t\t\t\t<\/div>\n\t\t\t\t<section class=\"elementor-section elementor-top-section elementor-element elementor-element-75d7af8a elementor-section-content-middle elementor-section-boxed elementor-section-height-default elementor-section-height-default\" data-id=\"75d7af8a\" data-element_type=\"section\" data-e-type=\"section\">\n\t\t\t\t\t\t<div class=\"elementor-container elementor-column-gap-default\">\n\t\t\t\t\t<div class=\"elementor-column elementor-col-50 elementor-top-column elementor-element elementor-element-712c2bbf\" data-id=\"712c2bbf\" data-element_type=\"column\" data-e-type=\"column\">\n\t\t\t<div class=\"elementor-widget-wrap elementor-element-populated\">\n\t\t\t\t\t\t<div class=\"elementor-element elementor-element-4ace2e37 elementor-widget elementor-widget-image\" data-id=\"4ace2e37\" data-element_type=\"widget\" data-e-type=\"widget\" data-widget_type=\"image.default\">\n\t\t\t\t<div class=\"elementor-widget-container\">\n\t\t\t\t\t\t\t\t\t\t\t\t\t\t\t<img fetchpriority=\"high\" decoding=\"async\" width=\"768\" height=\"512\" src=\"https:\/\/tera-environnement.com\/wp-content\/uploads\/2024\/03\/sante-et-pharmacie-768x512.jpg\" class=\"attachment-medium_large size-medium_large wp-image-7084\" alt=\"\" srcset=\"https:\/\/tera-environnement.com\/wp-content\/uploads\/2024\/03\/sante-et-pharmacie-768x512.jpg 768w, https:\/\/tera-environnement.com\/wp-content\/uploads\/2024\/03\/sante-et-pharmacie-300x200.jpg 300w, https:\/\/tera-environnement.com\/wp-content\/uploads\/2024\/03\/sante-et-pharmacie-1024x683.jpg 1024w, https:\/\/tera-environnement.com\/wp-content\/uploads\/2024\/03\/sante-et-pharmacie-600x400.jpg 600w, https:\/\/tera-environnement.com\/wp-content\/uploads\/2024\/03\/sante-et-pharmacie.jpg 1168w\" sizes=\"(max-width: 768px) 100vw, 768px\" \/>\t\t\t\t\t\t\t\t\t\t\t\t\t\t\t<\/div>\n\t\t\t\t<\/div>\n\t\t\t\t\t<\/div>\n\t\t<\/div>\n\t\t\t\t<div class=\"elementor-column elementor-col-50 elementor-top-column elementor-element elementor-element-51ed8aa\" data-id=\"51ed8aa\" data-element_type=\"column\" data-e-type=\"column\">\n\t\t\t<div class=\"elementor-widget-wrap elementor-element-populated\">\n\t\t\t\t\t\t<div class=\"elementor-element elementor-element-6cd548a5 elementor-widget elementor-widget-text-editor\" data-id=\"6cd548a5\" data-element_type=\"widget\" data-e-type=\"widget\" data-widget_type=\"text-editor.default\">\n\t\t\t\t<div class=\"elementor-widget-container\">\n\t\t\t\t\t\t\t\t\t<p>Como laboratorio l\u00edder en ofrecer el control de la contaminaci\u00f3n de las superficies desde hace m\u00e1s de 20 a\u00f1os, entendemos la importancia crucial de garantizar la calidad, la seguridad y la conformidad en diversos sectores.<\/p><p>Nuestros servicios de an\u00e1lisis se adaptan para satisfacer las necesidades espec\u00edficas de nuestros clientes y, como profesional de los sectores de la salud, le apoyamos en garantizar la seguridad del paciente y la calidad del producto.<\/p><p>Nuestro laboratorio realiza an\u00e1lisis de extra\u00edbles y lixiviables, sustancias que pueden migrar al producto final durante la vida \u00fatil prevista o durante el tiempo de contacto y tener un impacto no deseable sobre el producto final y su usuario.<\/p>\t\t\t\t\t\t\t\t<\/div>\n\t\t\t\t<\/div>\n\t\t\t\t\t<\/div>\n\t\t<\/div>\n\t\t\t\t\t<\/div>\n\t\t<\/section>\n\t\t\t\t<section class=\"elementor-section elementor-top-section elementor-element elementor-element-5c915efa elementor-section-boxed elementor-section-height-default elementor-section-height-default\" data-id=\"5c915efa\" data-element_type=\"section\" data-e-type=\"section\">\n\t\t\t\t\t\t<div class=\"elementor-container elementor-column-gap-default\">\n\t\t\t\t\t<div class=\"elementor-column elementor-col-100 elementor-top-column elementor-element elementor-element-63dace2d\" data-id=\"63dace2d\" data-element_type=\"column\" data-e-type=\"column\">\n\t\t\t<div class=\"elementor-widget-wrap elementor-element-populated\">\n\t\t\t\t\t\t<div class=\"elementor-element elementor-element-18d573a2 elementor-widget elementor-widget-text-editor\" data-id=\"18d573a2\" data-element_type=\"widget\" data-e-type=\"widget\" data-widget_type=\"text-editor.default\">\n\t\t\t\t<div class=\"elementor-widget-container\">\n\t\t\t\t\t\t\t\t\t<p>Nuestro laboratorio dispone de una amplia gama de equipos y m\u00e9todos anal\u00edticos para proporcionar resultados precisos y pertinentes. Nuestro equipo altamente cualificado y nuestro laboratorio acreditado COFRAC ISO 17025 est\u00e1n a su servicio para satisfacer sus necesidades espec\u00edficas.<\/p>\n<p><span style=\"font-weight: bolder;\">No dude en ponerse en contacto con nosotros para obtener un presupuesto personalizado y conocer nuestras ofertas adaptadas a su sector de actividad.<\/span><br><\/p>\t\t\t\t\t\t\t\t<\/div>\n\t\t\t\t<\/div>\n\t\t\t\t\t<\/div>\n\t\t<\/div>\n\t\t\t\t\t<\/div>\n\t\t<\/section>\n\t\t<div class=\"elementor-element elementor-element-c8b8ac3 e-flex e-con-boxed e-con e-parent\" data-id=\"c8b8ac3\" data-element_type=\"container\" data-e-type=\"container\">\n\t\t\t\t\t<div class=\"e-con-inner\">\n\t\t\t\t<div class=\"elementor-element elementor-element-71a527a elementor-widget elementor-widget-image\" data-id=\"71a527a\" data-element_type=\"widget\" data-e-type=\"widget\" data-widget_type=\"image.default\">\n\t\t\t\t<div class=\"elementor-widget-container\">\n\t\t\t\t\t\t\t\t\t\t\t\t\t\t\t<img decoding=\"async\" width=\"300\" height=\"195\" src=\"https:\/\/tera-environnement.com\/wp-content\/uploads\/2024\/01\/ampoule-300x195.jpg\" class=\"attachment-medium size-medium wp-image-8330\" alt=\"\" srcset=\"https:\/\/tera-environnement.com\/wp-content\/uploads\/2024\/01\/ampoule-300x195.jpg 300w, https:\/\/tera-environnement.com\/wp-content\/uploads\/2024\/01\/ampoule.jpg 395w\" sizes=\"(max-width: 300px) 100vw, 300px\" \/>\t\t\t\t\t\t\t\t\t\t\t\t\t\t\t<\/div>\n\t\t\t\t<\/div>\n\t\t\t\t<div class=\"elementor-element elementor-element-8b2b446 elementor-widget elementor-widget-text-editor\" data-id=\"8b2b446\" data-element_type=\"widget\" data-e-type=\"widget\" data-widget_type=\"text-editor.default\">\n\t\t\t\t<div class=\"elementor-widget-container\">\n\t\t\t\t\t\t\t\t\t<p>Desde hace m\u00e1s de 20 a\u00f1os, nuestra experiencia en el control de la contaminaci\u00f3n de las superficies ha convertido TERA Environnement en un laboratorio de confianza para satisfacer sus necesidades.<\/p>\n\t\t\t\t\t\t\t\t<\/div>\n\t\t\t\t<\/div>\n\t\t\t\t\t<\/div>\n\t\t\t\t<\/div>\n\t\t<div class=\"elementor-element elementor-element-1bd4cdb e-flex e-con-boxed e-con e-parent\" data-id=\"1bd4cdb\" data-element_type=\"container\" data-e-type=\"container\">\n\t\t\t\t\t<div class=\"e-con-inner\">\n\t\t<div class=\"elementor-element elementor-element-eec3c23 e-flex e-con-boxed e-con e-child\" data-id=\"eec3c23\" data-element_type=\"container\" data-e-type=\"container\">\n\t\t\t\t\t<div class=\"e-con-inner\">\n\t\t\t\t<div class=\"elementor-element elementor-element-91ffd6c buton elementor-widget elementor-widget-button\" data-id=\"91ffd6c\" data-element_type=\"widget\" data-e-type=\"widget\" data-widget_type=\"button.default\">\n\t\t\t\t<div class=\"elementor-widget-container\">\n\t\t\t\t\t\t\t\t\t<div class=\"elementor-button-wrapper\">\n\t\t\t\t\t<a class=\"elementor-button elementor-button-link elementor-size-sm\" href=\"https:\/\/tera-environnement.com\/es\/control-de-contaminacion\/extraibles\/\">\n\t\t\t\t\t\t<span class=\"elementor-button-content-wrapper\">\n\t\t\t\t\t\t\t\t\t<span class=\"elementor-button-text\">Control de la contaminaci\u00f3n<\/span>\n\t\t\t\t\t<\/span>\n\t\t\t\t\t<\/a>\n\t\t\t\t<\/div>\n\t\t\t\t\t\t\t\t<\/div>\n\t\t\t\t<\/div>\n\t\t\t\t<div class=\"elementor-element elementor-element-80c961f buton elementor-widget elementor-widget-button\" data-id=\"80c961f\" data-element_type=\"widget\" data-e-type=\"widget\" data-widget_type=\"button.default\">\n\t\t\t\t<div class=\"elementor-widget-container\">\n\t\t\t\t\t\t\t\t\t<div class=\"elementor-button-wrapper\">\n\t\t\t\t\t<a class=\"elementor-button elementor-button-link elementor-size-sm\" href=\"mailto:commercial@tera-environnement.com\">\n\t\t\t\t\t\t<span class=\"elementor-button-content-wrapper\">\n\t\t\t\t\t\t\t\t\t<span class=\"elementor-button-text\">Solicitar un presupuesto<\/span>\n\t\t\t\t\t<\/span>\n\t\t\t\t\t<\/a>\n\t\t\t\t<\/div>\n\t\t\t\t\t\t\t\t<\/div>\n\t\t\t\t<\/div>\n\t\t\t\t\t<\/div>\n\t\t\t\t<\/div>\n\t\t\t\t\t<\/div>\n\t\t\t\t<\/div>\n\t\t\t\t<section class=\"elementor-section elementor-top-section elementor-element elementor-element-27bd5467 elementor-section-boxed elementor-section-height-default elementor-section-height-default\" data-id=\"27bd5467\" data-element_type=\"section\" data-e-type=\"section\">\n\t\t\t\t\t\t<div class=\"elementor-container elementor-column-gap-default\">\n\t\t\t\t\t<div class=\"elementor-column elementor-col-100 elementor-top-column elementor-element elementor-element-2f0484e2\" data-id=\"2f0484e2\" data-element_type=\"column\" data-e-type=\"column\">\n\t\t\t<div class=\"elementor-widget-wrap elementor-element-populated\">\n\t\t\t\t\t\t<div class=\"elementor-element elementor-element-1086137f elementor-widget elementor-widget-spacer\" data-id=\"1086137f\" data-element_type=\"widget\" data-e-type=\"widget\" data-widget_type=\"spacer.default\">\n\t\t\t\t<div class=\"elementor-widget-container\">\n\t\t\t\t\t\t\t<div class=\"elementor-spacer\">\n\t\t\t<div class=\"elementor-spacer-inner\"><\/div>\n\t\t<\/div>\n\t\t\t\t\t\t<\/div>\n\t\t\t\t<\/div>\n\t\t\t\t\t<\/div>\n\t\t<\/div>\n\t\t\t\t\t<\/div>\n\t\t<\/section>\n\t\t\t\t<\/div>\n\t\t","protected":false},"excerpt":{"rendered":"<p>Como laboratorio l\u00edder en ofrecer el control de la contaminaci\u00f3n de las superficies desde hace m\u00e1s de 20 a\u00f1os, entendemos la importancia crucial de garantizar la calidad, la seguridad y la conformidad en diversos sectores. Nuestros servicios de an\u00e1lisis se adaptan para satisfacer las necesidades espec\u00edficas de nuestros clientes y, como profesional de los sectores [&hellip;]<\/p>\n","protected":false},"author":2,"featured_media":0,"parent":7078,"menu_order":6,"comment_status":"closed","ping_status":"closed","template":"elementor_header_footer","meta":{"_acf_changed":false,"footnotes":""},"class_list":["post-7083","page","type-page","status-publish","hentry"],"acf":[],"yoast_head":"<!-- This site is optimized with the Yoast SEO plugin v27.3 - https:\/\/yoast.com\/product\/yoast-seo-wordpress\/ -->\n<title>An\u00e1lisis de contaminantes qu\u00edmicos en extra\u00edbles<\/title>\n<meta name=\"description\" content=\"Nuestro laboratorio dispone de una amplia gama de equipos y m\u00e9todos anal\u00edticos para proporcionar resultados precisos y pertinentes.\" \/>\n<meta name=\"robots\" content=\"index, follow, max-snippet:-1, max-image-preview:large, max-video-preview:-1\" \/>\n<link rel=\"canonical\" href=\"https:\/\/tera-environnement.com\/es\/nuestros-clientes\/salud-y-farmacia\/\" \/>\n<meta property=\"og:locale\" content=\"es_ES\" \/>\n<meta property=\"og:type\" content=\"article\" \/>\n<meta property=\"og:title\" content=\"An\u00e1lisis de contaminantes qu\u00edmicos en extra\u00edbles\" \/>\n<meta property=\"og:description\" content=\"Nuestro laboratorio dispone de una amplia gama de equipos y m\u00e9todos anal\u00edticos para proporcionar resultados precisos y pertinentes.\" \/>\n<meta property=\"og:url\" content=\"https:\/\/tera-environnement.com\/es\/nuestros-clientes\/salud-y-farmacia\/\" \/>\n<meta property=\"og:site_name\" content=\"TERA Environnement\" \/>\n<meta property=\"article:modified_time\" content=\"2024-10-09T14:21:33+00:00\" \/>\n<meta property=\"og:image\" content=\"https:\/\/tera-environnement.com\/wp-content\/uploads\/2023\/09\/fleche-grise.png\" \/>\n<meta name=\"twitter:card\" content=\"summary_large_image\" \/>\n<meta name=\"twitter:label1\" content=\"Tiempo de lectura\" \/>\n\t<meta name=\"twitter:data1\" content=\"2 minutos\" \/>\n<script type=\"application\/ld+json\" class=\"yoast-schema-graph\">{\"@context\":\"https:\\\/\\\/schema.org\",\"@graph\":[{\"@type\":\"WebPage\",\"@id\":\"https:\\\/\\\/tera-environnement.com\\\/es\\\/nuestros-clientes\\\/salud-y-farmacia\\\/\",\"url\":\"https:\\\/\\\/tera-environnement.com\\\/es\\\/nuestros-clientes\\\/salud-y-farmacia\\\/\",\"name\":\"An\u00e1lisis de contaminantes qu\u00edmicos en extra\u00edbles\",\"isPartOf\":{\"@id\":\"https:\\\/\\\/tera-environnement.com\\\/#website\"},\"primaryImageOfPage\":{\"@id\":\"https:\\\/\\\/tera-environnement.com\\\/es\\\/nuestros-clientes\\\/salud-y-farmacia\\\/#primaryimage\"},\"image\":{\"@id\":\"https:\\\/\\\/tera-environnement.com\\\/es\\\/nuestros-clientes\\\/salud-y-farmacia\\\/#primaryimage\"},\"thumbnailUrl\":\"https:\\\/\\\/tera-environnement.com\\\/wp-content\\\/uploads\\\/2023\\\/09\\\/fleche-grise.png\",\"datePublished\":\"2023-11-20T10:21:22+00:00\",\"dateModified\":\"2024-10-09T14:21:33+00:00\",\"description\":\"Nuestro laboratorio dispone de una amplia gama de equipos y m\u00e9todos anal\u00edticos para proporcionar resultados precisos y pertinentes.\",\"breadcrumb\":{\"@id\":\"https:\\\/\\\/tera-environnement.com\\\/es\\\/nuestros-clientes\\\/salud-y-farmacia\\\/#breadcrumb\"},\"inLanguage\":\"es\",\"potentialAction\":[{\"@type\":\"ReadAction\",\"target\":[\"https:\\\/\\\/tera-environnement.com\\\/es\\\/nuestros-clientes\\\/salud-y-farmacia\\\/\"]}]},{\"@type\":\"ImageObject\",\"inLanguage\":\"es\",\"@id\":\"https:\\\/\\\/tera-environnement.com\\\/es\\\/nuestros-clientes\\\/salud-y-farmacia\\\/#primaryimage\",\"url\":\"https:\\\/\\\/tera-environnement.com\\\/wp-content\\\/uploads\\\/2023\\\/09\\\/fleche-grise.png\",\"contentUrl\":\"https:\\\/\\\/tera-environnement.com\\\/wp-content\\\/uploads\\\/2023\\\/09\\\/fleche-grise.png\"},{\"@type\":\"BreadcrumbList\",\"@id\":\"https:\\\/\\\/tera-environnement.com\\\/es\\\/nuestros-clientes\\\/salud-y-farmacia\\\/#breadcrumb\",\"itemListElement\":[{\"@type\":\"ListItem\",\"position\":1,\"name\":\"Home\",\"item\":\"https:\\\/\\\/tera-environnement.com\\\/es\\\/\"},{\"@type\":\"ListItem\",\"position\":2,\"name\":\"Nuestros clientes\",\"item\":\"https:\\\/\\\/tera-environnement.com\\\/es\\\/nuestros-clientes\\\/\"},{\"@type\":\"ListItem\",\"position\":3,\"name\":\"Salud &#038; Farmacia\"}]},{\"@type\":\"WebSite\",\"@id\":\"https:\\\/\\\/tera-environnement.com\\\/#website\",\"url\":\"https:\\\/\\\/tera-environnement.com\\\/\",\"name\":\"TERA Environnement\",\"description\":\"Une soci\u00e9t\u00e9 du groupe tera\",\"publisher\":{\"@id\":\"https:\\\/\\\/tera-environnement.com\\\/#organization\"},\"potentialAction\":[{\"@type\":\"SearchAction\",\"target\":{\"@type\":\"EntryPoint\",\"urlTemplate\":\"https:\\\/\\\/tera-environnement.com\\\/?s={search_term_string}\"},\"query-input\":{\"@type\":\"PropertyValueSpecification\",\"valueRequired\":true,\"valueName\":\"search_term_string\"}}],\"inLanguage\":\"es\"},{\"@type\":\"Organization\",\"@id\":\"https:\\\/\\\/tera-environnement.com\\\/#organization\",\"name\":\"TERA Environnement\",\"url\":\"https:\\\/\\\/tera-environnement.com\\\/\",\"logo\":{\"@type\":\"ImageObject\",\"inLanguage\":\"es\",\"@id\":\"https:\\\/\\\/tera-environnement.com\\\/#\\\/schema\\\/logo\\\/image\\\/\",\"url\":\"https:\\\/\\\/tera-environnement.com\\\/wp-content\\\/uploads\\\/2023\\\/09\\\/Logotype_Tera_Sensor-seul_couleur-1.jpg\",\"contentUrl\":\"https:\\\/\\\/tera-environnement.com\\\/wp-content\\\/uploads\\\/2023\\\/09\\\/Logotype_Tera_Sensor-seul_couleur-1.jpg\",\"width\":125,\"height\":90,\"caption\":\"TERA Environnement\"},\"image\":{\"@id\":\"https:\\\/\\\/tera-environnement.com\\\/#\\\/schema\\\/logo\\\/image\\\/\"}}]}<\/script>\n<!-- \/ Yoast SEO plugin. -->","yoast_head_json":{"title":"An\u00e1lisis de contaminantes qu\u00edmicos en extra\u00edbles","description":"Nuestro laboratorio dispone de una amplia gama de equipos y m\u00e9todos anal\u00edticos para proporcionar resultados precisos y pertinentes.","robots":{"index":"index","follow":"follow","max-snippet":"max-snippet:-1","max-image-preview":"max-image-preview:large","max-video-preview":"max-video-preview:-1"},"canonical":"https:\/\/tera-environnement.com\/es\/nuestros-clientes\/salud-y-farmacia\/","og_locale":"es_ES","og_type":"article","og_title":"An\u00e1lisis de contaminantes qu\u00edmicos en extra\u00edbles","og_description":"Nuestro laboratorio dispone de una amplia gama de equipos y m\u00e9todos anal\u00edticos para proporcionar resultados precisos y pertinentes.","og_url":"https:\/\/tera-environnement.com\/es\/nuestros-clientes\/salud-y-farmacia\/","og_site_name":"TERA Environnement","article_modified_time":"2024-10-09T14:21:33+00:00","og_image":[{"url":"https:\/\/tera-environnement.com\/wp-content\/uploads\/2023\/09\/fleche-grise.png","type":"","width":"","height":""}],"twitter_card":"summary_large_image","twitter_misc":{"Tiempo de lectura":"2 minutos"},"schema":{"@context":"https:\/\/schema.org","@graph":[{"@type":"WebPage","@id":"https:\/\/tera-environnement.com\/es\/nuestros-clientes\/salud-y-farmacia\/","url":"https:\/\/tera-environnement.com\/es\/nuestros-clientes\/salud-y-farmacia\/","name":"An\u00e1lisis de contaminantes qu\u00edmicos en extra\u00edbles","isPartOf":{"@id":"https:\/\/tera-environnement.com\/#website"},"primaryImageOfPage":{"@id":"https:\/\/tera-environnement.com\/es\/nuestros-clientes\/salud-y-farmacia\/#primaryimage"},"image":{"@id":"https:\/\/tera-environnement.com\/es\/nuestros-clientes\/salud-y-farmacia\/#primaryimage"},"thumbnailUrl":"https:\/\/tera-environnement.com\/wp-content\/uploads\/2023\/09\/fleche-grise.png","datePublished":"2023-11-20T10:21:22+00:00","dateModified":"2024-10-09T14:21:33+00:00","description":"Nuestro laboratorio dispone de una amplia gama de equipos y m\u00e9todos anal\u00edticos para proporcionar resultados precisos y pertinentes.","breadcrumb":{"@id":"https:\/\/tera-environnement.com\/es\/nuestros-clientes\/salud-y-farmacia\/#breadcrumb"},"inLanguage":"es","potentialAction":[{"@type":"ReadAction","target":["https:\/\/tera-environnement.com\/es\/nuestros-clientes\/salud-y-farmacia\/"]}]},{"@type":"ImageObject","inLanguage":"es","@id":"https:\/\/tera-environnement.com\/es\/nuestros-clientes\/salud-y-farmacia\/#primaryimage","url":"https:\/\/tera-environnement.com\/wp-content\/uploads\/2023\/09\/fleche-grise.png","contentUrl":"https:\/\/tera-environnement.com\/wp-content\/uploads\/2023\/09\/fleche-grise.png"},{"@type":"BreadcrumbList","@id":"https:\/\/tera-environnement.com\/es\/nuestros-clientes\/salud-y-farmacia\/#breadcrumb","itemListElement":[{"@type":"ListItem","position":1,"name":"Home","item":"https:\/\/tera-environnement.com\/es\/"},{"@type":"ListItem","position":2,"name":"Nuestros clientes","item":"https:\/\/tera-environnement.com\/es\/nuestros-clientes\/"},{"@type":"ListItem","position":3,"name":"Salud &#038; Farmacia"}]},{"@type":"WebSite","@id":"https:\/\/tera-environnement.com\/#website","url":"https:\/\/tera-environnement.com\/","name":"TERA Environnement","description":"Une soci\u00e9t\u00e9 du groupe tera","publisher":{"@id":"https:\/\/tera-environnement.com\/#organization"},"potentialAction":[{"@type":"SearchAction","target":{"@type":"EntryPoint","urlTemplate":"https:\/\/tera-environnement.com\/?s={search_term_string}"},"query-input":{"@type":"PropertyValueSpecification","valueRequired":true,"valueName":"search_term_string"}}],"inLanguage":"es"},{"@type":"Organization","@id":"https:\/\/tera-environnement.com\/#organization","name":"TERA Environnement","url":"https:\/\/tera-environnement.com\/","logo":{"@type":"ImageObject","inLanguage":"es","@id":"https:\/\/tera-environnement.com\/#\/schema\/logo\/image\/","url":"https:\/\/tera-environnement.com\/wp-content\/uploads\/2023\/09\/Logotype_Tera_Sensor-seul_couleur-1.jpg","contentUrl":"https:\/\/tera-environnement.com\/wp-content\/uploads\/2023\/09\/Logotype_Tera_Sensor-seul_couleur-1.jpg","width":125,"height":90,"caption":"TERA Environnement"},"image":{"@id":"https:\/\/tera-environnement.com\/#\/schema\/logo\/image\/"}}]}},"_links":{"self":[{"href":"https:\/\/tera-environnement.com\/es\/wp-json\/wp\/v2\/pages\/7083","targetHints":{"allow":["GET"]}}],"collection":[{"href":"https:\/\/tera-environnement.com\/es\/wp-json\/wp\/v2\/pages"}],"about":[{"href":"https:\/\/tera-environnement.com\/es\/wp-json\/wp\/v2\/types\/page"}],"author":[{"embeddable":true,"href":"https:\/\/tera-environnement.com\/es\/wp-json\/wp\/v2\/users\/2"}],"replies":[{"embeddable":true,"href":"https:\/\/tera-environnement.com\/es\/wp-json\/wp\/v2\/comments?post=7083"}],"version-history":[{"count":23,"href":"https:\/\/tera-environnement.com\/es\/wp-json\/wp\/v2\/pages\/7083\/revisions"}],"predecessor-version":[{"id":11277,"href":"https:\/\/tera-environnement.com\/es\/wp-json\/wp\/v2\/pages\/7083\/revisions\/11277"}],"up":[{"embeddable":true,"href":"https:\/\/tera-environnement.com\/es\/wp-json\/wp\/v2\/pages\/7078"}],"wp:attachment":[{"href":"https:\/\/tera-environnement.com\/es\/wp-json\/wp\/v2\/media?parent=7083"}],"curies":[{"name":"wp","href":"https:\/\/api.w.org\/{rel}","templated":true}]}}