{"id":7089,"date":"2023-11-20T11:20:37","date_gmt":"2023-11-20T10:20:37","guid":{"rendered":"https:\/\/tera-environnement.com\/vous-etes\/aasqa\/"},"modified":"2025-12-09T12:28:52","modified_gmt":"2025-12-09T11:28:52","slug":"redes-de-evaluacion-de-la-calidad-del-aire","status":"publish","type":"page","link":"https:\/\/tera-environnement.com\/es\/nuestros-clientes\/redes-de-evaluacion-de-la-calidad-del-aire\/","title":{"rendered":"Redes de evaluaci\u00f3n de la calidad del aire"},"content":{"rendered":"\t\t<div data-elementor-type=\"wp-page\" data-elementor-id=\"7089\" class=\"elementor elementor-7089 elementor-2015\" data-elementor-post-type=\"page\">\n\t\t\t\t\t\t<section class=\"elementor-section elementor-top-section elementor-element elementor-element-7d5baa0c elementor-section-boxed elementor-section-height-default elementor-section-height-default\" data-id=\"7d5baa0c\" data-element_type=\"section\" data-e-type=\"section\">\n\t\t\t\t\t\t<div class=\"elementor-container elementor-column-gap-default\">\n\t\t\t\t\t<div class=\"elementor-column elementor-col-100 elementor-top-column elementor-element elementor-element-3a73264c\" data-id=\"3a73264c\" data-element_type=\"column\" data-e-type=\"column\">\n\t\t\t<div class=\"elementor-widget-wrap elementor-element-populated\">\n\t\t\t\t\t\t<div class=\"elementor-element elementor-element-2ce542e4 elementor-widget elementor-widget-shortcode\" data-id=\"2ce542e4\" data-element_type=\"widget\" data-e-type=\"widget\" data-widget_type=\"shortcode.default\">\n\t\t\t\t<div class=\"elementor-widget-container\">\n\t\t\t\t\t\t\t<div class=\"elementor-shortcode\"><ul id=\"breadcrumbs\"><li><a href=\"https:\/\/tera-environnement.com\/es\/\">Inicio<\/a><\/li><\/ul><\/div>\n\t\t\t\t\t\t<\/div>\n\t\t\t\t<\/div>\n\t\t\t\t<div class=\"elementor-element elementor-element-762aed04 elementor-widget__width-auto elementor-widget elementor-widget-image\" data-id=\"762aed04\" data-element_type=\"widget\" data-e-type=\"widget\" data-widget_type=\"image.default\">\n\t\t\t\t<div class=\"elementor-widget-container\">\n\t\t\t\t\t\t\t\t\t\t\t\t\t\t\t<img decoding=\"async\" width=\"68\" height=\"69\" src=\"https:\/\/tera-environnement.com\/wp-content\/uploads\/2023\/09\/fleche-grise.png\" class=\"attachment-large size-large wp-image-389\" alt=\"\" \/>\t\t\t\t\t\t\t\t\t\t\t\t\t\t\t<\/div>\n\t\t\t\t<\/div>\n\t\t\t\t<div class=\"elementor-element elementor-element-741c59ee elementor-widget__width-initial elementor-widget elementor-widget-heading\" data-id=\"741c59ee\" data-element_type=\"widget\" data-e-type=\"widget\" data-widget_type=\"heading.default\">\n\t\t\t\t<div class=\"elementor-widget-container\">\n\t\t\t\t\t<h1 class=\"elementor-heading-title elementor-size-default\">Redes de evaluaci\u00f3n de la calidad del aire <\/h1>\t\t\t\t<\/div>\n\t\t\t\t<\/div>\n\t\t\t\t\t<\/div>\n\t\t<\/div>\n\t\t\t\t\t<\/div>\n\t\t<\/section>\n\t\t<div class=\"elementor-element elementor-element-36cc008 e-flex e-con-boxed e-con e-parent\" data-id=\"36cc008\" data-element_type=\"container\" data-e-type=\"container\">\n\t\t\t\t\t<div class=\"e-con-inner\">\n\t\t\t\t<div class=\"elementor-element elementor-element-1ae5d86 elementor-widget elementor-widget-spacer\" data-id=\"1ae5d86\" data-element_type=\"widget\" data-e-type=\"widget\" data-widget_type=\"spacer.default\">\n\t\t\t\t<div class=\"elementor-widget-container\">\n\t\t\t\t\t\t\t<div class=\"elementor-spacer\">\n\t\t\t<div class=\"elementor-spacer-inner\"><\/div>\n\t\t<\/div>\n\t\t\t\t\t\t<\/div>\n\t\t\t\t<\/div>\n\t\t\t\t\t<\/div>\n\t\t\t\t<\/div>\n\t\t\t\t<section class=\"elementor-section elementor-top-section elementor-element elementor-element-1d01a8b1 elementor-section-boxed elementor-section-height-default elementor-section-height-default\" data-id=\"1d01a8b1\" data-element_type=\"section\" data-e-type=\"section\">\n\t\t\t\t\t\t<div class=\"elementor-container elementor-column-gap-default\">\n\t\t\t\t\t<div class=\"elementor-column elementor-col-50 elementor-top-column elementor-element elementor-element-3af55523\" data-id=\"3af55523\" data-element_type=\"column\" data-e-type=\"column\">\n\t\t\t<div class=\"elementor-widget-wrap elementor-element-populated\">\n\t\t\t\t\t\t<div class=\"elementor-element elementor-element-3e1aa082 elementor-widget elementor-widget-image\" data-id=\"3e1aa082\" data-element_type=\"widget\" data-e-type=\"widget\" data-widget_type=\"image.default\">\n\t\t\t\t<div class=\"elementor-widget-container\">\n\t\t\t\t\t\t\t\t\t\t\t\t\t\t\t<img fetchpriority=\"high\" decoding=\"async\" width=\"768\" height=\"511\" src=\"https:\/\/tera-environnement.com\/wp-content\/uploads\/2024\/03\/aasqa-768x511.jpg\" class=\"attachment-medium_large size-medium_large wp-image-7090\" alt=\"\" srcset=\"https:\/\/tera-environnement.com\/wp-content\/uploads\/2024\/03\/aasqa-768x511.jpg 768w, https:\/\/tera-environnement.com\/wp-content\/uploads\/2024\/03\/aasqa-300x200.jpg 300w, https:\/\/tera-environnement.com\/wp-content\/uploads\/2024\/03\/aasqa-1024x681.jpg 1024w, https:\/\/tera-environnement.com\/wp-content\/uploads\/2024\/03\/aasqa-600x399.jpg 600w, https:\/\/tera-environnement.com\/wp-content\/uploads\/2024\/03\/aasqa.jpg 1171w\" sizes=\"(max-width: 768px) 100vw, 768px\" \/>\t\t\t\t\t\t\t\t\t\t\t\t\t\t\t<\/div>\n\t\t\t\t<\/div>\n\t\t\t\t\t<\/div>\n\t\t<\/div>\n\t\t\t\t<div class=\"elementor-column elementor-col-50 elementor-top-column elementor-element elementor-element-29ff892d\" data-id=\"29ff892d\" data-element_type=\"column\" data-e-type=\"column\">\n\t\t\t<div class=\"elementor-widget-wrap elementor-element-populated\">\n\t\t\t\t\t\t<div class=\"elementor-element elementor-element-58cd1ea4 elementor-widget elementor-widget-text-editor\" data-id=\"58cd1ea4\" data-element_type=\"widget\" data-e-type=\"widget\" data-widget_type=\"text-editor.default\">\n\t\t\t\t<div class=\"elementor-widget-container\">\n\t\t\t\t\t\t\t\t\t<p>Como laboratorio l\u00edder en ofrecer an\u00e1lisis del aire desde hace m\u00e1s de 20 a\u00f1os, entendemos la importancia crucial de garantizar la calidad, la seguridad y la conformidad en diversos sectores. Nuestros servicios de an\u00e1lisis se adaptan para satisfacer las necesidades espec\u00edficas de nuestros clientes y, como red de evaluaci\u00f3n de la calidad del aire, te apoyamos en tu funci\u00f3n esencial de vigilancia de la calidad del aire a escala de comunidad aut\u00f3noma<\/p><p>Nuestro laboratorio puede proporcionarte datos precisos para apoyar tus iniciativas de protecci\u00f3n medioambiental.<\/p><p>Nuestro laboratorio dispone de una amplia gama de equipos y m\u00e9todos anal\u00edticos para proporcionar resultados precisos y pertinentes. <\/p>\t\t\t\t\t\t\t\t<\/div>\n\t\t\t\t<\/div>\n\t\t\t\t\t<\/div>\n\t\t<\/div>\n\t\t\t\t\t<\/div>\n\t\t<\/section>\n\t\t\t\t<section class=\"elementor-section elementor-top-section elementor-element elementor-element-1d3c8e99 elementor-section-boxed elementor-section-height-default elementor-section-height-default\" data-id=\"1d3c8e99\" data-element_type=\"section\" data-e-type=\"section\">\n\t\t\t\t\t\t<div class=\"elementor-container elementor-column-gap-default\">\n\t\t\t\t\t<div class=\"elementor-column elementor-col-100 elementor-top-column elementor-element elementor-element-23ba5ddd\" data-id=\"23ba5ddd\" data-element_type=\"column\" data-e-type=\"column\">\n\t\t\t<div class=\"elementor-widget-wrap elementor-element-populated\">\n\t\t\t\t\t\t<div class=\"elementor-element elementor-element-6fcc185d elementor-widget elementor-widget-text-editor\" data-id=\"6fcc185d\" data-element_type=\"widget\" data-e-type=\"widget\" data-widget_type=\"text-editor.default\">\n\t\t\t\t<div class=\"elementor-widget-container\">\n\t\t\t\t\t\t\t\t\t<p>Nuestro equipo altamente cualificado y nuestro laboratorio acreditado COFRAC ISO 17025 est\u00e1n a su servicio para satisfacer sus necesidades espec\u00edficas.<\/p><p><span style=\"font-weight: bolder;\">No dude en ponerse en contacto con nosotros para obtener un presupuesto personalizado y conocer nuestras ofertas adaptadas a su sector de actividad.<\/span><\/p>\t\t\t\t\t\t\t\t<\/div>\n\t\t\t\t<\/div>\n\t\t\t\t\t<\/div>\n\t\t<\/div>\n\t\t\t\t\t<\/div>\n\t\t<\/section>\n\t\t<div class=\"elementor-element elementor-element-5e3419d e-flex e-con-boxed e-con e-parent\" data-id=\"5e3419d\" data-element_type=\"container\" data-e-type=\"container\">\n\t\t\t\t\t<div class=\"e-con-inner\">\n\t\t\t\t<div class=\"elementor-element elementor-element-ef9f016 elementor-widget elementor-widget-image\" data-id=\"ef9f016\" data-element_type=\"widget\" data-e-type=\"widget\" data-widget_type=\"image.default\">\n\t\t\t\t<div class=\"elementor-widget-container\">\n\t\t\t\t\t\t\t\t\t\t\t\t\t\t\t<img decoding=\"async\" width=\"300\" height=\"195\" src=\"https:\/\/tera-environnement.com\/wp-content\/uploads\/2024\/01\/ampoule-300x195.jpg\" class=\"attachment-medium size-medium wp-image-8330\" alt=\"\" srcset=\"https:\/\/tera-environnement.com\/wp-content\/uploads\/2024\/01\/ampoule-300x195.jpg 300w, https:\/\/tera-environnement.com\/wp-content\/uploads\/2024\/01\/ampoule.jpg 395w\" sizes=\"(max-width: 300px) 100vw, 300px\" \/>\t\t\t\t\t\t\t\t\t\t\t\t\t\t\t<\/div>\n\t\t\t\t<\/div>\n\t\t\t\t<div class=\"elementor-element elementor-element-caf768f elementor-widget elementor-widget-text-editor\" data-id=\"caf768f\" data-element_type=\"widget\" data-e-type=\"widget\" data-widget_type=\"text-editor.default\">\n\t\t\t\t<div class=\"elementor-widget-container\">\n\t\t\t\t\t\t\t\t\t<p>Desde hace m\u00e1s de 20 a\u00f1os, nuestra experiencia en an\u00e1lisis del aire ha convertido TERA Environnement en un laboratorio de confianza para satisfacer sus necesidades.<\/p>\t\t\t\t\t\t\t\t<\/div>\n\t\t\t\t<\/div>\n\t\t\t\t\t<\/div>\n\t\t\t\t<\/div>\n\t\t<div class=\"elementor-element elementor-element-d5422a8 e-flex e-con-boxed e-con e-parent\" data-id=\"d5422a8\" data-element_type=\"container\" data-e-type=\"container\">\n\t\t\t\t\t<div class=\"e-con-inner\">\n\t\t<div class=\"elementor-element elementor-element-0e12ce4 e-flex e-con-boxed e-con e-child\" data-id=\"0e12ce4\" data-element_type=\"container\" data-e-type=\"container\">\n\t\t\t\t\t<div class=\"e-con-inner\">\n\t\t\t\t<div class=\"elementor-element elementor-element-2f356fe buton elementor-widget elementor-widget-button\" data-id=\"2f356fe\" data-element_type=\"widget\" data-e-type=\"widget\" data-widget_type=\"button.default\">\n\t\t\t\t<div class=\"elementor-widget-container\">\n\t\t\t\t\t\t\t\t\t<div class=\"elementor-button-wrapper\">\n\t\t\t\t\t<a class=\"elementor-button elementor-button-link elementor-size-sm\" href=\"https:\/\/tera-environnement.com\/es\/analisis-de-aire\/aire-ambiente-aire-exterior\/\">\n\t\t\t\t\t\t<span class=\"elementor-button-content-wrapper\">\n\t\t\t\t\t\t\t\t\t<span class=\"elementor-button-text\">An\u00e1lisis del aire<\/span>\n\t\t\t\t\t<\/span>\n\t\t\t\t\t<\/a>\n\t\t\t\t<\/div>\n\t\t\t\t\t\t\t\t<\/div>\n\t\t\t\t<\/div>\n\t\t\t\t<div class=\"elementor-element elementor-element-549124e buton elementor-widget elementor-widget-button\" data-id=\"549124e\" data-element_type=\"widget\" data-e-type=\"widget\" data-widget_type=\"button.default\">\n\t\t\t\t<div class=\"elementor-widget-container\">\n\t\t\t\t\t\t\t\t\t<div class=\"elementor-button-wrapper\">\n\t\t\t\t\t<a class=\"elementor-button elementor-button-link elementor-size-sm\" href=\"mailto:commercial@tera-environnement.com\">\n\t\t\t\t\t\t<span class=\"elementor-button-content-wrapper\">\n\t\t\t\t\t\t\t\t\t<span class=\"elementor-button-text\">Solicitar un presupuesto<\/span>\n\t\t\t\t\t<\/span>\n\t\t\t\t\t<\/a>\n\t\t\t\t<\/div>\n\t\t\t\t\t\t\t\t<\/div>\n\t\t\t\t<\/div>\n\t\t\t\t\t<\/div>\n\t\t\t\t<\/div>\n\t\t\t\t\t<\/div>\n\t\t\t\t<\/div>\n\t\t\t\t<section class=\"elementor-section elementor-top-section elementor-element elementor-element-534f0b9f elementor-section-boxed elementor-section-height-default elementor-section-height-default\" data-id=\"534f0b9f\" data-element_type=\"section\" data-e-type=\"section\">\n\t\t\t\t\t\t<div class=\"elementor-container elementor-column-gap-default\">\n\t\t\t\t\t<div class=\"elementor-column elementor-col-100 elementor-top-column elementor-element elementor-element-669396d3\" data-id=\"669396d3\" data-element_type=\"column\" data-e-type=\"column\">\n\t\t\t<div class=\"elementor-widget-wrap elementor-element-populated\">\n\t\t\t\t\t\t<div class=\"elementor-element elementor-element-39528d3f elementor-widget elementor-widget-spacer\" data-id=\"39528d3f\" data-element_type=\"widget\" data-e-type=\"widget\" data-widget_type=\"spacer.default\">\n\t\t\t\t<div class=\"elementor-widget-container\">\n\t\t\t\t\t\t\t<div class=\"elementor-spacer\">\n\t\t\t<div class=\"elementor-spacer-inner\"><\/div>\n\t\t<\/div>\n\t\t\t\t\t\t<\/div>\n\t\t\t\t<\/div>\n\t\t\t\t\t<\/div>\n\t\t<\/div>\n\t\t\t\t\t<\/div>\n\t\t<\/section>\n\t\t\t\t<\/div>\n\t\t","protected":false},"excerpt":{"rendered":"<p>Redes de evaluaci\u00f3n de la calidad del aire Como laboratorio l\u00edder en ofrecer an\u00e1lisis del aire desde hace m\u00e1s de 20 a\u00f1os, entendemos la importancia crucial de garantizar la calidad, la seguridad y la conformidad en diversos sectores. Nuestros servicios de an\u00e1lisis se adaptan para satisfacer las necesidades espec\u00edficas de nuestros clientes y, como red [&hellip;]<\/p>\n","protected":false},"author":2,"featured_media":0,"parent":7078,"menu_order":4,"comment_status":"closed","ping_status":"closed","template":"elementor_header_footer","meta":{"_acf_changed":false,"footnotes":""},"class_list":["post-7089","page","type-page","status-publish","hentry"],"acf":[],"yoast_head":"<!-- This site is optimized with the Yoast SEO plugin v27.3 - https:\/\/yoast.com\/product\/yoast-seo-wordpress\/ -->\n<title>An\u00e1lisis del aire para AASQA<\/title>\n<meta name=\"description\" content=\"Nuestro laboratorio puede proporcionarte datos precisos para apoyar tus iniciativas de protecci\u00f3n medioambiental.\" \/>\n<meta name=\"robots\" content=\"index, follow, max-snippet:-1, max-image-preview:large, max-video-preview:-1\" \/>\n<link rel=\"canonical\" href=\"https:\/\/tera-environnement.com\/es\/nuestros-clientes\/redes-de-evaluacion-de-la-calidad-del-aire\/\" \/>\n<meta property=\"og:locale\" content=\"es_ES\" \/>\n<meta property=\"og:type\" content=\"article\" \/>\n<meta property=\"og:title\" content=\"An\u00e1lisis del aire para AASQA\" \/>\n<meta property=\"og:description\" content=\"Nuestro laboratorio puede proporcionarte datos precisos para apoyar tus iniciativas de protecci\u00f3n medioambiental.\" \/>\n<meta property=\"og:url\" content=\"https:\/\/tera-environnement.com\/es\/nuestros-clientes\/redes-de-evaluacion-de-la-calidad-del-aire\/\" \/>\n<meta property=\"og:site_name\" content=\"TERA Environnement\" \/>\n<meta property=\"article:modified_time\" content=\"2025-12-09T11:28:52+00:00\" \/>\n<meta property=\"og:image\" content=\"https:\/\/tera-environnement.com\/wp-content\/uploads\/2023\/09\/fleche-grise.png\" \/>\n\t<meta property=\"og:image:width\" content=\"68\" \/>\n\t<meta property=\"og:image:height\" content=\"69\" \/>\n\t<meta property=\"og:image:type\" content=\"image\/png\" \/>\n<meta name=\"twitter:card\" content=\"summary_large_image\" \/>\n<meta name=\"twitter:label1\" content=\"Tiempo de lectura\" \/>\n\t<meta name=\"twitter:data1\" content=\"2 minutos\" \/>\n<script type=\"application\/ld+json\" class=\"yoast-schema-graph\">{\"@context\":\"https:\\\/\\\/schema.org\",\"@graph\":[{\"@type\":\"WebPage\",\"@id\":\"https:\\\/\\\/tera-environnement.com\\\/es\\\/nuestros-clientes\\\/redes-de-evaluacion-de-la-calidad-del-aire\\\/\",\"url\":\"https:\\\/\\\/tera-environnement.com\\\/es\\\/nuestros-clientes\\\/redes-de-evaluacion-de-la-calidad-del-aire\\\/\",\"name\":\"An\u00e1lisis del aire para AASQA\",\"isPartOf\":{\"@id\":\"https:\\\/\\\/tera-environnement.com\\\/#website\"},\"primaryImageOfPage\":{\"@id\":\"https:\\\/\\\/tera-environnement.com\\\/es\\\/nuestros-clientes\\\/redes-de-evaluacion-de-la-calidad-del-aire\\\/#primaryimage\"},\"image\":{\"@id\":\"https:\\\/\\\/tera-environnement.com\\\/es\\\/nuestros-clientes\\\/redes-de-evaluacion-de-la-calidad-del-aire\\\/#primaryimage\"},\"thumbnailUrl\":\"https:\\\/\\\/tera-environnement.com\\\/wp-content\\\/uploads\\\/2023\\\/09\\\/fleche-grise.png\",\"datePublished\":\"2023-11-20T10:20:37+00:00\",\"dateModified\":\"2025-12-09T11:28:52+00:00\",\"description\":\"Nuestro laboratorio puede proporcionarte datos precisos para apoyar tus iniciativas de protecci\u00f3n medioambiental.\",\"breadcrumb\":{\"@id\":\"https:\\\/\\\/tera-environnement.com\\\/es\\\/nuestros-clientes\\\/redes-de-evaluacion-de-la-calidad-del-aire\\\/#breadcrumb\"},\"inLanguage\":\"es\",\"potentialAction\":[{\"@type\":\"ReadAction\",\"target\":[\"https:\\\/\\\/tera-environnement.com\\\/es\\\/nuestros-clientes\\\/redes-de-evaluacion-de-la-calidad-del-aire\\\/\"]}]},{\"@type\":\"ImageObject\",\"inLanguage\":\"es\",\"@id\":\"https:\\\/\\\/tera-environnement.com\\\/es\\\/nuestros-clientes\\\/redes-de-evaluacion-de-la-calidad-del-aire\\\/#primaryimage\",\"url\":\"https:\\\/\\\/tera-environnement.com\\\/wp-content\\\/uploads\\\/2023\\\/09\\\/fleche-grise.png\",\"contentUrl\":\"https:\\\/\\\/tera-environnement.com\\\/wp-content\\\/uploads\\\/2023\\\/09\\\/fleche-grise.png\"},{\"@type\":\"BreadcrumbList\",\"@id\":\"https:\\\/\\\/tera-environnement.com\\\/es\\\/nuestros-clientes\\\/redes-de-evaluacion-de-la-calidad-del-aire\\\/#breadcrumb\",\"itemListElement\":[{\"@type\":\"ListItem\",\"position\":1,\"name\":\"Home\",\"item\":\"https:\\\/\\\/tera-environnement.com\\\/es\\\/\"},{\"@type\":\"ListItem\",\"position\":2,\"name\":\"Nuestros clientes\",\"item\":\"https:\\\/\\\/tera-environnement.com\\\/es\\\/nuestros-clientes\\\/\"},{\"@type\":\"ListItem\",\"position\":3,\"name\":\"Redes de evaluaci\u00f3n de la calidad del aire\"}]},{\"@type\":\"WebSite\",\"@id\":\"https:\\\/\\\/tera-environnement.com\\\/#website\",\"url\":\"https:\\\/\\\/tera-environnement.com\\\/\",\"name\":\"TERA Environnement\",\"description\":\"Une soci\u00e9t\u00e9 du groupe tera\",\"publisher\":{\"@id\":\"https:\\\/\\\/tera-environnement.com\\\/#organization\"},\"potentialAction\":[{\"@type\":\"SearchAction\",\"target\":{\"@type\":\"EntryPoint\",\"urlTemplate\":\"https:\\\/\\\/tera-environnement.com\\\/?s={search_term_string}\"},\"query-input\":{\"@type\":\"PropertyValueSpecification\",\"valueRequired\":true,\"valueName\":\"search_term_string\"}}],\"inLanguage\":\"es\"},{\"@type\":\"Organization\",\"@id\":\"https:\\\/\\\/tera-environnement.com\\\/#organization\",\"name\":\"TERA Environnement\",\"url\":\"https:\\\/\\\/tera-environnement.com\\\/\",\"logo\":{\"@type\":\"ImageObject\",\"inLanguage\":\"es\",\"@id\":\"https:\\\/\\\/tera-environnement.com\\\/#\\\/schema\\\/logo\\\/image\\\/\",\"url\":\"https:\\\/\\\/tera-environnement.com\\\/wp-content\\\/uploads\\\/2023\\\/09\\\/Logotype_Tera_Sensor-seul_couleur-1.jpg\",\"contentUrl\":\"https:\\\/\\\/tera-environnement.com\\\/wp-content\\\/uploads\\\/2023\\\/09\\\/Logotype_Tera_Sensor-seul_couleur-1.jpg\",\"width\":125,\"height\":90,\"caption\":\"TERA Environnement\"},\"image\":{\"@id\":\"https:\\\/\\\/tera-environnement.com\\\/#\\\/schema\\\/logo\\\/image\\\/\"}}]}<\/script>\n<!-- \/ Yoast SEO plugin. -->","yoast_head_json":{"title":"An\u00e1lisis del aire para AASQA","description":"Nuestro laboratorio puede proporcionarte datos precisos para apoyar tus iniciativas de protecci\u00f3n medioambiental.","robots":{"index":"index","follow":"follow","max-snippet":"max-snippet:-1","max-image-preview":"max-image-preview:large","max-video-preview":"max-video-preview:-1"},"canonical":"https:\/\/tera-environnement.com\/es\/nuestros-clientes\/redes-de-evaluacion-de-la-calidad-del-aire\/","og_locale":"es_ES","og_type":"article","og_title":"An\u00e1lisis del aire para AASQA","og_description":"Nuestro laboratorio puede proporcionarte datos precisos para apoyar tus iniciativas de protecci\u00f3n medioambiental.","og_url":"https:\/\/tera-environnement.com\/es\/nuestros-clientes\/redes-de-evaluacion-de-la-calidad-del-aire\/","og_site_name":"TERA Environnement","article_modified_time":"2025-12-09T11:28:52+00:00","og_image":[{"width":68,"height":69,"url":"https:\/\/tera-environnement.com\/wp-content\/uploads\/2023\/09\/fleche-grise.png","type":"image\/png"}],"twitter_card":"summary_large_image","twitter_misc":{"Tiempo de lectura":"2 minutos"},"schema":{"@context":"https:\/\/schema.org","@graph":[{"@type":"WebPage","@id":"https:\/\/tera-environnement.com\/es\/nuestros-clientes\/redes-de-evaluacion-de-la-calidad-del-aire\/","url":"https:\/\/tera-environnement.com\/es\/nuestros-clientes\/redes-de-evaluacion-de-la-calidad-del-aire\/","name":"An\u00e1lisis del aire para AASQA","isPartOf":{"@id":"https:\/\/tera-environnement.com\/#website"},"primaryImageOfPage":{"@id":"https:\/\/tera-environnement.com\/es\/nuestros-clientes\/redes-de-evaluacion-de-la-calidad-del-aire\/#primaryimage"},"image":{"@id":"https:\/\/tera-environnement.com\/es\/nuestros-clientes\/redes-de-evaluacion-de-la-calidad-del-aire\/#primaryimage"},"thumbnailUrl":"https:\/\/tera-environnement.com\/wp-content\/uploads\/2023\/09\/fleche-grise.png","datePublished":"2023-11-20T10:20:37+00:00","dateModified":"2025-12-09T11:28:52+00:00","description":"Nuestro laboratorio puede proporcionarte datos precisos para apoyar tus iniciativas de protecci\u00f3n medioambiental.","breadcrumb":{"@id":"https:\/\/tera-environnement.com\/es\/nuestros-clientes\/redes-de-evaluacion-de-la-calidad-del-aire\/#breadcrumb"},"inLanguage":"es","potentialAction":[{"@type":"ReadAction","target":["https:\/\/tera-environnement.com\/es\/nuestros-clientes\/redes-de-evaluacion-de-la-calidad-del-aire\/"]}]},{"@type":"ImageObject","inLanguage":"es","@id":"https:\/\/tera-environnement.com\/es\/nuestros-clientes\/redes-de-evaluacion-de-la-calidad-del-aire\/#primaryimage","url":"https:\/\/tera-environnement.com\/wp-content\/uploads\/2023\/09\/fleche-grise.png","contentUrl":"https:\/\/tera-environnement.com\/wp-content\/uploads\/2023\/09\/fleche-grise.png"},{"@type":"BreadcrumbList","@id":"https:\/\/tera-environnement.com\/es\/nuestros-clientes\/redes-de-evaluacion-de-la-calidad-del-aire\/#breadcrumb","itemListElement":[{"@type":"ListItem","position":1,"name":"Home","item":"https:\/\/tera-environnement.com\/es\/"},{"@type":"ListItem","position":2,"name":"Nuestros clientes","item":"https:\/\/tera-environnement.com\/es\/nuestros-clientes\/"},{"@type":"ListItem","position":3,"name":"Redes de evaluaci\u00f3n de la calidad del aire"}]},{"@type":"WebSite","@id":"https:\/\/tera-environnement.com\/#website","url":"https:\/\/tera-environnement.com\/","name":"TERA Environnement","description":"Une soci\u00e9t\u00e9 du groupe tera","publisher":{"@id":"https:\/\/tera-environnement.com\/#organization"},"potentialAction":[{"@type":"SearchAction","target":{"@type":"EntryPoint","urlTemplate":"https:\/\/tera-environnement.com\/?s={search_term_string}"},"query-input":{"@type":"PropertyValueSpecification","valueRequired":true,"valueName":"search_term_string"}}],"inLanguage":"es"},{"@type":"Organization","@id":"https:\/\/tera-environnement.com\/#organization","name":"TERA Environnement","url":"https:\/\/tera-environnement.com\/","logo":{"@type":"ImageObject","inLanguage":"es","@id":"https:\/\/tera-environnement.com\/#\/schema\/logo\/image\/","url":"https:\/\/tera-environnement.com\/wp-content\/uploads\/2023\/09\/Logotype_Tera_Sensor-seul_couleur-1.jpg","contentUrl":"https:\/\/tera-environnement.com\/wp-content\/uploads\/2023\/09\/Logotype_Tera_Sensor-seul_couleur-1.jpg","width":125,"height":90,"caption":"TERA Environnement"},"image":{"@id":"https:\/\/tera-environnement.com\/#\/schema\/logo\/image\/"}}]}},"_links":{"self":[{"href":"https:\/\/tera-environnement.com\/es\/wp-json\/wp\/v2\/pages\/7089","targetHints":{"allow":["GET"]}}],"collection":[{"href":"https:\/\/tera-environnement.com\/es\/wp-json\/wp\/v2\/pages"}],"about":[{"href":"https:\/\/tera-environnement.com\/es\/wp-json\/wp\/v2\/types\/page"}],"author":[{"embeddable":true,"href":"https:\/\/tera-environnement.com\/es\/wp-json\/wp\/v2\/users\/2"}],"replies":[{"embeddable":true,"href":"https:\/\/tera-environnement.com\/es\/wp-json\/wp\/v2\/comments?post=7089"}],"version-history":[{"count":33,"href":"https:\/\/tera-environnement.com\/es\/wp-json\/wp\/v2\/pages\/7089\/revisions"}],"predecessor-version":[{"id":18961,"href":"https:\/\/tera-environnement.com\/es\/wp-json\/wp\/v2\/pages\/7089\/revisions\/18961"}],"up":[{"embeddable":true,"href":"https:\/\/tera-environnement.com\/es\/wp-json\/wp\/v2\/pages\/7078"}],"wp:attachment":[{"href":"https:\/\/tera-environnement.com\/es\/wp-json\/wp\/v2\/media?parent=7089"}],"curies":[{"name":"wp","href":"https:\/\/api.w.org\/{rel}","templated":true}]}}