{"id":7092,"date":"2023-11-20T11:20:10","date_gmt":"2023-11-20T10:20:10","guid":{"rendered":"https:\/\/tera-environnement.com\/vous-etes\/mairie-collectivite\/"},"modified":"2024-10-09T16:18:53","modified_gmt":"2024-10-09T14:18:53","slug":"ayuntamiento-y-entidades-locales","status":"publish","type":"page","link":"https:\/\/tera-environnement.com\/es\/nuestros-clientes\/ayuntamiento-y-entidades-locales\/","title":{"rendered":"Ayuntamientos &#038; Entidades Locales"},"content":{"rendered":"\t\t<div data-elementor-type=\"wp-page\" data-elementor-id=\"7092\" class=\"elementor elementor-7092 elementor-2013\" data-elementor-post-type=\"page\">\n\t\t\t\t\t\t<section class=\"elementor-section elementor-top-section elementor-element elementor-element-47a157 elementor-section-boxed elementor-section-height-default elementor-section-height-default\" data-id=\"47a157\" data-element_type=\"section\" data-e-type=\"section\">\n\t\t\t\t\t\t<div class=\"elementor-container elementor-column-gap-default\">\n\t\t\t\t\t<div class=\"elementor-column elementor-col-100 elementor-top-column elementor-element elementor-element-120f6ef1\" data-id=\"120f6ef1\" data-element_type=\"column\" data-e-type=\"column\">\n\t\t\t<div class=\"elementor-widget-wrap elementor-element-populated\">\n\t\t\t\t\t\t<div class=\"elementor-element elementor-element-271aabe2 elementor-widget elementor-widget-shortcode\" data-id=\"271aabe2\" data-element_type=\"widget\" data-e-type=\"widget\" data-widget_type=\"shortcode.default\">\n\t\t\t\t<div class=\"elementor-widget-container\">\n\t\t\t\t\t\t\t<div class=\"elementor-shortcode\"><ul id=\"breadcrumbs\"><li><a href=\"https:\/\/tera-environnement.com\/es\/\">Inicio<\/a><\/li><\/ul><\/div>\n\t\t\t\t\t\t<\/div>\n\t\t\t\t<\/div>\n\t\t\t\t<div class=\"elementor-element elementor-element-3cbfa1e1 elementor-widget__width-auto elementor-widget elementor-widget-image\" data-id=\"3cbfa1e1\" data-element_type=\"widget\" data-e-type=\"widget\" data-widget_type=\"image.default\">\n\t\t\t\t<div class=\"elementor-widget-container\">\n\t\t\t\t\t\t\t\t\t\t\t\t\t\t\t<img decoding=\"async\" width=\"68\" height=\"69\" src=\"https:\/\/tera-environnement.com\/wp-content\/uploads\/2023\/09\/fleche-grise.png\" class=\"attachment-large size-large wp-image-389\" alt=\"\" \/>\t\t\t\t\t\t\t\t\t\t\t\t\t\t\t<\/div>\n\t\t\t\t<\/div>\n\t\t\t\t<div class=\"elementor-element elementor-element-41464c7f elementor-widget__width-auto elementor-widget elementor-widget-heading\" data-id=\"41464c7f\" data-element_type=\"widget\" data-e-type=\"widget\" data-widget_type=\"heading.default\">\n\t\t\t\t<div class=\"elementor-widget-container\">\n\t\t\t\t\t<h1 class=\"elementor-heading-title elementor-size-default\">Ayuntamientos &#038; Entidades Locales<\/h1>\t\t\t\t<\/div>\n\t\t\t\t<\/div>\n\t\t\t\t\t<\/div>\n\t\t<\/div>\n\t\t\t\t\t<\/div>\n\t\t<\/section>\n\t\t<div class=\"elementor-element elementor-element-22f8047 e-flex e-con-boxed e-con e-parent\" data-id=\"22f8047\" data-element_type=\"container\" data-e-type=\"container\">\n\t\t\t\t\t<div class=\"e-con-inner\">\n\t\t\t\t<div class=\"elementor-element elementor-element-e65c1fb elementor-widget elementor-widget-spacer\" data-id=\"e65c1fb\" data-element_type=\"widget\" data-e-type=\"widget\" data-widget_type=\"spacer.default\">\n\t\t\t\t<div class=\"elementor-widget-container\">\n\t\t\t\t\t\t\t<div class=\"elementor-spacer\">\n\t\t\t<div class=\"elementor-spacer-inner\"><\/div>\n\t\t<\/div>\n\t\t\t\t\t\t<\/div>\n\t\t\t\t<\/div>\n\t\t\t\t\t<\/div>\n\t\t\t\t<\/div>\n\t\t<div class=\"elementor-element elementor-element-2a96c23 e-flex e-con-boxed e-con e-parent\" data-id=\"2a96c23\" data-element_type=\"container\" data-e-type=\"container\">\n\t\t\t\t\t<div class=\"e-con-inner\">\n\t\t<div class=\"elementor-element elementor-element-adec7c1 e-con-full e-flex e-con e-child\" data-id=\"adec7c1\" data-element_type=\"container\" data-e-type=\"container\">\n\t\t\t\t<div class=\"elementor-element elementor-element-c2d9166 elementor-widget elementor-widget-image\" data-id=\"c2d9166\" data-element_type=\"widget\" data-e-type=\"widget\" data-widget_type=\"image.default\">\n\t\t\t\t<div class=\"elementor-widget-container\">\n\t\t\t\t\t\t\t\t\t\t\t\t\t\t\t<img fetchpriority=\"high\" decoding=\"async\" width=\"1096\" height=\"767\" src=\"https:\/\/tera-environnement.com\/wp-content\/uploads\/2024\/03\/mairie-et-collectivites-1-e1711705117291.jpg\" class=\"attachment-1536x1536 size-1536x1536 wp-image-8351\" alt=\"\" srcset=\"https:\/\/tera-environnement.com\/wp-content\/uploads\/2024\/03\/mairie-et-collectivites-1-e1711705117291.jpg 1096w, https:\/\/tera-environnement.com\/wp-content\/uploads\/2024\/03\/mairie-et-collectivites-1-e1711705117291-300x210.jpg 300w, https:\/\/tera-environnement.com\/wp-content\/uploads\/2024\/03\/mairie-et-collectivites-1-e1711705117291-1024x717.jpg 1024w, https:\/\/tera-environnement.com\/wp-content\/uploads\/2024\/03\/mairie-et-collectivites-1-e1711705117291-768x537.jpg 768w, https:\/\/tera-environnement.com\/wp-content\/uploads\/2024\/03\/mairie-et-collectivites-1-e1711705117291-600x420.jpg 600w\" sizes=\"(max-width: 1096px) 100vw, 1096px\" \/>\t\t\t\t\t\t\t\t\t\t\t\t\t\t\t<\/div>\n\t\t\t\t<\/div>\n\t\t\t\t<\/div>\n\t\t<div class=\"elementor-element elementor-element-3157396 e-con-full e-flex e-con e-child\" data-id=\"3157396\" data-element_type=\"container\" data-e-type=\"container\">\n\t\t\t\t<div class=\"elementor-element elementor-element-52e2383 elementor-widget elementor-widget-text-editor\" data-id=\"52e2383\" data-element_type=\"widget\" data-e-type=\"widget\" data-widget_type=\"text-editor.default\">\n\t\t\t\t<div class=\"elementor-widget-container\">\n\t\t\t\t\t\t\t\t\t<p>Como laboratorio l\u00edder en ofrecer an\u00e1lisis del aire desde hace m\u00e1s de 20 a\u00f1os, entendemos la importancia crucial de garantizar la calidad, la seguridad y la conformidad en diversos sectores.<\/p><p>Nuestros servicios de an\u00e1lisis se adaptan para satisfacer las necesidades espec\u00edficas de nuestros clientes y, como ayuntamiento o entidad local, le apoyamos en su misi\u00f3n de salud p\u00fablica y medioambiental. Nuestros servicios de an\u00e1lisis le permiten controlar la calidad del aire y detectar cualquier posible contaminaci\u00f3n.<\/p><p>Nuestro laboratorio dispone de una amplia gama de equipos y m\u00e9todos anal\u00edticos para proporcionar resultados precisos y pertinentes.<\/p>\t\t\t\t\t\t\t\t<\/div>\n\t\t\t\t<\/div>\n\t\t\t\t<\/div>\n\t\t\t\t\t<\/div>\n\t\t\t\t<\/div>\n\t\t\t\t<section class=\"elementor-section elementor-top-section elementor-element elementor-element-77c9091d elementor-section-boxed elementor-section-height-default elementor-section-height-default\" data-id=\"77c9091d\" data-element_type=\"section\" data-e-type=\"section\">\n\t\t\t\t\t\t<div class=\"elementor-container elementor-column-gap-default\">\n\t\t\t\t\t<div class=\"elementor-column elementor-col-100 elementor-top-column elementor-element elementor-element-192d4a\" data-id=\"192d4a\" data-element_type=\"column\" data-e-type=\"column\">\n\t\t\t<div class=\"elementor-widget-wrap elementor-element-populated\">\n\t\t\t\t\t\t<div class=\"elementor-element elementor-element-1d2dd138 elementor-widget elementor-widget-text-editor\" data-id=\"1d2dd138\" data-element_type=\"widget\" data-e-type=\"widget\" data-widget_type=\"text-editor.default\">\n\t\t\t\t<div class=\"elementor-widget-container\">\n\t\t\t\t\t\t\t\t\t<p>Nuestro equipo altamente cualificado y nuestro laboratorio acreditado COFRAC ISO 17025 est\u00e1n a su servicio para satisfacer sus necesidades espec\u00edficas.<\/p><p><span style=\"font-weight: bolder; text-align: justify;\">No dude en ponerse en contacto con nosotros para obtener un presupuesto personalizado y conocer nuestras ofertas adaptadas a su sector de actividad.<\/span><\/p>\t\t\t\t\t\t\t\t<\/div>\n\t\t\t\t<\/div>\n\t\t\t\t\t<\/div>\n\t\t<\/div>\n\t\t\t\t\t<\/div>\n\t\t<\/section>\n\t\t\t\t<section class=\"elementor-section elementor-top-section elementor-element elementor-element-312ce79b elementor-section-boxed elementor-section-height-default elementor-section-height-default\" data-id=\"312ce79b\" data-element_type=\"section\" data-e-type=\"section\">\n\t\t\t\t\t\t<div class=\"elementor-container elementor-column-gap-default\">\n\t\t\t\t\t<div class=\"elementor-column elementor-col-100 elementor-top-column elementor-element elementor-element-3e8f63d\" data-id=\"3e8f63d\" data-element_type=\"column\" data-e-type=\"column\">\n\t\t\t<div class=\"elementor-widget-wrap elementor-element-populated\">\n\t\t\t\t<div class=\"elementor-element elementor-element-d9272ed e-flex e-con-boxed e-con e-parent\" data-id=\"d9272ed\" data-element_type=\"container\" data-e-type=\"container\">\n\t\t\t\t\t<div class=\"e-con-inner\">\n\t\t\t\t<div class=\"elementor-element elementor-element-0cd3592 elementor-widget elementor-widget-image\" data-id=\"0cd3592\" data-element_type=\"widget\" data-e-type=\"widget\" data-widget_type=\"image.default\">\n\t\t\t\t<div class=\"elementor-widget-container\">\n\t\t\t\t\t\t\t\t\t\t\t\t\t\t\t<img decoding=\"async\" width=\"300\" height=\"195\" src=\"https:\/\/tera-environnement.com\/wp-content\/uploads\/2024\/01\/ampoule-300x195.jpg\" class=\"attachment-medium size-medium wp-image-8330\" alt=\"\" srcset=\"https:\/\/tera-environnement.com\/wp-content\/uploads\/2024\/01\/ampoule-300x195.jpg 300w, https:\/\/tera-environnement.com\/wp-content\/uploads\/2024\/01\/ampoule.jpg 395w\" sizes=\"(max-width: 300px) 100vw, 300px\" \/>\t\t\t\t\t\t\t\t\t\t\t\t\t\t\t<\/div>\n\t\t\t\t<\/div>\n\t\t\t\t<div class=\"elementor-element elementor-element-4d86b13 elementor-widget elementor-widget-text-editor\" data-id=\"4d86b13\" data-element_type=\"widget\" data-e-type=\"widget\" data-widget_type=\"text-editor.default\">\n\t\t\t\t<div class=\"elementor-widget-container\">\n\t\t\t\t\t\t\t\t\t<p>Desde hace m\u00e1s de 20 a\u00f1os, nuestra experiencia en an\u00e1lisis del aire ha convertido TERA Environnement en un laboratorio de confianza para satisfacer sus necesidades.<\/p>\n\t\t\t\t\t\t\t\t<\/div>\n\t\t\t\t<\/div>\n\t\t\t\t\t<\/div>\n\t\t\t\t<\/div>\n\t\t<div class=\"elementor-element elementor-element-5c99359 e-flex e-con-boxed e-con e-parent\" data-id=\"5c99359\" data-element_type=\"container\" data-e-type=\"container\">\n\t\t\t\t\t<div class=\"e-con-inner\">\n\t\t<div class=\"elementor-element elementor-element-a64a517 e-flex e-con-boxed e-con e-child\" data-id=\"a64a517\" data-element_type=\"container\" data-e-type=\"container\">\n\t\t\t\t\t<div class=\"e-con-inner\">\n\t\t\t\t<div class=\"elementor-element elementor-element-8d8e6ee buton elementor-widget elementor-widget-button\" data-id=\"8d8e6ee\" data-element_type=\"widget\" data-e-type=\"widget\" data-widget_type=\"button.default\">\n\t\t\t\t<div class=\"elementor-widget-container\">\n\t\t\t\t\t\t\t\t\t<div class=\"elementor-button-wrapper\">\n\t\t\t\t\t<a class=\"elementor-button elementor-button-link elementor-size-sm\" href=\"https:\/\/tera-environnement.com\/es\/analisis-de-aire\/aire-interior\/\">\n\t\t\t\t\t\t<span class=\"elementor-button-content-wrapper\">\n\t\t\t\t\t\t\t\t\t<span class=\"elementor-button-text\">An\u00e1lisis del aire<\/span>\n\t\t\t\t\t<\/span>\n\t\t\t\t\t<\/a>\n\t\t\t\t<\/div>\n\t\t\t\t\t\t\t\t<\/div>\n\t\t\t\t<\/div>\n\t\t\t\t<div class=\"elementor-element elementor-element-dad117e buton elementor-widget elementor-widget-button\" data-id=\"dad117e\" data-element_type=\"widget\" data-e-type=\"widget\" data-widget_type=\"button.default\">\n\t\t\t\t<div class=\"elementor-widget-container\">\n\t\t\t\t\t\t\t\t\t<div class=\"elementor-button-wrapper\">\n\t\t\t\t\t<a class=\"elementor-button elementor-button-link elementor-size-sm\" href=\"mailto:commercial@tera-environnement.com\">\n\t\t\t\t\t\t<span class=\"elementor-button-content-wrapper\">\n\t\t\t\t\t\t\t\t\t<span class=\"elementor-button-text\">Solicitar un presupuesto<\/span>\n\t\t\t\t\t<\/span>\n\t\t\t\t\t<\/a>\n\t\t\t\t<\/div>\n\t\t\t\t\t\t\t\t<\/div>\n\t\t\t\t<\/div>\n\t\t\t\t\t<\/div>\n\t\t\t\t<\/div>\n\t\t\t\t\t<\/div>\n\t\t\t\t<\/div>\n\t\t\t\t<div class=\"elementor-element elementor-element-310317a2 elementor-widget elementor-widget-spacer\" data-id=\"310317a2\" data-element_type=\"widget\" data-e-type=\"widget\" data-widget_type=\"spacer.default\">\n\t\t\t\t<div class=\"elementor-widget-container\">\n\t\t\t\t\t\t\t<div class=\"elementor-spacer\">\n\t\t\t<div class=\"elementor-spacer-inner\"><\/div>\n\t\t<\/div>\n\t\t\t\t\t\t<\/div>\n\t\t\t\t<\/div>\n\t\t\t\t\t<\/div>\n\t\t<\/div>\n\t\t\t\t\t<\/div>\n\t\t<\/section>\n\t\t\t\t<\/div>\n\t\t","protected":false},"excerpt":{"rendered":"<p>Como laboratorio l\u00edder en ofrecer an\u00e1lisis del aire desde hace m\u00e1s de 20 a\u00f1os, entendemos la importancia crucial de garantizar la calidad, la seguridad y la conformidad en diversos sectores. Nuestros servicios de an\u00e1lisis se adaptan para satisfacer las necesidades espec\u00edficas de nuestros clientes y, como ayuntamiento o entidad local, le apoyamos en su misi\u00f3n [&hellip;]<\/p>\n","protected":false},"author":2,"featured_media":0,"parent":7078,"menu_order":3,"comment_status":"closed","ping_status":"closed","template":"elementor_header_footer","meta":{"_acf_changed":false,"footnotes":""},"class_list":["post-7092","page","type-page","status-publish","hentry"],"acf":[],"yoast_head":"<!-- This site is optimized with the Yoast SEO plugin v27.4 - https:\/\/yoast.com\/product\/yoast-seo-wordpress\/ -->\n<title>An\u00e1lisis aire para ayuntamientos entidades locales<\/title>\n<meta name=\"description\" content=\"Nuestros servicios de an\u00e1lisis est\u00e1n dise\u00f1ados para satisfacer las necesidades de los ayuntamientos y las entidades locales, por lo que acompa\u00f1arte en tu trabajo.\" \/>\n<meta name=\"robots\" content=\"index, follow, max-snippet:-1, max-image-preview:large, max-video-preview:-1\" \/>\n<link rel=\"canonical\" href=\"https:\/\/tera-environnement.com\/es\/nuestros-clientes\/ayuntamiento-y-entidades-locales\/\" \/>\n<meta property=\"og:locale\" content=\"es_ES\" \/>\n<meta property=\"og:type\" content=\"article\" \/>\n<meta property=\"og:title\" content=\"An\u00e1lisis aire para ayuntamientos entidades locales\" \/>\n<meta property=\"og:description\" content=\"Nuestros servicios de an\u00e1lisis est\u00e1n dise\u00f1ados para satisfacer las necesidades de los ayuntamientos y las entidades locales, por lo que acompa\u00f1arte en tu trabajo.\" \/>\n<meta property=\"og:url\" content=\"https:\/\/tera-environnement.com\/es\/nuestros-clientes\/ayuntamiento-y-entidades-locales\/\" \/>\n<meta property=\"og:site_name\" content=\"TERA Environnement\" \/>\n<meta property=\"article:modified_time\" content=\"2024-10-09T14:18:53+00:00\" \/>\n<meta property=\"og:image\" content=\"https:\/\/tera-environnement.com\/wp-content\/uploads\/2023\/09\/fleche-grise.png\" \/>\n<meta name=\"twitter:card\" content=\"summary_large_image\" \/>\n<meta name=\"twitter:label1\" content=\"Tiempo de lectura\" \/>\n\t<meta name=\"twitter:data1\" content=\"2 minutos\" \/>\n<script type=\"application\/ld+json\" class=\"yoast-schema-graph\">{\"@context\":\"https:\\\/\\\/schema.org\",\"@graph\":[{\"@type\":\"WebPage\",\"@id\":\"https:\\\/\\\/tera-environnement.com\\\/es\\\/nuestros-clientes\\\/ayuntamiento-y-entidades-locales\\\/\",\"url\":\"https:\\\/\\\/tera-environnement.com\\\/es\\\/nuestros-clientes\\\/ayuntamiento-y-entidades-locales\\\/\",\"name\":\"An\u00e1lisis aire para ayuntamientos entidades locales\",\"isPartOf\":{\"@id\":\"https:\\\/\\\/tera-environnement.com\\\/#website\"},\"primaryImageOfPage\":{\"@id\":\"https:\\\/\\\/tera-environnement.com\\\/es\\\/nuestros-clientes\\\/ayuntamiento-y-entidades-locales\\\/#primaryimage\"},\"image\":{\"@id\":\"https:\\\/\\\/tera-environnement.com\\\/es\\\/nuestros-clientes\\\/ayuntamiento-y-entidades-locales\\\/#primaryimage\"},\"thumbnailUrl\":\"https:\\\/\\\/tera-environnement.com\\\/wp-content\\\/uploads\\\/2023\\\/09\\\/fleche-grise.png\",\"datePublished\":\"2023-11-20T10:20:10+00:00\",\"dateModified\":\"2024-10-09T14:18:53+00:00\",\"description\":\"Nuestros servicios de an\u00e1lisis est\u00e1n dise\u00f1ados para satisfacer las necesidades de los ayuntamientos y las entidades locales, por lo que acompa\u00f1arte en tu trabajo.\",\"breadcrumb\":{\"@id\":\"https:\\\/\\\/tera-environnement.com\\\/es\\\/nuestros-clientes\\\/ayuntamiento-y-entidades-locales\\\/#breadcrumb\"},\"inLanguage\":\"es\",\"potentialAction\":[{\"@type\":\"ReadAction\",\"target\":[\"https:\\\/\\\/tera-environnement.com\\\/es\\\/nuestros-clientes\\\/ayuntamiento-y-entidades-locales\\\/\"]}]},{\"@type\":\"ImageObject\",\"inLanguage\":\"es\",\"@id\":\"https:\\\/\\\/tera-environnement.com\\\/es\\\/nuestros-clientes\\\/ayuntamiento-y-entidades-locales\\\/#primaryimage\",\"url\":\"https:\\\/\\\/tera-environnement.com\\\/wp-content\\\/uploads\\\/2023\\\/09\\\/fleche-grise.png\",\"contentUrl\":\"https:\\\/\\\/tera-environnement.com\\\/wp-content\\\/uploads\\\/2023\\\/09\\\/fleche-grise.png\"},{\"@type\":\"BreadcrumbList\",\"@id\":\"https:\\\/\\\/tera-environnement.com\\\/es\\\/nuestros-clientes\\\/ayuntamiento-y-entidades-locales\\\/#breadcrumb\",\"itemListElement\":[{\"@type\":\"ListItem\",\"position\":1,\"name\":\"Home\",\"item\":\"https:\\\/\\\/tera-environnement.com\\\/es\\\/\"},{\"@type\":\"ListItem\",\"position\":2,\"name\":\"Nuestros clientes\",\"item\":\"https:\\\/\\\/tera-environnement.com\\\/es\\\/nuestros-clientes\\\/\"},{\"@type\":\"ListItem\",\"position\":3,\"name\":\"Ayuntamientos &#038; Entidades Locales\"}]},{\"@type\":\"WebSite\",\"@id\":\"https:\\\/\\\/tera-environnement.com\\\/#website\",\"url\":\"https:\\\/\\\/tera-environnement.com\\\/\",\"name\":\"TERA Environnement\",\"description\":\"Une soci\u00e9t\u00e9 du groupe tera\",\"publisher\":{\"@id\":\"https:\\\/\\\/tera-environnement.com\\\/#organization\"},\"potentialAction\":[{\"@type\":\"SearchAction\",\"target\":{\"@type\":\"EntryPoint\",\"urlTemplate\":\"https:\\\/\\\/tera-environnement.com\\\/?s={search_term_string}\"},\"query-input\":{\"@type\":\"PropertyValueSpecification\",\"valueRequired\":true,\"valueName\":\"search_term_string\"}}],\"inLanguage\":\"es\"},{\"@type\":\"Organization\",\"@id\":\"https:\\\/\\\/tera-environnement.com\\\/#organization\",\"name\":\"TERA Environnement\",\"url\":\"https:\\\/\\\/tera-environnement.com\\\/\",\"logo\":{\"@type\":\"ImageObject\",\"inLanguage\":\"es\",\"@id\":\"https:\\\/\\\/tera-environnement.com\\\/#\\\/schema\\\/logo\\\/image\\\/\",\"url\":\"https:\\\/\\\/tera-environnement.com\\\/wp-content\\\/uploads\\\/2023\\\/09\\\/Logotype_Tera_Sensor-seul_couleur-1.jpg\",\"contentUrl\":\"https:\\\/\\\/tera-environnement.com\\\/wp-content\\\/uploads\\\/2023\\\/09\\\/Logotype_Tera_Sensor-seul_couleur-1.jpg\",\"width\":125,\"height\":90,\"caption\":\"TERA Environnement\"},\"image\":{\"@id\":\"https:\\\/\\\/tera-environnement.com\\\/#\\\/schema\\\/logo\\\/image\\\/\"}}]}<\/script>\n<!-- \/ Yoast SEO plugin. -->","yoast_head_json":{"title":"An\u00e1lisis aire para ayuntamientos entidades locales","description":"Nuestros servicios de an\u00e1lisis est\u00e1n dise\u00f1ados para satisfacer las necesidades de los ayuntamientos y las entidades locales, por lo que acompa\u00f1arte en tu trabajo.","robots":{"index":"index","follow":"follow","max-snippet":"max-snippet:-1","max-image-preview":"max-image-preview:large","max-video-preview":"max-video-preview:-1"},"canonical":"https:\/\/tera-environnement.com\/es\/nuestros-clientes\/ayuntamiento-y-entidades-locales\/","og_locale":"es_ES","og_type":"article","og_title":"An\u00e1lisis aire para ayuntamientos entidades locales","og_description":"Nuestros servicios de an\u00e1lisis est\u00e1n dise\u00f1ados para satisfacer las necesidades de los ayuntamientos y las entidades locales, por lo que acompa\u00f1arte en tu trabajo.","og_url":"https:\/\/tera-environnement.com\/es\/nuestros-clientes\/ayuntamiento-y-entidades-locales\/","og_site_name":"TERA Environnement","article_modified_time":"2024-10-09T14:18:53+00:00","og_image":[{"url":"https:\/\/tera-environnement.com\/wp-content\/uploads\/2023\/09\/fleche-grise.png","type":"","width":"","height":""}],"twitter_card":"summary_large_image","twitter_misc":{"Tiempo de lectura":"2 minutos"},"schema":{"@context":"https:\/\/schema.org","@graph":[{"@type":"WebPage","@id":"https:\/\/tera-environnement.com\/es\/nuestros-clientes\/ayuntamiento-y-entidades-locales\/","url":"https:\/\/tera-environnement.com\/es\/nuestros-clientes\/ayuntamiento-y-entidades-locales\/","name":"An\u00e1lisis aire para ayuntamientos entidades locales","isPartOf":{"@id":"https:\/\/tera-environnement.com\/#website"},"primaryImageOfPage":{"@id":"https:\/\/tera-environnement.com\/es\/nuestros-clientes\/ayuntamiento-y-entidades-locales\/#primaryimage"},"image":{"@id":"https:\/\/tera-environnement.com\/es\/nuestros-clientes\/ayuntamiento-y-entidades-locales\/#primaryimage"},"thumbnailUrl":"https:\/\/tera-environnement.com\/wp-content\/uploads\/2023\/09\/fleche-grise.png","datePublished":"2023-11-20T10:20:10+00:00","dateModified":"2024-10-09T14:18:53+00:00","description":"Nuestros servicios de an\u00e1lisis est\u00e1n dise\u00f1ados para satisfacer las necesidades de los ayuntamientos y las entidades locales, por lo que acompa\u00f1arte en tu trabajo.","breadcrumb":{"@id":"https:\/\/tera-environnement.com\/es\/nuestros-clientes\/ayuntamiento-y-entidades-locales\/#breadcrumb"},"inLanguage":"es","potentialAction":[{"@type":"ReadAction","target":["https:\/\/tera-environnement.com\/es\/nuestros-clientes\/ayuntamiento-y-entidades-locales\/"]}]},{"@type":"ImageObject","inLanguage":"es","@id":"https:\/\/tera-environnement.com\/es\/nuestros-clientes\/ayuntamiento-y-entidades-locales\/#primaryimage","url":"https:\/\/tera-environnement.com\/wp-content\/uploads\/2023\/09\/fleche-grise.png","contentUrl":"https:\/\/tera-environnement.com\/wp-content\/uploads\/2023\/09\/fleche-grise.png"},{"@type":"BreadcrumbList","@id":"https:\/\/tera-environnement.com\/es\/nuestros-clientes\/ayuntamiento-y-entidades-locales\/#breadcrumb","itemListElement":[{"@type":"ListItem","position":1,"name":"Home","item":"https:\/\/tera-environnement.com\/es\/"},{"@type":"ListItem","position":2,"name":"Nuestros clientes","item":"https:\/\/tera-environnement.com\/es\/nuestros-clientes\/"},{"@type":"ListItem","position":3,"name":"Ayuntamientos &#038; Entidades Locales"}]},{"@type":"WebSite","@id":"https:\/\/tera-environnement.com\/#website","url":"https:\/\/tera-environnement.com\/","name":"TERA Environnement","description":"Une soci\u00e9t\u00e9 du groupe tera","publisher":{"@id":"https:\/\/tera-environnement.com\/#organization"},"potentialAction":[{"@type":"SearchAction","target":{"@type":"EntryPoint","urlTemplate":"https:\/\/tera-environnement.com\/?s={search_term_string}"},"query-input":{"@type":"PropertyValueSpecification","valueRequired":true,"valueName":"search_term_string"}}],"inLanguage":"es"},{"@type":"Organization","@id":"https:\/\/tera-environnement.com\/#organization","name":"TERA Environnement","url":"https:\/\/tera-environnement.com\/","logo":{"@type":"ImageObject","inLanguage":"es","@id":"https:\/\/tera-environnement.com\/#\/schema\/logo\/image\/","url":"https:\/\/tera-environnement.com\/wp-content\/uploads\/2023\/09\/Logotype_Tera_Sensor-seul_couleur-1.jpg","contentUrl":"https:\/\/tera-environnement.com\/wp-content\/uploads\/2023\/09\/Logotype_Tera_Sensor-seul_couleur-1.jpg","width":125,"height":90,"caption":"TERA Environnement"},"image":{"@id":"https:\/\/tera-environnement.com\/#\/schema\/logo\/image\/"}}]}},"_links":{"self":[{"href":"https:\/\/tera-environnement.com\/es\/wp-json\/wp\/v2\/pages\/7092","targetHints":{"allow":["GET"]}}],"collection":[{"href":"https:\/\/tera-environnement.com\/es\/wp-json\/wp\/v2\/pages"}],"about":[{"href":"https:\/\/tera-environnement.com\/es\/wp-json\/wp\/v2\/types\/page"}],"author":[{"embeddable":true,"href":"https:\/\/tera-environnement.com\/es\/wp-json\/wp\/v2\/users\/2"}],"replies":[{"embeddable":true,"href":"https:\/\/tera-environnement.com\/es\/wp-json\/wp\/v2\/comments?post=7092"}],"version-history":[{"count":25,"href":"https:\/\/tera-environnement.com\/es\/wp-json\/wp\/v2\/pages\/7092\/revisions"}],"predecessor-version":[{"id":11268,"href":"https:\/\/tera-environnement.com\/es\/wp-json\/wp\/v2\/pages\/7092\/revisions\/11268"}],"up":[{"embeddable":true,"href":"https:\/\/tera-environnement.com\/es\/wp-json\/wp\/v2\/pages\/7078"}],"wp:attachment":[{"href":"https:\/\/tera-environnement.com\/es\/wp-json\/wp\/v2\/media?parent=7092"}],"curies":[{"name":"wp","href":"https:\/\/api.w.org\/{rel}","templated":true}]}}