{"id":7095,"date":"2023-11-20T11:19:39","date_gmt":"2023-11-20T10:19:39","guid":{"rendered":"https:\/\/tera-environnement.com\/vous-etes\/bureau-de-controle\/"},"modified":"2025-03-14T16:20:17","modified_gmt":"2025-03-14T15:20:17","slug":"empresas-de-inspeccion-y-verificacion","status":"publish","type":"page","link":"https:\/\/tera-environnement.com\/es\/nuestros-clientes\/empresas-de-inspeccion-y-verificacion\/","title":{"rendered":"Empresas de inspecci\u00f3n y verificaci\u00f3n"},"content":{"rendered":"\t\t<div data-elementor-type=\"wp-page\" data-elementor-id=\"7095\" class=\"elementor elementor-7095 elementor-2011\" data-elementor-post-type=\"page\">\n\t\t\t\t\t\t<section class=\"elementor-section elementor-top-section elementor-element elementor-element-2c41f8e3 elementor-section-boxed elementor-section-height-default elementor-section-height-default\" data-id=\"2c41f8e3\" data-element_type=\"section\" data-e-type=\"section\">\n\t\t\t\t\t\t<div class=\"elementor-container elementor-column-gap-default\">\n\t\t\t\t\t<div class=\"elementor-column elementor-col-100 elementor-top-column elementor-element elementor-element-2d62efc0\" data-id=\"2d62efc0\" data-element_type=\"column\" data-e-type=\"column\">\n\t\t\t<div class=\"elementor-widget-wrap elementor-element-populated\">\n\t\t\t\t\t\t<div class=\"elementor-element elementor-element-69fd2384 elementor-widget elementor-widget-shortcode\" data-id=\"69fd2384\" data-element_type=\"widget\" data-e-type=\"widget\" data-widget_type=\"shortcode.default\">\n\t\t\t\t<div class=\"elementor-widget-container\">\n\t\t\t\t\t\t\t<div class=\"elementor-shortcode\"><ul id=\"breadcrumbs\"><li><a href=\"https:\/\/tera-environnement.com\/es\/\">Inicio<\/a><\/li><\/ul><\/div>\n\t\t\t\t\t\t<\/div>\n\t\t\t\t<\/div>\n\t\t\t\t<div class=\"elementor-element elementor-element-1778c731 elementor-widget__width-auto elementor-widget elementor-widget-image\" data-id=\"1778c731\" data-element_type=\"widget\" data-e-type=\"widget\" data-widget_type=\"image.default\">\n\t\t\t\t<div class=\"elementor-widget-container\">\n\t\t\t\t\t\t\t\t\t\t\t\t\t\t\t<img decoding=\"async\" width=\"68\" height=\"69\" src=\"https:\/\/tera-environnement.com\/wp-content\/uploads\/2023\/09\/fleche-grise.png\" class=\"attachment-large size-large wp-image-389\" alt=\"\" \/>\t\t\t\t\t\t\t\t\t\t\t\t\t\t\t<\/div>\n\t\t\t\t<\/div>\n\t\t\t\t<div class=\"elementor-element elementor-element-1ba491ed elementor-widget__width-auto elementor-widget elementor-widget-heading\" data-id=\"1ba491ed\" data-element_type=\"widget\" data-e-type=\"widget\" data-widget_type=\"heading.default\">\n\t\t\t\t<div class=\"elementor-widget-container\">\n\t\t\t\t\t<h1 class=\"elementor-heading-title elementor-size-default\">Empresas de inspecci\u00f3n y verificaci\u00f3n<\/h1>\t\t\t\t<\/div>\n\t\t\t\t<\/div>\n\t\t\t\t\t<\/div>\n\t\t<\/div>\n\t\t\t\t\t<\/div>\n\t\t<\/section>\n\t\t<div class=\"elementor-element elementor-element-14b15c1 e-flex e-con-boxed e-con e-parent\" data-id=\"14b15c1\" data-element_type=\"container\" data-e-type=\"container\">\n\t\t\t\t\t<div class=\"e-con-inner\">\n\t\t\t\t<div class=\"elementor-element elementor-element-aec5600 elementor-widget elementor-widget-spacer\" data-id=\"aec5600\" data-element_type=\"widget\" data-e-type=\"widget\" data-widget_type=\"spacer.default\">\n\t\t\t\t<div class=\"elementor-widget-container\">\n\t\t\t\t\t\t\t<div class=\"elementor-spacer\">\n\t\t\t<div class=\"elementor-spacer-inner\"><\/div>\n\t\t<\/div>\n\t\t\t\t\t\t<\/div>\n\t\t\t\t<\/div>\n\t\t\t\t\t<\/div>\n\t\t\t\t<\/div>\n\t\t<div class=\"elementor-element elementor-element-8abd5ef e-flex e-con-boxed e-con e-parent\" data-id=\"8abd5ef\" data-element_type=\"container\" data-e-type=\"container\">\n\t\t\t\t\t<div class=\"e-con-inner\">\n\t\t<div class=\"elementor-element elementor-element-c9268ab e-con-full e-flex e-con e-child\" data-id=\"c9268ab\" data-element_type=\"container\" data-e-type=\"container\">\n\t\t\t\t<div class=\"elementor-element elementor-element-d92cfde elementor-widget elementor-widget-image\" data-id=\"d92cfde\" data-element_type=\"widget\" data-e-type=\"widget\" data-widget_type=\"image.default\">\n\t\t\t\t<div class=\"elementor-widget-container\">\n\t\t\t\t\t\t\t\t\t\t\t\t\t\t\t<img fetchpriority=\"high\" decoding=\"async\" width=\"768\" height=\"508\" src=\"https:\/\/tera-environnement.com\/wp-content\/uploads\/2024\/03\/bureau-de-controle-1024x677-1-768x508.jpg\" class=\"attachment-medium_large size-medium_large wp-image-2626\" alt=\"\" srcset=\"https:\/\/tera-environnement.com\/wp-content\/uploads\/2024\/03\/bureau-de-controle-1024x677-1-768x508.jpg 768w, https:\/\/tera-environnement.com\/wp-content\/uploads\/2024\/03\/bureau-de-controle-1024x677-1-300x198.jpg 300w, https:\/\/tera-environnement.com\/wp-content\/uploads\/2024\/03\/bureau-de-controle-1024x677-1-600x397.jpg 600w, https:\/\/tera-environnement.com\/wp-content\/uploads\/2024\/03\/bureau-de-controle-1024x677-1.jpg 1024w\" sizes=\"(max-width: 768px) 100vw, 768px\" \/>\t\t\t\t\t\t\t\t\t\t\t\t\t\t\t<\/div>\n\t\t\t\t<\/div>\n\t\t\t\t<\/div>\n\t\t<div class=\"elementor-element elementor-element-1d9bcc0 e-con-full e-flex e-con e-child\" data-id=\"1d9bcc0\" data-element_type=\"container\" data-e-type=\"container\">\n\t\t\t\t<div class=\"elementor-element elementor-element-8df2dbb elementor-widget elementor-widget-text-editor\" data-id=\"8df2dbb\" data-element_type=\"widget\" data-e-type=\"widget\" data-widget_type=\"text-editor.default\">\n\t\t\t\t<div class=\"elementor-widget-container\">\n\t\t\t\t\t\t\t\t\t<p>Como laboratorio l\u00edder en ofrecer an\u00e1lisis del aire desde hace m\u00e1s de 20 a\u00f1os, entendemos la importancia crucial de garantizar la calidad, la seguridad y la conformidad en diversos sectores.<\/p>\n<p>Nuestros servicios de an\u00e1lisis se adaptan para satisfacer las necesidades espec\u00edficas de nuestros clientes y, como empresa de inspecci\u00f3n y verificaci\u00f3n, te ayudamos a comprobar la conformidad y la calidad de los procesos y las instalaciones.<\/p>\n<p>Nuestros an\u00e1lisis del aire te permite identificar elementos indeseables en distintos entornos (aire ambiente, aire interior, gases del suelo, aire de emisi\u00f3n e higiene ocupacional) y as\u00ed garantizar entornos seguros.<\/p>\n\t\t\t\t\t\t\t\t<\/div>\n\t\t\t\t<\/div>\n\t\t\t\t<\/div>\n\t\t<div class=\"elementor-element elementor-element-0b020db e-con-full e-flex e-con e-child\" data-id=\"0b020db\" data-element_type=\"container\" data-e-type=\"container\">\n\t\t\t\t<div class=\"elementor-element elementor-element-754ef0f elementor-widget elementor-widget-text-editor\" data-id=\"754ef0f\" data-element_type=\"widget\" data-e-type=\"widget\" data-widget_type=\"text-editor.default\">\n\t\t\t\t<div class=\"elementor-widget-container\">\n\t\t\t\t\t\t\t\t\t<p>Nuestro laboratorio dispone de una amplia gama de equipos y m\u00e9todos anal\u00edticos para proporcionar resultados precisos y pertinentes. Nuestro equipo altamente cualificado y nuestro laboratorio acreditado COFRAC ISO 17025 est\u00e1n a su servicio para satisfacer sus necesidades espec\u00edficas.<\/p>\n<p><span style=\"font-weight: bolder;\">No dudes en ponerte en contacto con nosotros para obtener un presupuesto personalizado y conocer nuestras ofertas adaptadas a tu sector de actividad.<\/span><\/p>\t\t\t\t\t\t\t\t<\/div>\n\t\t\t\t<\/div>\n\t\t\t\t<\/div>\n\t\t\t\t\t<\/div>\n\t\t\t\t<\/div>\n\t\t<div class=\"elementor-element elementor-element-b1dceab e-flex e-con-boxed e-con e-parent\" data-id=\"b1dceab\" data-element_type=\"container\" data-e-type=\"container\">\n\t\t\t\t\t<div class=\"e-con-inner\">\n\t\t\t\t<div class=\"elementor-element elementor-element-b80330a elementor-widget elementor-widget-image\" data-id=\"b80330a\" data-element_type=\"widget\" data-e-type=\"widget\" data-widget_type=\"image.default\">\n\t\t\t\t<div class=\"elementor-widget-container\">\n\t\t\t\t\t\t\t\t\t\t\t\t\t\t\t<img decoding=\"async\" width=\"300\" height=\"195\" src=\"https:\/\/tera-environnement.com\/wp-content\/uploads\/2024\/01\/ampoule-300x195.jpg\" class=\"attachment-medium size-medium wp-image-8330\" alt=\"\" srcset=\"https:\/\/tera-environnement.com\/wp-content\/uploads\/2024\/01\/ampoule-300x195.jpg 300w, https:\/\/tera-environnement.com\/wp-content\/uploads\/2024\/01\/ampoule.jpg 395w\" sizes=\"(max-width: 300px) 100vw, 300px\" \/>\t\t\t\t\t\t\t\t\t\t\t\t\t\t\t<\/div>\n\t\t\t\t<\/div>\n\t\t\t\t<div class=\"elementor-element elementor-element-edf8e3b elementor-widget elementor-widget-text-editor\" data-id=\"edf8e3b\" data-element_type=\"widget\" data-e-type=\"widget\" data-widget_type=\"text-editor.default\">\n\t\t\t\t<div class=\"elementor-widget-container\">\n\t\t\t\t\t\t\t\t\t<p>Desde hace m\u00e1s de 20 a\u00f1os, nuestra experiencia en an\u00e1lisis del aire ha convertido TERA Environnement en un laboratorio de confianza para satisfacer sus necesidades.<\/p>\n\t\t\t\t\t\t\t\t<\/div>\n\t\t\t\t<\/div>\n\t\t\t\t\t<\/div>\n\t\t\t\t<\/div>\n\t\t<div class=\"elementor-element elementor-element-5474c6d e-flex e-con-boxed e-con e-parent\" data-id=\"5474c6d\" data-element_type=\"container\" data-e-type=\"container\">\n\t\t\t\t\t<div class=\"e-con-inner\">\n\t\t<div class=\"elementor-element elementor-element-2bcb9b4 e-flex e-con-boxed e-con e-child\" data-id=\"2bcb9b4\" data-element_type=\"container\" data-e-type=\"container\">\n\t\t\t\t\t<div class=\"e-con-inner\">\n\t\t\t\t<div class=\"elementor-element elementor-element-a0dbc6a buton elementor-widget elementor-widget-button\" data-id=\"a0dbc6a\" data-element_type=\"widget\" data-e-type=\"widget\" data-widget_type=\"button.default\">\n\t\t\t\t<div class=\"elementor-widget-container\">\n\t\t\t\t\t\t\t\t\t<div class=\"elementor-button-wrapper\">\n\t\t\t\t\t<a class=\"elementor-button elementor-button-link elementor-size-sm\" href=\"https:\/\/tera-environnement.com\/es\/analisis-de-aire\/exposicion-profesional\/\">\n\t\t\t\t\t\t<span class=\"elementor-button-content-wrapper\">\n\t\t\t\t\t\t\t\t\t<span class=\"elementor-button-text\">An\u00e1lisis del aire<\/span>\n\t\t\t\t\t<\/span>\n\t\t\t\t\t<\/a>\n\t\t\t\t<\/div>\n\t\t\t\t\t\t\t\t<\/div>\n\t\t\t\t<\/div>\n\t\t\t\t<div class=\"elementor-element elementor-element-de572a5 buton elementor-widget elementor-widget-button\" data-id=\"de572a5\" data-element_type=\"widget\" data-e-type=\"widget\" data-widget_type=\"button.default\">\n\t\t\t\t<div class=\"elementor-widget-container\">\n\t\t\t\t\t\t\t\t\t<div class=\"elementor-button-wrapper\">\n\t\t\t\t\t<a class=\"elementor-button elementor-button-link elementor-size-sm\" href=\"mailto:commercial@tera-environnement.com\" target=\"_blank\" mailto=\"\">\n\t\t\t\t\t\t<span class=\"elementor-button-content-wrapper\">\n\t\t\t\t\t\t\t\t\t<span class=\"elementor-button-text\">Solicitar un presupuesto<\/span>\n\t\t\t\t\t<\/span>\n\t\t\t\t\t<\/a>\n\t\t\t\t<\/div>\n\t\t\t\t\t\t\t\t<\/div>\n\t\t\t\t<\/div>\n\t\t\t\t\t<\/div>\n\t\t\t\t<\/div>\n\t\t\t\t\t<\/div>\n\t\t\t\t<\/div>\n\t\t\t\t<section class=\"elementor-section elementor-top-section elementor-element elementor-element-3a867778 elementor-section-boxed elementor-section-height-default elementor-section-height-default\" data-id=\"3a867778\" data-element_type=\"section\" data-e-type=\"section\">\n\t\t\t\t\t\t<div class=\"elementor-container elementor-column-gap-default\">\n\t\t\t\t\t<div class=\"elementor-column elementor-col-100 elementor-top-column elementor-element elementor-element-4d2d11ac\" data-id=\"4d2d11ac\" data-element_type=\"column\" data-e-type=\"column\">\n\t\t\t<div class=\"elementor-widget-wrap elementor-element-populated\">\n\t\t\t\t\t\t<div class=\"elementor-element elementor-element-4e84f176 elementor-widget elementor-widget-spacer\" data-id=\"4e84f176\" data-element_type=\"widget\" data-e-type=\"widget\" data-widget_type=\"spacer.default\">\n\t\t\t\t<div class=\"elementor-widget-container\">\n\t\t\t\t\t\t\t<div class=\"elementor-spacer\">\n\t\t\t<div class=\"elementor-spacer-inner\"><\/div>\n\t\t<\/div>\n\t\t\t\t\t\t<\/div>\n\t\t\t\t<\/div>\n\t\t\t\t\t<\/div>\n\t\t<\/div>\n\t\t\t\t\t<\/div>\n\t\t<\/section>\n\t\t\t\t<\/div>\n\t\t","protected":false},"excerpt":{"rendered":"<p>Como laboratorio l\u00edder en ofrecer an\u00e1lisis del aire desde hace m\u00e1s de 20 a\u00f1os, entendemos la importancia crucial de garantizar la calidad, la seguridad y la conformidad en diversos sectores. Nuestros servicios de an\u00e1lisis se adaptan para satisfacer las necesidades espec\u00edficas de nuestros clientes y, como empresa de inspecci\u00f3n y verificaci\u00f3n, te ayudamos a comprobar [&hellip;]<\/p>\n","protected":false},"author":2,"featured_media":0,"parent":7078,"menu_order":2,"comment_status":"closed","ping_status":"closed","template":"elementor_header_footer","meta":{"_acf_changed":false,"footnotes":""},"class_list":["post-7095","page","type-page","status-publish","hentry"],"acf":[],"yoast_head":"<!-- This site is optimized with the Yoast SEO plugin v27.3 - https:\/\/yoast.com\/product\/yoast-seo-wordpress\/ -->\n<title>An\u00e1lisis del aire de las oficinas de control<\/title>\n<meta name=\"description\" content=\"En nuestro laboratorio disponemos de una amplia gama de equipos y m\u00e9todos anal\u00edticos para proporcionarte resultados precisos.\" \/>\n<meta name=\"robots\" content=\"index, follow, max-snippet:-1, max-image-preview:large, max-video-preview:-1\" \/>\n<link rel=\"canonical\" href=\"https:\/\/tera-environnement.com\/es\/nuestros-clientes\/empresas-de-inspeccion-y-verificacion\/\" \/>\n<meta property=\"og:locale\" content=\"es_ES\" \/>\n<meta property=\"og:type\" content=\"article\" \/>\n<meta property=\"og:title\" content=\"An\u00e1lisis del aire de las oficinas de control\" \/>\n<meta property=\"og:description\" content=\"En nuestro laboratorio disponemos de una amplia gama de equipos y m\u00e9todos anal\u00edticos para proporcionarte resultados precisos.\" \/>\n<meta property=\"og:url\" content=\"https:\/\/tera-environnement.com\/es\/nuestros-clientes\/empresas-de-inspeccion-y-verificacion\/\" \/>\n<meta property=\"og:site_name\" content=\"TERA Environnement\" \/>\n<meta property=\"article:modified_time\" content=\"2025-03-14T15:20:17+00:00\" \/>\n<meta property=\"og:image\" content=\"https:\/\/tera-environnement.com\/wp-content\/uploads\/2023\/09\/fleche-grise.png\" \/>\n\t<meta property=\"og:image:width\" content=\"68\" \/>\n\t<meta property=\"og:image:height\" content=\"69\" \/>\n\t<meta property=\"og:image:type\" content=\"image\/png\" \/>\n<meta name=\"twitter:card\" content=\"summary_large_image\" \/>\n<meta name=\"twitter:label1\" content=\"Tiempo de lectura\" \/>\n\t<meta name=\"twitter:data1\" content=\"2 minutos\" \/>\n<script type=\"application\/ld+json\" class=\"yoast-schema-graph\">{\"@context\":\"https:\\\/\\\/schema.org\",\"@graph\":[{\"@type\":\"WebPage\",\"@id\":\"https:\\\/\\\/tera-environnement.com\\\/es\\\/nuestros-clientes\\\/empresas-de-inspeccion-y-verificacion\\\/\",\"url\":\"https:\\\/\\\/tera-environnement.com\\\/es\\\/nuestros-clientes\\\/empresas-de-inspeccion-y-verificacion\\\/\",\"name\":\"An\u00e1lisis del aire de las oficinas de control\",\"isPartOf\":{\"@id\":\"https:\\\/\\\/tera-environnement.com\\\/#website\"},\"primaryImageOfPage\":{\"@id\":\"https:\\\/\\\/tera-environnement.com\\\/es\\\/nuestros-clientes\\\/empresas-de-inspeccion-y-verificacion\\\/#primaryimage\"},\"image\":{\"@id\":\"https:\\\/\\\/tera-environnement.com\\\/es\\\/nuestros-clientes\\\/empresas-de-inspeccion-y-verificacion\\\/#primaryimage\"},\"thumbnailUrl\":\"https:\\\/\\\/tera-environnement.com\\\/wp-content\\\/uploads\\\/2023\\\/09\\\/fleche-grise.png\",\"datePublished\":\"2023-11-20T10:19:39+00:00\",\"dateModified\":\"2025-03-14T15:20:17+00:00\",\"description\":\"En nuestro laboratorio disponemos de una amplia gama de equipos y m\u00e9todos anal\u00edticos para proporcionarte resultados precisos.\",\"breadcrumb\":{\"@id\":\"https:\\\/\\\/tera-environnement.com\\\/es\\\/nuestros-clientes\\\/empresas-de-inspeccion-y-verificacion\\\/#breadcrumb\"},\"inLanguage\":\"es\",\"potentialAction\":[{\"@type\":\"ReadAction\",\"target\":[\"https:\\\/\\\/tera-environnement.com\\\/es\\\/nuestros-clientes\\\/empresas-de-inspeccion-y-verificacion\\\/\"]}]},{\"@type\":\"ImageObject\",\"inLanguage\":\"es\",\"@id\":\"https:\\\/\\\/tera-environnement.com\\\/es\\\/nuestros-clientes\\\/empresas-de-inspeccion-y-verificacion\\\/#primaryimage\",\"url\":\"https:\\\/\\\/tera-environnement.com\\\/wp-content\\\/uploads\\\/2023\\\/09\\\/fleche-grise.png\",\"contentUrl\":\"https:\\\/\\\/tera-environnement.com\\\/wp-content\\\/uploads\\\/2023\\\/09\\\/fleche-grise.png\"},{\"@type\":\"BreadcrumbList\",\"@id\":\"https:\\\/\\\/tera-environnement.com\\\/es\\\/nuestros-clientes\\\/empresas-de-inspeccion-y-verificacion\\\/#breadcrumb\",\"itemListElement\":[{\"@type\":\"ListItem\",\"position\":1,\"name\":\"Home\",\"item\":\"https:\\\/\\\/tera-environnement.com\\\/es\\\/\"},{\"@type\":\"ListItem\",\"position\":2,\"name\":\"Nuestros clientes\",\"item\":\"https:\\\/\\\/tera-environnement.com\\\/es\\\/nuestros-clientes\\\/\"},{\"@type\":\"ListItem\",\"position\":3,\"name\":\"Empresas de inspecci\u00f3n y verificaci\u00f3n\"}]},{\"@type\":\"WebSite\",\"@id\":\"https:\\\/\\\/tera-environnement.com\\\/#website\",\"url\":\"https:\\\/\\\/tera-environnement.com\\\/\",\"name\":\"TERA Environnement\",\"description\":\"Une soci\u00e9t\u00e9 du groupe tera\",\"publisher\":{\"@id\":\"https:\\\/\\\/tera-environnement.com\\\/#organization\"},\"potentialAction\":[{\"@type\":\"SearchAction\",\"target\":{\"@type\":\"EntryPoint\",\"urlTemplate\":\"https:\\\/\\\/tera-environnement.com\\\/?s={search_term_string}\"},\"query-input\":{\"@type\":\"PropertyValueSpecification\",\"valueRequired\":true,\"valueName\":\"search_term_string\"}}],\"inLanguage\":\"es\"},{\"@type\":\"Organization\",\"@id\":\"https:\\\/\\\/tera-environnement.com\\\/#organization\",\"name\":\"TERA Environnement\",\"url\":\"https:\\\/\\\/tera-environnement.com\\\/\",\"logo\":{\"@type\":\"ImageObject\",\"inLanguage\":\"es\",\"@id\":\"https:\\\/\\\/tera-environnement.com\\\/#\\\/schema\\\/logo\\\/image\\\/\",\"url\":\"https:\\\/\\\/tera-environnement.com\\\/wp-content\\\/uploads\\\/2023\\\/09\\\/Logotype_Tera_Sensor-seul_couleur-1.jpg\",\"contentUrl\":\"https:\\\/\\\/tera-environnement.com\\\/wp-content\\\/uploads\\\/2023\\\/09\\\/Logotype_Tera_Sensor-seul_couleur-1.jpg\",\"width\":125,\"height\":90,\"caption\":\"TERA Environnement\"},\"image\":{\"@id\":\"https:\\\/\\\/tera-environnement.com\\\/#\\\/schema\\\/logo\\\/image\\\/\"}}]}<\/script>\n<!-- \/ Yoast SEO plugin. -->","yoast_head_json":{"title":"An\u00e1lisis del aire de las oficinas de control","description":"En nuestro laboratorio disponemos de una amplia gama de equipos y m\u00e9todos anal\u00edticos para proporcionarte resultados precisos.","robots":{"index":"index","follow":"follow","max-snippet":"max-snippet:-1","max-image-preview":"max-image-preview:large","max-video-preview":"max-video-preview:-1"},"canonical":"https:\/\/tera-environnement.com\/es\/nuestros-clientes\/empresas-de-inspeccion-y-verificacion\/","og_locale":"es_ES","og_type":"article","og_title":"An\u00e1lisis del aire de las oficinas de control","og_description":"En nuestro laboratorio disponemos de una amplia gama de equipos y m\u00e9todos anal\u00edticos para proporcionarte resultados precisos.","og_url":"https:\/\/tera-environnement.com\/es\/nuestros-clientes\/empresas-de-inspeccion-y-verificacion\/","og_site_name":"TERA Environnement","article_modified_time":"2025-03-14T15:20:17+00:00","og_image":[{"width":68,"height":69,"url":"https:\/\/tera-environnement.com\/wp-content\/uploads\/2023\/09\/fleche-grise.png","type":"image\/png"}],"twitter_card":"summary_large_image","twitter_misc":{"Tiempo de lectura":"2 minutos"},"schema":{"@context":"https:\/\/schema.org","@graph":[{"@type":"WebPage","@id":"https:\/\/tera-environnement.com\/es\/nuestros-clientes\/empresas-de-inspeccion-y-verificacion\/","url":"https:\/\/tera-environnement.com\/es\/nuestros-clientes\/empresas-de-inspeccion-y-verificacion\/","name":"An\u00e1lisis del aire de las oficinas de control","isPartOf":{"@id":"https:\/\/tera-environnement.com\/#website"},"primaryImageOfPage":{"@id":"https:\/\/tera-environnement.com\/es\/nuestros-clientes\/empresas-de-inspeccion-y-verificacion\/#primaryimage"},"image":{"@id":"https:\/\/tera-environnement.com\/es\/nuestros-clientes\/empresas-de-inspeccion-y-verificacion\/#primaryimage"},"thumbnailUrl":"https:\/\/tera-environnement.com\/wp-content\/uploads\/2023\/09\/fleche-grise.png","datePublished":"2023-11-20T10:19:39+00:00","dateModified":"2025-03-14T15:20:17+00:00","description":"En nuestro laboratorio disponemos de una amplia gama de equipos y m\u00e9todos anal\u00edticos para proporcionarte resultados precisos.","breadcrumb":{"@id":"https:\/\/tera-environnement.com\/es\/nuestros-clientes\/empresas-de-inspeccion-y-verificacion\/#breadcrumb"},"inLanguage":"es","potentialAction":[{"@type":"ReadAction","target":["https:\/\/tera-environnement.com\/es\/nuestros-clientes\/empresas-de-inspeccion-y-verificacion\/"]}]},{"@type":"ImageObject","inLanguage":"es","@id":"https:\/\/tera-environnement.com\/es\/nuestros-clientes\/empresas-de-inspeccion-y-verificacion\/#primaryimage","url":"https:\/\/tera-environnement.com\/wp-content\/uploads\/2023\/09\/fleche-grise.png","contentUrl":"https:\/\/tera-environnement.com\/wp-content\/uploads\/2023\/09\/fleche-grise.png"},{"@type":"BreadcrumbList","@id":"https:\/\/tera-environnement.com\/es\/nuestros-clientes\/empresas-de-inspeccion-y-verificacion\/#breadcrumb","itemListElement":[{"@type":"ListItem","position":1,"name":"Home","item":"https:\/\/tera-environnement.com\/es\/"},{"@type":"ListItem","position":2,"name":"Nuestros clientes","item":"https:\/\/tera-environnement.com\/es\/nuestros-clientes\/"},{"@type":"ListItem","position":3,"name":"Empresas de inspecci\u00f3n y verificaci\u00f3n"}]},{"@type":"WebSite","@id":"https:\/\/tera-environnement.com\/#website","url":"https:\/\/tera-environnement.com\/","name":"TERA Environnement","description":"Une soci\u00e9t\u00e9 du groupe tera","publisher":{"@id":"https:\/\/tera-environnement.com\/#organization"},"potentialAction":[{"@type":"SearchAction","target":{"@type":"EntryPoint","urlTemplate":"https:\/\/tera-environnement.com\/?s={search_term_string}"},"query-input":{"@type":"PropertyValueSpecification","valueRequired":true,"valueName":"search_term_string"}}],"inLanguage":"es"},{"@type":"Organization","@id":"https:\/\/tera-environnement.com\/#organization","name":"TERA Environnement","url":"https:\/\/tera-environnement.com\/","logo":{"@type":"ImageObject","inLanguage":"es","@id":"https:\/\/tera-environnement.com\/#\/schema\/logo\/image\/","url":"https:\/\/tera-environnement.com\/wp-content\/uploads\/2023\/09\/Logotype_Tera_Sensor-seul_couleur-1.jpg","contentUrl":"https:\/\/tera-environnement.com\/wp-content\/uploads\/2023\/09\/Logotype_Tera_Sensor-seul_couleur-1.jpg","width":125,"height":90,"caption":"TERA Environnement"},"image":{"@id":"https:\/\/tera-environnement.com\/#\/schema\/logo\/image\/"}}]}},"_links":{"self":[{"href":"https:\/\/tera-environnement.com\/es\/wp-json\/wp\/v2\/pages\/7095","targetHints":{"allow":["GET"]}}],"collection":[{"href":"https:\/\/tera-environnement.com\/es\/wp-json\/wp\/v2\/pages"}],"about":[{"href":"https:\/\/tera-environnement.com\/es\/wp-json\/wp\/v2\/types\/page"}],"author":[{"embeddable":true,"href":"https:\/\/tera-environnement.com\/es\/wp-json\/wp\/v2\/users\/2"}],"replies":[{"embeddable":true,"href":"https:\/\/tera-environnement.com\/es\/wp-json\/wp\/v2\/comments?post=7095"}],"version-history":[{"count":33,"href":"https:\/\/tera-environnement.com\/es\/wp-json\/wp\/v2\/pages\/7095\/revisions"}],"predecessor-version":[{"id":14546,"href":"https:\/\/tera-environnement.com\/es\/wp-json\/wp\/v2\/pages\/7095\/revisions\/14546"}],"up":[{"embeddable":true,"href":"https:\/\/tera-environnement.com\/es\/wp-json\/wp\/v2\/pages\/7078"}],"wp:attachment":[{"href":"https:\/\/tera-environnement.com\/es\/wp-json\/wp\/v2\/media?parent=7095"}],"curies":[{"name":"wp","href":"https:\/\/api.w.org\/{rel}","templated":true}]}}