{"id":7107,"date":"2023-10-30T16:28:04","date_gmt":"2023-10-30T15:28:04","guid":{"rendered":"https:\/\/tera-environnement.com\/mentions-legales\/"},"modified":"2025-05-05T11:45:59","modified_gmt":"2025-05-05T09:45:59","slug":"notas-legales","status":"publish","type":"page","link":"https:\/\/tera-environnement.com\/es\/notas-legales\/","title":{"rendered":"Informaci\u00f3n legal"},"content":{"rendered":"<p>&nbsp;<\/p>\n<p><strong>DATOS DE CONTACTO DE LA EDITORIAL<\/strong><\/p>\n<p>El sitio web www.tera-environnement.com (en lo sucesivo, \u00abel sitio\u00bb) es propiedad de la S.A.S TERA ENVIRONNEMENT TECHNOLOGIES EXPERTISES RECHERCHES ANALYTIQUES EN ENVIRONNEMENT (en lo sucesivo, \u00abTERA ENVIRONNEMENT\u00bb), con un capital social de 532.000,00 euros, inscrita en el Registro Mercantil de Grenoble con el n\u00famero 438 590 390, con domicilio social en 628 Rue Charles de Gaulle, 38920 Crolles, que act\u00faa en la persona de sus representantes legales.<\/p>\n<p>Direcci\u00f3n postal: 628 Rue Charles de Gaulle, 38920 Crolles, FRANCIA<\/p>\n<p>Correo electr\u00f3nico: S\u00f3lo para usuarios registrados<\/p>\n<p>Tel\u00e9fono: S\u00f3lo para usuarios registrados<\/p>\n<p>&nbsp;<\/p>\n<p><strong>DIRECTOR DE LA PUBLICACI\u00d3N<\/strong><\/p>\n<p>El director de la publicaci\u00f3n es Pascal KALUZNY, CEO<\/p>\n<p>&nbsp;<\/p>\n<p><strong>DATOS DEL ANFITRI\u00d3N<\/strong><\/p>\n<p>El proveedor de alojamiento es :<\/p>\n<p>ALWAYSDATA<\/p>\n<p>62 rue Tiquetonne<\/p>\n<p>75002 Par\u00eds<\/p>\n<p>FRANCIA<\/p>\n<p>Tel\u00e9fono: +331 84 16 23 40<\/p>\n<p>&nbsp;<\/p>\n<p><strong>DISE\u00d1O GR\u00c1FICO Y ERGON\u00d3MICO<\/strong><\/p>\n<p>El Sitio fue dise\u00f1ado y producido por :<\/p>\n<p>e-socio<\/p>\n<p><a href=\"https:\/\/agence-web-aix-en-provence.fr\/\" target=\"_blank\" rel=\"noopener\">Agencia web aix-en-provence<\/a><\/p>\n<p>Bat A4 Europarc Pichaury,<br \/>\n1330 Rue JRGG de la Lauzi\u00e8re<\/p>\n<p>Les Milles<\/p>\n<p>13290 Aix-en-Provence<\/p>\n<p>FRANCIA<\/p>\n<p>Tel : +334 86 87 03 09<\/p>\n<p>Fax: +334 86 87 03 02<\/p>\n<p>Env\u00eda un correo electr\u00f3nico <a href=\"mailto:contact@e-partenaire.fr\">a contact@e-partenaire.fr <\/a><\/p>\n<p>&nbsp;<\/p>\n<p><strong>AVISO LEGAL DEL EDITOR DEL SITIO (E-PARTENAIRE)<\/strong><\/p>\n<h5 class=\"small-h2\">1. Ley de Protecci\u00f3n de Datos<\/h5>\n<p>El sitio est\u00e1 registrado en la CNIL: n\u00ba de registro CNIL 1144763<\/p>\n<p>Responsable de la base de datos: Emmanuelle Barreyre<\/p>\n<p>e-partenaire dispone de recursos inform\u00e1ticos dise\u00f1ados para facilitar la gesti\u00f3n de las inscripciones en l\u00ednea para recibir el bolet\u00edn electr\u00f3nico.<\/p>\n<p>La informaci\u00f3n registrada est\u00e1 reservada al uso de los servicios de e-partenaire y no podr\u00e1 ser comunicada a otros destinatarios.<\/p>\n<p>De conformidad con los art\u00edculos 39 y siguientes de la Ley francesa n\u00ba 78-17, de 6 de enero de 1978, relativa a la inform\u00e1tica, los archivos y las libertades, cualquier persona puede obtener la comunicaci\u00f3n y, en su caso, la rectificaci\u00f3n o supresi\u00f3n de los datos que le conciernan, dirigi\u00e9ndose a E-partenaire<a class=\"color-red\" href=\"mailto:contact@e-partenaire.fr\">(contact@e-partenaire.fr)<\/a>. Cualquier persona puede tambi\u00e9n, por motivos leg\u00edtimos, oponerse al tratamiento de los datos que le conciernan.<\/p>\n<h5 class=\"small-h2\">2. Protecci\u00f3n de la propiedad intelectual<\/h5>\n<p>Este sitio es publicado por e-partenaire (\u00abel editor\u00bb), que posee los derechos sobre los elementos contenidos en el sitio. Por contenido del sitio web se entiende la estructura general, el texto, las im\u00e1genes, animadas o no, y los sonidos de los que se compone el sitio. Cualquier representaci\u00f3n o reproducci\u00f3n total o parcial sin el consentimiento de e-partenaire es ilegal. Esta representaci\u00f3n o reproducci\u00f3n, por cualquier medio, constituir\u00eda una infracci\u00f3n sancionada por las leyes sobre la propiedad intelectual. E-partenaire tiene la intenci\u00f3n de aplicar a su favor todas las disposiciones del C\u00f3digo de la Propiedad Intelectual, incluidos los Art\u00edculos L 342-1 y L342-2 de dicho c\u00f3digo.<\/p>\n<h5 class=\"small-h2\">3. Autorizaci\u00f3n para reproducir el contenido del sitio<\/h5>\n<p>De acuerdo con el C\u00f3digo de la Propiedad Intelectual franc\u00e9s, est\u00e1n autorizadas las \u00abcopias o reproducciones estrictamente reservadas al uso privado del copista y no destinadas a un uso colectivo\u00bb y las \u00abrepresentaciones privadas y libres realizadas exclusivamente en el seno de un c\u00edrculo familiar\u00bb.<\/p>\n<p>En consecuencia, sin la autorizaci\u00f3n previa por escrito de e-partenaire, queda prohibido cualquier uso comercial o de otro tipo, as\u00ed como la transmisi\u00f3n de uno o varios elementos que componen este sitio, pero tambi\u00e9n la modificaci\u00f3n, redistribuci\u00f3n, traducci\u00f3n, venta, explotaci\u00f3n, reutilizaci\u00f3n o presentaci\u00f3n de cualquiera de los elementos que componen este sitio (en particular, los textos, im\u00e1genes e ilustraciones, secuencias sonoras o animadas presentes o futuras).<\/p>\n<h5 class=\"small-h2\">4. Informaci\u00f3n contenida en el sitio<\/h5>\n<p>La informaci\u00f3n de este sitio no es exhaustiva, se facilita a t\u00edtulo informativo y es susceptible de cambiar posteriormente. Por ello, e-partenaire no se hace responsable en modo alguno.<\/p>\n<h5 class=\"small-h2\">5. Enlaces de hipertexto<\/h5>\n<p>El establecimiento de enlaces de hipertexto por parte de terceros hacia p\u00e1ginas o documentos difundidos por el servicio, que puedan constituir de hecho una infracci\u00f3n de los derechos de autor, un acto de parasitismo o una difamaci\u00f3n, deber\u00e1 ser objeto de una autorizaci\u00f3n que podr\u00e1 solicitarse directamente a e-partenaire.<\/p>\n<p>La autorizaci\u00f3n correspondiente se conceder\u00e1 si los enlaces no contravienen los intereses del servicio y si garantizan la posibilidad de que el usuario identifique el origen del documento, especialmente en el caso de enlaces profundos de hipertexto, framing o inserci\u00f3n mediante enlaces. Adem\u00e1s, e-partenaire no podr\u00e1 ser considerado responsable de los contenidos o servicios ofrecidos por los sitios que hagan un enlace o referencia no autorizados formalmente al sitio e-partenaire.<\/p>\n<p>&nbsp;<\/p>\n","protected":false},"excerpt":{"rendered":"<p>&nbsp; DATOS DE CONTACTO DE LA EDITORIAL El sitio web www.tera-environnement.com (en lo sucesivo, \u00abel sitio\u00bb) es propiedad de la S.A.S TERA ENVIRONNEMENT TECHNOLOGIES EXPERTISES RECHERCHES ANALYTIQUES EN ENVIRONNEMENT (en lo sucesivo, \u00abTERA ENVIRONNEMENT\u00bb), con un capital social de 532.000,00 euros, inscrita en el Registro Mercantil de Grenoble con el n\u00famero 438 590 390, con [&hellip;]<\/p>\n","protected":false},"author":8,"featured_media":0,"parent":0,"menu_order":0,"comment_status":"closed","ping_status":"closed","template":"","meta":{"_acf_changed":false,"footnotes":""},"class_list":["post-7107","page","type-page","status-publish","hentry"],"acf":[],"yoast_head":"<!-- This site is optimized with the Yoast SEO plugin v27.3 - https:\/\/yoast.com\/product\/yoast-seo-wordpress\/ -->\n<title>Informaci\u00f3n legal y aviso legal<\/title>\n<meta name=\"description\" content=\"Descubre el aviso legal de Tera Environnement para obtener informaci\u00f3n sobre nuestra empresa y nuestro cumplimiento legal.\" \/>\n<meta name=\"robots\" content=\"noindex, nofollow\" \/>\n<meta property=\"og:locale\" content=\"es_ES\" \/>\n<meta property=\"og:type\" content=\"article\" \/>\n<meta property=\"og:title\" content=\"Informaci\u00f3n legal y aviso legal\" \/>\n<meta property=\"og:description\" content=\"Descubre el aviso legal de Tera Environnement para obtener informaci\u00f3n sobre nuestra empresa y nuestro cumplimiento legal.\" \/>\n<meta property=\"og:url\" content=\"https:\/\/tera-environnement.com\/es\/notas-legales\/\" \/>\n<meta property=\"og:site_name\" content=\"TERA Environnement\" \/>\n<meta property=\"article:modified_time\" content=\"2025-05-05T09:45:59+00:00\" \/>\n<meta name=\"twitter:card\" content=\"summary_large_image\" \/>\n<meta name=\"twitter:label1\" content=\"Tiempo de lectura\" \/>\n\t<meta name=\"twitter:data1\" content=\"4 minutos\" \/>\n<script type=\"application\/ld+json\" class=\"yoast-schema-graph\">{\"@context\":\"https:\\\/\\\/schema.org\",\"@graph\":[{\"@type\":\"WebPage\",\"@id\":\"https:\\\/\\\/tera-environnement.com\\\/es\\\/notas-legales\\\/\",\"url\":\"https:\\\/\\\/tera-environnement.com\\\/es\\\/notas-legales\\\/\",\"name\":\"Informaci\u00f3n legal y aviso legal\",\"isPartOf\":{\"@id\":\"https:\\\/\\\/tera-environnement.com\\\/#website\"},\"datePublished\":\"2023-10-30T15:28:04+00:00\",\"dateModified\":\"2025-05-05T09:45:59+00:00\",\"description\":\"Descubre el aviso legal de Tera Environnement para obtener informaci\u00f3n sobre nuestra empresa y nuestro cumplimiento legal.\",\"breadcrumb\":{\"@id\":\"https:\\\/\\\/tera-environnement.com\\\/es\\\/notas-legales\\\/#breadcrumb\"},\"inLanguage\":\"es\",\"potentialAction\":[{\"@type\":\"ReadAction\",\"target\":[\"https:\\\/\\\/tera-environnement.com\\\/es\\\/notas-legales\\\/\"]}]},{\"@type\":\"BreadcrumbList\",\"@id\":\"https:\\\/\\\/tera-environnement.com\\\/es\\\/notas-legales\\\/#breadcrumb\",\"itemListElement\":[{\"@type\":\"ListItem\",\"position\":1,\"name\":\"Home\",\"item\":\"https:\\\/\\\/tera-environnement.com\\\/es\\\/\"},{\"@type\":\"ListItem\",\"position\":2,\"name\":\"Informaci\u00f3n legal\"}]},{\"@type\":\"WebSite\",\"@id\":\"https:\\\/\\\/tera-environnement.com\\\/#website\",\"url\":\"https:\\\/\\\/tera-environnement.com\\\/\",\"name\":\"TERA Environnement\",\"description\":\"Une soci\u00e9t\u00e9 du groupe tera\",\"publisher\":{\"@id\":\"https:\\\/\\\/tera-environnement.com\\\/#organization\"},\"potentialAction\":[{\"@type\":\"SearchAction\",\"target\":{\"@type\":\"EntryPoint\",\"urlTemplate\":\"https:\\\/\\\/tera-environnement.com\\\/?s={search_term_string}\"},\"query-input\":{\"@type\":\"PropertyValueSpecification\",\"valueRequired\":true,\"valueName\":\"search_term_string\"}}],\"inLanguage\":\"es\"},{\"@type\":\"Organization\",\"@id\":\"https:\\\/\\\/tera-environnement.com\\\/#organization\",\"name\":\"TERA Environnement\",\"url\":\"https:\\\/\\\/tera-environnement.com\\\/\",\"logo\":{\"@type\":\"ImageObject\",\"inLanguage\":\"es\",\"@id\":\"https:\\\/\\\/tera-environnement.com\\\/#\\\/schema\\\/logo\\\/image\\\/\",\"url\":\"https:\\\/\\\/tera-environnement.com\\\/wp-content\\\/uploads\\\/2023\\\/09\\\/Logotype_Tera_Sensor-seul_couleur-1.jpg\",\"contentUrl\":\"https:\\\/\\\/tera-environnement.com\\\/wp-content\\\/uploads\\\/2023\\\/09\\\/Logotype_Tera_Sensor-seul_couleur-1.jpg\",\"width\":125,\"height\":90,\"caption\":\"TERA Environnement\"},\"image\":{\"@id\":\"https:\\\/\\\/tera-environnement.com\\\/#\\\/schema\\\/logo\\\/image\\\/\"}}]}<\/script>\n<!-- \/ Yoast SEO plugin. -->","yoast_head_json":{"title":"Informaci\u00f3n legal y aviso legal","description":"Descubre el aviso legal de Tera Environnement para obtener informaci\u00f3n sobre nuestra empresa y nuestro cumplimiento legal.","robots":{"index":"noindex","follow":"nofollow"},"og_locale":"es_ES","og_type":"article","og_title":"Informaci\u00f3n legal y aviso legal","og_description":"Descubre el aviso legal de Tera Environnement para obtener informaci\u00f3n sobre nuestra empresa y nuestro cumplimiento legal.","og_url":"https:\/\/tera-environnement.com\/es\/notas-legales\/","og_site_name":"TERA Environnement","article_modified_time":"2025-05-05T09:45:59+00:00","twitter_card":"summary_large_image","twitter_misc":{"Tiempo de lectura":"4 minutos"},"schema":{"@context":"https:\/\/schema.org","@graph":[{"@type":"WebPage","@id":"https:\/\/tera-environnement.com\/es\/notas-legales\/","url":"https:\/\/tera-environnement.com\/es\/notas-legales\/","name":"Informaci\u00f3n legal y aviso legal","isPartOf":{"@id":"https:\/\/tera-environnement.com\/#website"},"datePublished":"2023-10-30T15:28:04+00:00","dateModified":"2025-05-05T09:45:59+00:00","description":"Descubre el aviso legal de Tera Environnement para obtener informaci\u00f3n sobre nuestra empresa y nuestro cumplimiento legal.","breadcrumb":{"@id":"https:\/\/tera-environnement.com\/es\/notas-legales\/#breadcrumb"},"inLanguage":"es","potentialAction":[{"@type":"ReadAction","target":["https:\/\/tera-environnement.com\/es\/notas-legales\/"]}]},{"@type":"BreadcrumbList","@id":"https:\/\/tera-environnement.com\/es\/notas-legales\/#breadcrumb","itemListElement":[{"@type":"ListItem","position":1,"name":"Home","item":"https:\/\/tera-environnement.com\/es\/"},{"@type":"ListItem","position":2,"name":"Informaci\u00f3n legal"}]},{"@type":"WebSite","@id":"https:\/\/tera-environnement.com\/#website","url":"https:\/\/tera-environnement.com\/","name":"TERA Environnement","description":"Une soci\u00e9t\u00e9 du groupe tera","publisher":{"@id":"https:\/\/tera-environnement.com\/#organization"},"potentialAction":[{"@type":"SearchAction","target":{"@type":"EntryPoint","urlTemplate":"https:\/\/tera-environnement.com\/?s={search_term_string}"},"query-input":{"@type":"PropertyValueSpecification","valueRequired":true,"valueName":"search_term_string"}}],"inLanguage":"es"},{"@type":"Organization","@id":"https:\/\/tera-environnement.com\/#organization","name":"TERA Environnement","url":"https:\/\/tera-environnement.com\/","logo":{"@type":"ImageObject","inLanguage":"es","@id":"https:\/\/tera-environnement.com\/#\/schema\/logo\/image\/","url":"https:\/\/tera-environnement.com\/wp-content\/uploads\/2023\/09\/Logotype_Tera_Sensor-seul_couleur-1.jpg","contentUrl":"https:\/\/tera-environnement.com\/wp-content\/uploads\/2023\/09\/Logotype_Tera_Sensor-seul_couleur-1.jpg","width":125,"height":90,"caption":"TERA Environnement"},"image":{"@id":"https:\/\/tera-environnement.com\/#\/schema\/logo\/image\/"}}]}},"_links":{"self":[{"href":"https:\/\/tera-environnement.com\/es\/wp-json\/wp\/v2\/pages\/7107","targetHints":{"allow":["GET"]}}],"collection":[{"href":"https:\/\/tera-environnement.com\/es\/wp-json\/wp\/v2\/pages"}],"about":[{"href":"https:\/\/tera-environnement.com\/es\/wp-json\/wp\/v2\/types\/page"}],"author":[{"embeddable":true,"href":"https:\/\/tera-environnement.com\/es\/wp-json\/wp\/v2\/users\/8"}],"replies":[{"embeddable":true,"href":"https:\/\/tera-environnement.com\/es\/wp-json\/wp\/v2\/comments?post=7107"}],"version-history":[{"count":4,"href":"https:\/\/tera-environnement.com\/es\/wp-json\/wp\/v2\/pages\/7107\/revisions"}],"predecessor-version":[{"id":15620,"href":"https:\/\/tera-environnement.com\/es\/wp-json\/wp\/v2\/pages\/7107\/revisions\/15620"}],"wp:attachment":[{"href":"https:\/\/tera-environnement.com\/es\/wp-json\/wp\/v2\/media?parent=7107"}],"curies":[{"name":"wp","href":"https:\/\/api.w.org\/{rel}","templated":true}]}}